{"id":9572,"date":"2025-05-25T17:13:28","date_gmt":"2025-05-25T15:13:28","guid":{"rendered":"https:\/\/lovebiowines.com\/?post_type=product&#038;p=9572"},"modified":"2025-05-25T17:25:08","modified_gmt":"2025-05-25T15:25:08","slug":"villa-sardini-le-galline-bio-ciliegiolo-copia-2","status":"publish","type":"product","link":"https:\/\/lovebiowines.com\/fr\/produit\/villa-sardini-le-galline-bio-ciliegiolo-copia-2\/","title":{"rendered":"Villa Sardini \u2013 Le Galline! Bio &#8211; Ciliegiolo (Copia)"},"content":{"rendered":"<h6>LE GALLINE!<\/h6>\n<h6 class=\"cvGsUA direction-ltr align-justify para-style-body\"><span class=\"OYPEnA text-decoration-none text-strikethrough-none\">APPELLATION: IGT Toscana Rosso<\/span><\/h6>\n<h6 class=\"cvGsUA direction-ltr align-justify para-style-body\"><span class=\"OYPEnA text-decoration-none text-strikethrough-none\">Zones de production : Toscane &#8211; Lucques<\/span><\/h6>\n<h6 class=\"cvGsUA direction-ltr align-justify para-style-body\"><span class=\"OYPEnA text-decoration-none text-strikethrough-none\">C\u00c9PAGE : <\/span><span class=\"OYPEnA text-decoration-none text-strikethrough-none\">100% Ciliegiolo<\/span><\/h6>\n<h6 class=\"cvGsUA direction-ltr align-justify para-style-body\"><span class=\"OYPEnA text-decoration-none text-strikethrough-none\">TYPE DE PRODUCTION :<\/span> <span class=\"OYPEnA text-decoration-none text-strikethrough-none\">Certifi\u00e9 Biologique<\/span><\/h6>\n<h6 class=\"cvGsUA direction-ltr align-justify para-style-body\"><span class=\"OYPEnA text-decoration-none text-strikethrough-none\">CARACT\u00c9RISTIQUES DU VIGNOBLE : Vignobles entourant Pieve Santo Stefano, altitude 200-250 m au dessus du niveau de la mer. Sol argilo-limoneux, \u00e0 r\u00e9action neutre \u00e0 sub-acide, riche en \u00e9l\u00e9ments min\u00e9raux et pauvre en substance organique. Densit\u00e9 de plantation environ 5 000 pieds\/ha<\/span><\/h6>\n<h6 class=\"cvGsUA direction-ltr align-justify para-style-body\"><span class=\"OYPEnA text-decoration-none text-strikethrough-none\">PRODUCTION ANNUELLE :<\/span><span class=\"OYPEnA text-decoration-none text-strikethrough-none\"> 70 quintaux\/ha<\/span><\/h6>\n<h6 class=\"cvGsUA direction-ltr align-justify para-style-body\"><span class=\"OYPEnA text-decoration-none text-strikethrough-none\">VINIFICATION ET AFFINAGE<\/span><\/h6>\n<h6 class=\"cvGsUA direction-ltr align-justify para-style-body\"><span class=\"OYPEnA text-decoration-none text-strikethrough-none\">Egrappage-foulage, mac\u00e9ration pelliculaire entre 18 et 25 jours selon les mill\u00e9simes, r\u00e9alisant des remontages p\u00e9riodiques et r\u00e9guliers du mo\u00fbt sur les marcs lors de la fermentation alcoolique. Apr\u00e8s fermentation alcoolique et malolactique, le produit est affin\u00e9 en acier, avec d\u00e9cantation r\u00e9guli\u00e8re, jusqu&rsquo;au printemps de l&rsquo;ann\u00e9e suivant la r\u00e9colte. Apr\u00e8s affinage, le vin subit une l\u00e9g\u00e8re clarification, est mis en bouteille et laiss\u00e9 reposer en bouteille quelques mois avant sa commercialisation.<\/span><\/h6>\n<h6 class=\"cvGsUA direction-ltr align-justify para-style-body\"><span class=\"OYPEnA text-decoration-none text-strikethrough-none\">NOTES DE D\u00c9GUSTATION<\/span><\/h6>\n<h6 class=\"cvGsUA direction-ltr align-justify para-style-body\"><span class=\"OYPEnA text-decoration-none text-strikethrough-none\">\u00c0 LA VUE \u2013 Rouge rubis profond et intense<\/p>\n<p>Commentaires<br \/><\/span><\/h6>\n<h6 class=\"cvGsUA direction-ltr align-justify para-style-body\"><span class=\"OYPEnA text-decoration-none text-strikethrough-none\">AU NEZ \u2013 Ar\u00f4me typ\u00e9, fort, avec des ar\u00f4mes \u00ab masculins \u00bb de Ciliegiolo : fruits rouges, grenade, groseilles en \u00e9vidence<\/span><\/h6>\n<h6 class=\"cvGsUA direction-ltr align-justify para-style-body\"><span class=\"OYPEnA text-decoration-none text-strikethrough-none\">EN BOUCHE \u2013 Sec, structur\u00e9, avec des tanins profonds et doux<\/span><\/h6>\n<h6 class=\"cvGsUA direction-ltr align-justify para-style-body\"><span class=\"OYPEnA text-decoration-none text-strikethrough-none\">ACCORDS METS<\/span><\/h6>\n<h6 class=\"cvGsUA direction-ltr align-justify para-style-body\"><span class=\"OYPEnA text-decoration-none text-strikethrough-none\">Rouge sec. <\/span><span class=\"OYPEnA text-decoration-none text-strikethrough-none\">Parfait avec les charcuteries toscanes, les fromages moyennement affin\u00e9s, savoureux et concentr\u00e9s, les plats \u00e0 base de gibier.<\/span><\/h6>\n<h6 class=\"cvGsUA direction-ltr align-justify para-style-body\"><span class=\"OYPEnA text-decoration-none text-strikethrough-none\">DE SERVICETENEUR EN ALCOOL &#8211; TEMP\u00c9RATURE<\/span><span class=\"OYPEnA text-decoration-none text-strikethrough-none\"> ET MODE <\/span><\/h6>\n<h6 class=\"cvGsUA direction-ltr align-justify para-style-body\"><span class=\"OYPEnA text-decoration-none text-strikethrough-none\">Vol 14% &#8211; TEMP\u00c9RATURE : <\/span><span class=\"OYPEnA text-decoration-none text-strikethrough-none\">16\u00b0-18\u00b0 &#8211; D\u00e9boucher imm\u00e9diatement<\/span><\/h6>\n<h6 class=\"cvGsUA direction-ltr align-justify para-style-body\"><span class=\"OYPEnA text-decoration-none text-strikethrough-none\">ADDITIFS\/ALLERG\u00c8NES<\/span><\/h6>\n<h6 class=\"cvGsUA direction-ltr align-justify para-style-body\"><span class=\"OYPEnA text-decoration-none text-strikethrough-none\">Contient des sulfites<\/span><\/h6>\n<p><a href=\"https:\/\/lovebiowines.com\/wp-content\/uploads\/2024\/03\/I-Vini-di-Villa-Sardini_LOVEBIOWINES.pdf\">Les Fiches Techniques des Vins de la Villa Sardini en PDF<\/a><\/p>\n<h6>Le Galline! est l&rsquo;un des vins de la cave Villa Sardini li\u00e9 au <a href=\"https:\/\/lovebiowines.com\/progetto-scipione\/\">Projet Scipione &#8211; Autisme de plus de 18 ans<\/a><\/h6>\n","protected":false},"excerpt":{"rendered":"<p><img loading=\"lazy\" decoding=\"async\" class=\"alignnone size-full wp-image-53\" src=\"https:\/\/lovebiowines.com\/wp-content\/uploads\/2023\/07\/fascia-italia-1-300x20-1.png\" alt=\"Produits Made in Italy\" width=\"300\" height=\"20\"><\/p>\n<h5>C\u00e9page: 100% Ciliegiolo<\/h5>\n<p><a href=\"\/?p=908\">D\u00e9couvrez tous les vins de la Villa Sardini<\/a><\/p>\n<p>&nbsp;<\/p>\n","protected":false},"featured_media":9583,"template":"","meta":{"_monsterinsights_skip_tracking":false,"_monsterinsights_sitenote_active":false,"_monsterinsights_sitenote_note":"","_monsterinsights_sitenote_category":0,"_uf_show_specific_survey":0,"_uf_disable_surveys":false},"product_brand":[],"product_cat":[513,451,480,477,479],"product_tag":[482,494,481,487],"class_list":{"0":"post-9572","1":"product","2":"type-product","3":"status-publish","4":"has-post-thumbnail","6":"product_cat-igt-toscana-rosso-fr","7":"product_cat-offres","8":"product_cat-vins-certifies-biologiques","9":"product_cat-vins-rouges","10":"product_cat-zone-de-production-colline-lucchesi-versilia-rossi","11":"product_tag-qta-fr","12":"product_tag-sangiovese100-fr","13":"product_tag-villa-sardini-fr","14":"product_tag-vinivillasardini-fr","16":"first","17":"instock","18":"taxable","19":"shipping-taxable","20":"purchasable","21":"product-type-simple"},"aioseo_notices":[],"_links":{"self":[{"href":"https:\/\/lovebiowines.com\/fr\/wp-json\/wp\/v2\/product\/9572","targetHints":{"allow":["GET"]}}],"collection":[{"href":"https:\/\/lovebiowines.com\/fr\/wp-json\/wp\/v2\/product"}],"about":[{"href":"https:\/\/lovebiowines.com\/fr\/wp-json\/wp\/v2\/types\/product"}],"version-history":[{"count":0,"href":"https:\/\/lovebiowines.com\/fr\/wp-json\/wp\/v2\/product\/9572\/revisions"}],"wp:featuredmedia":[{"embeddable":true,"href":"https:\/\/lovebiowines.com\/fr\/wp-json\/wp\/v2\/media\/9583"}],"wp:attachment":[{"href":"https:\/\/lovebiowines.com\/fr\/wp-json\/wp\/v2\/media?parent=9572"}],"wp:term":[{"taxonomy":"product_brand","embeddable":true,"href":"https:\/\/lovebiowines.com\/fr\/wp-json\/wp\/v2\/product_brand?post=9572"},{"taxonomy":"product_cat","embeddable":true,"href":"https:\/\/lovebiowines.com\/fr\/wp-json\/wp\/v2\/product_cat?post=9572"},{"taxonomy":"product_tag","embeddable":true,"href":"https:\/\/lovebiowines.com\/fr\/wp-json\/wp\/v2\/product_tag?post=9572"}],"curies":[{"name":"wp","href":"https:\/\/api.w.org\/{rel}","templated":true}]}}