{"id":8381,"date":"2023-08-02T23:01:58","date_gmt":"2023-08-02T21:01:58","guid":{"rendered":"https:\/\/lovebiowines.com\/product\/castagnini-beatrice-candia-dei-colli-apuani-vermentino\/"},"modified":"2023-08-02T23:01:58","modified_gmt":"2023-08-02T21:01:58","slug":"castagnini-beatrice-candia-dei-colli-apuani-vermentino","status":"publish","type":"product","link":"https:\/\/lovebiowines.com\/fr\/produit\/castagnini-beatrice-candia-dei-colli-apuani-vermentino\/","title":{"rendered":"Castagnini &#8211; Beatrice -Candia dei Colli Apuani Vermentino"},"content":{"rendered":"<h5><strong>C\u00e9page <\/strong>Vermentino<\/h5>\n<h5><strong>Colore: <\/strong>Giallo paglierino con riflessi verdolini e profumi persistenti<\/h5>\n<h5><strong>Analyse Olfactive<\/strong> : un vin fruit\u00e9 aux ar\u00f4mes de banane et d&rsquo;ananas, avec des notes florales de fleurs blanches<\/h5>\n<h5><strong>Vinification <\/strong>: Pressurage doux des raisins, envoi du mo\u00fbt en cuve r\u00e9frig\u00e9r\u00e9e pour nettoyage du mo\u00fbt, fermentation \u00e0 temp\u00e9rature contr\u00f4l\u00e9e<\/h5>\n<h5><strong>Vieillissement : <\/strong>non<\/h5>\n<h5><strong>Vieillissement en bouteille <\/strong>: Minimum 2 mois<\/h5>\n<h5><strong>Teneur en alcool<\/strong> : 12,5%<\/h5>\n<h5><strong>Acidit\u00e9 totale :<\/strong> 5,5% G\/l<\/h5>\n<h5><strong>R\u00e9sidu de sucre<\/strong> : Sec 4 Mg\/l<\/h5>\n<h5><strong>Accords<\/strong> : B\u00e9atrice est un Vermentino id\u00e9al accompagn\u00e9 de plats \u00e0 base de poisson<\/h5>\n","protected":false},"excerpt":{"rendered":"<p><img loading=\"lazy\" decoding=\"async\" class=\"alignnone size-full wp-image-53\" src=\"https:\/\/lovebiowines.com\/wp-content\/uploads\/2023\/07\/fascia-italia-1-300x20-1.png\" alt=\"Produits Made in Italy\" width=\"300\" height=\"20\"><\/p>\n<h5>Agriculture h\u00e9ro\u00efque &#8211; La cave Castagnini est n\u00e9e sur les collines Apuanes, entre les carri\u00e8res de marbre blanc et la mer<\/h5>\n<p>&nbsp;<\/p>\n","protected":false},"featured_media":0,"template":"","meta":{"_monsterinsights_skip_tracking":false,"_monsterinsights_sitenote_active":false,"_monsterinsights_sitenote_note":"","_monsterinsights_sitenote_category":0,"_uf_show_specific_survey":0,"_uf_disable_surveys":false},"product_brand":[],"product_cat":[514,498,496,499],"product_tag":[443,531],"class_list":{"0":"post-8381","1":"product","2":"type-product","3":"status-publish","5":"product_cat-doc-candia-colli-apuani-blanc","6":"product_cat-vins-blancs","7":"product_cat-vins-issus-de-lagriculture-bio-non-certifies","8":"product_cat-zone-de-production-candia-et-collines-apuanes-blancs","9":"product_tag-vermentino100-fr","10":"product_tag-vinicastagni-fr","12":"first","13":"instock","14":"taxable","15":"shipping-taxable","16":"purchasable","17":"product-type-simple"},"aioseo_notices":[],"_links":{"self":[{"href":"https:\/\/lovebiowines.com\/fr\/wp-json\/wp\/v2\/product\/8381","targetHints":{"allow":["GET"]}}],"collection":[{"href":"https:\/\/lovebiowines.com\/fr\/wp-json\/wp\/v2\/product"}],"about":[{"href":"https:\/\/lovebiowines.com\/fr\/wp-json\/wp\/v2\/types\/product"}],"version-history":[{"count":0,"href":"https:\/\/lovebiowines.com\/fr\/wp-json\/wp\/v2\/product\/8381\/revisions"}],"wp:attachment":[{"href":"https:\/\/lovebiowines.com\/fr\/wp-json\/wp\/v2\/media?parent=8381"}],"wp:term":[{"taxonomy":"product_brand","embeddable":true,"href":"https:\/\/lovebiowines.com\/fr\/wp-json\/wp\/v2\/product_brand?post=8381"},{"taxonomy":"product_cat","embeddable":true,"href":"https:\/\/lovebiowines.com\/fr\/wp-json\/wp\/v2\/product_cat?post=8381"},{"taxonomy":"product_tag","embeddable":true,"href":"https:\/\/lovebiowines.com\/fr\/wp-json\/wp\/v2\/product_tag?post=8381"}],"curies":[{"name":"wp","href":"https:\/\/api.w.org\/{rel}","templated":true}]}}