{"id":8379,"date":"2023-08-02T23:01:59","date_gmt":"2023-08-02T21:01:59","guid":{"rendered":"https:\/\/lovebiowines.com\/product\/tenuta-adamo-toscana-bianco\/"},"modified":"2023-08-02T23:01:59","modified_gmt":"2023-08-02T21:01:59","slug":"tenuta-adamo-toscana-bianco","status":"publish","type":"product","link":"https:\/\/lovebiowines.com\/fr\/produit\/tenuta-adamo-toscana-bianco\/","title":{"rendered":"Tenuta Adamo \u2013 Toscana Bianco"},"content":{"rendered":"<h5><span style=\"font-size: 16px;\">Indication G\u00e9ographique Typique<\/span><\/h5>\n<div class=\"et_pb_module et_pb_text et_pb_text_5 descrizione-prodotti et_pb_text_align_left et_pb_bg_layout_light\">\n<div class=\"et_pb_text_inner\">\n<h5>Trebbiano, Malvasia Bianca, Vermentino et d&rsquo;autres raisins blancs indig\u00e8nes.<\/h5>\n<h5>La couleur est jaune paille p\u00e2le. Au nez, on retrouve des notes d&rsquo;agrumes int\u00e9gr\u00e9es \u00e0 d&rsquo;agr\u00e9ables notes d&rsquo;herbes m\u00e9dicinales comme la sauge et le romarin, et de douces notes florales. En bouche, il est frais, savoureux et persistant.<\/h5>\n<h5>Il s&rsquo;appr\u00e9cie \u00e0 une temp\u00e9rature de 10 \u2013 12 \u00b0C.<\/h5>\n<\/div>\n<\/div>\n","protected":false},"excerpt":{"rendered":"<p><img loading=\"lazy\" decoding=\"async\" class=\"alignnone size-full wp-image-53\" src=\"https:\/\/lovebiowines.com\/wp-content\/uploads\/2023\/07\/fascia-italia-1-300x20-1.png\" alt=\"Produits Made in Italy\" width=\"300\" height=\"20\"><\/p>\n<h5>Raisins : Trebbiano, Malvasia Bianca, Vermentino et autres raisins blancs indig\u00e8nes.<\/h5>\n","protected":false},"featured_media":1483,"template":"","meta":{"_monsterinsights_skip_tracking":false,"_monsterinsights_sitenote_active":false,"_monsterinsights_sitenote_note":"","_monsterinsights_sitenote_category":0,"_uf_show_specific_survey":0,"_uf_disable_surveys":false},"product_brand":[],"product_cat":[498],"product_tag":[],"class_list":{"0":"post-8379","1":"product","2":"type-product","3":"status-publish","4":"has-post-thumbnail","6":"product_cat-vins-blancs","8":"first","9":"instock","10":"taxable","11":"shipping-taxable","12":"purchasable","13":"product-type-simple"},"aioseo_notices":[],"_links":{"self":[{"href":"https:\/\/lovebiowines.com\/fr\/wp-json\/wp\/v2\/product\/8379","targetHints":{"allow":["GET"]}}],"collection":[{"href":"https:\/\/lovebiowines.com\/fr\/wp-json\/wp\/v2\/product"}],"about":[{"href":"https:\/\/lovebiowines.com\/fr\/wp-json\/wp\/v2\/types\/product"}],"version-history":[{"count":0,"href":"https:\/\/lovebiowines.com\/fr\/wp-json\/wp\/v2\/product\/8379\/revisions"}],"wp:featuredmedia":[{"embeddable":true,"href":"https:\/\/lovebiowines.com\/fr\/wp-json\/wp\/v2\/media\/1483"}],"wp:attachment":[{"href":"https:\/\/lovebiowines.com\/fr\/wp-json\/wp\/v2\/media?parent=8379"}],"wp:term":[{"taxonomy":"product_brand","embeddable":true,"href":"https:\/\/lovebiowines.com\/fr\/wp-json\/wp\/v2\/product_brand?post=8379"},{"taxonomy":"product_cat","embeddable":true,"href":"https:\/\/lovebiowines.com\/fr\/wp-json\/wp\/v2\/product_cat?post=8379"},{"taxonomy":"product_tag","embeddable":true,"href":"https:\/\/lovebiowines.com\/fr\/wp-json\/wp\/v2\/product_tag?post=8379"}],"curies":[{"name":"wp","href":"https:\/\/api.w.org\/{rel}","templated":true}]}}