{"id":8378,"date":"2023-08-02T23:02:08","date_gmt":"2023-08-02T21:02:08","guid":{"rendered":"https:\/\/lovebiowines.com\/product\/segreto-rose-50-syrah-et-50-merlot-igt-biologico-tenuta-mariani\/"},"modified":"2023-08-02T23:02:08","modified_gmt":"2023-08-02T21:02:08","slug":"segreto-rose-50-syrah-et-50-merlot-igt-biologico-tenuta-mariani","status":"publish","type":"product","link":"https:\/\/lovebiowines.com\/fr\/produit\/segreto-rose-50-syrah-et-50-merlot-igt-biologico-tenuta-mariani\/","title":{"rendered":"Segreto Ros\u00e8 50% Syrah et 50% Merlot IGT Biologico &#8211; Tenuta Mariani"},"content":{"rendered":"<h2>Description<\/h2>\n<div class=\"et_pb_module et_pb_text et_pb_text_0 et_pb_text_align_left et_pb_bg_layout_light\">\n<div class=\"et_pb_text_inner\">\n<p>Ros\u00e8 50% Syrah et 50% Merlot<\/p>\n<div class=\"cls_006\">\n<div class=\"cls_006\">Raisins des vignobles Selva di Segale et Caprile<\/div>\n<div class=\"cls_006\">Obtenu par mac\u00e9ration pelliculaire, fermentation contr\u00f4l\u00e9e en acier, vieilli dans nos caves en barriques de ch\u00eane de second passage pendant 6 mois.<br \/>\nNon filtr\u00e9 et \u00e0 faible teneur en sulfites.<\/div>\n<\/div>\n<\/div>\n<\/div>\n","protected":false},"excerpt":{"rendered":"<p><img loading=\"lazy\" decoding=\"async\" class=\"alignnone size-full wp-image-53\" src=\"https:\/\/lovebiowines.com\/wp-content\/uploads\/2023\/07\/fascia-italia-1-300x20-1.png\" alt=\"Produits Made in Italy\" width=\"300\" height=\"20\"><\/p>\n<p><a href=\"\/?p=2159\">D\u00e9couvrez tous les vins et vins effervescents de Tenuta Mariani<\/a><\/p>\n<p>&nbsp;<\/p>\n","protected":false},"featured_media":2450,"template":"","meta":{"_monsterinsights_skip_tracking":false,"_monsterinsights_sitenote_active":false,"_monsterinsights_sitenote_note":"","_monsterinsights_sitenote_category":0,"_uf_show_specific_survey":0,"_uf_disable_surveys":false},"product_brand":[],"product_cat":[20],"product_tag":[],"class_list":{"0":"post-8378","1":"product","2":"type-product","3":"status-publish","4":"has-post-thumbnail","6":"product_cat-vini-rosati","8":"first","9":"instock","10":"taxable","11":"shipping-taxable","12":"purchasable","13":"product-type-simple"},"aioseo_notices":[],"_links":{"self":[{"href":"https:\/\/lovebiowines.com\/fr\/wp-json\/wp\/v2\/product\/8378","targetHints":{"allow":["GET"]}}],"collection":[{"href":"https:\/\/lovebiowines.com\/fr\/wp-json\/wp\/v2\/product"}],"about":[{"href":"https:\/\/lovebiowines.com\/fr\/wp-json\/wp\/v2\/types\/product"}],"version-history":[{"count":0,"href":"https:\/\/lovebiowines.com\/fr\/wp-json\/wp\/v2\/product\/8378\/revisions"}],"wp:featuredmedia":[{"embeddable":true,"href":"https:\/\/lovebiowines.com\/fr\/wp-json\/wp\/v2\/media\/2450"}],"wp:attachment":[{"href":"https:\/\/lovebiowines.com\/fr\/wp-json\/wp\/v2\/media?parent=8378"}],"wp:term":[{"taxonomy":"product_brand","embeddable":true,"href":"https:\/\/lovebiowines.com\/fr\/wp-json\/wp\/v2\/product_brand?post=8378"},{"taxonomy":"product_cat","embeddable":true,"href":"https:\/\/lovebiowines.com\/fr\/wp-json\/wp\/v2\/product_cat?post=8378"},{"taxonomy":"product_tag","embeddable":true,"href":"https:\/\/lovebiowines.com\/fr\/wp-json\/wp\/v2\/product_tag?post=8378"}],"curies":[{"name":"wp","href":"https:\/\/api.w.org\/{rel}","templated":true}]}}