{"id":8377,"date":"2023-08-02T23:02:08","date_gmt":"2023-08-02T21:02:08","guid":{"rendered":"https:\/\/lovebiowines.com\/product\/fattoria-sardi-le-cicale-rosato-igt-toscana-bio\/"},"modified":"2023-08-02T23:02:08","modified_gmt":"2023-08-02T21:02:08","slug":"fattoria-sardi-le-cicale-rosato-igt-toscana-bio","status":"publish","type":"product","link":"https:\/\/lovebiowines.com\/fr\/produit\/fattoria-sardi-le-cicale-rosato-igt-toscana-bio\/","title":{"rendered":"Fattoria Sardi &#8211; Le Cicale Rosato Igt Toscana Bio"},"content":{"rendered":"<h6>LE CICALE<\/h6>\n<h6 class=\"cvGsUA direction-ltr align-justify para-style-body\"><span class=\"OYPEnA text-decoration-none text-strikethrough-none\">APPELLATION IGT Toscana Rosato<\/span><\/h6>\n<h6 class=\"cvGsUA direction-ltr align-justify para-style-body\"><span class=\"OYPEnA text-decoration-none text-strikethrough-none\">Zones de production : Toscane &#8211; Lucques<\/span><\/h6>\n<h6 class=\"cvGsUA direction-ltr align-justify para-style-body\"><span class=\"OYPEnA text-decoration-none text-strikethrough-none\">C\u00c9PAGE : Syrah et Vermentino Bio.<\/span><\/h6>\n<h6 class=\"cvGsUA direction-ltr align-justify para-style-body\"><span class=\"OYPEnA text-decoration-none text-strikethrough-none\">TYPE DE PRODUCTION : Certifi\u00e9 Biologique<\/span><\/h6>\n<h6 class=\"cvGsUA direction-ltr align-justify para-style-body\"><span class=\"OYPEnA text-decoration-none text-strikethrough-none\">CARACT\u00c9RISTIQUES DU VIGNOBLE :<\/span><\/h6>\n<h6 class=\"cvGsUA direction-ltr align-justify para-style-body\"><span class=\"OYPEnA text-decoration-none text-strikethrough-none\">PRODUCTION ANNUELLE :<\/span><\/h6>\n<h6 class=\"cvGsUA direction-ltr align-justify para-style-body\"><span class=\"OYPEnA text-decoration-none text-strikethrough-none\">VINIFICATION ET AFFINAGE :<\/span><\/h6>\n<h6 class=\"cvGsUA direction-ltr align-justify para-style-body\"><span class=\"OYPEnA text-decoration-none text-strikethrough-none\">Vendanges manuelles. Mac\u00e9rations plus ou moins longues selon les ann\u00e9es, dans un pressoir pneumatique. \u00c9levage des jus \u00e0 basse temp\u00e9rature et fermentation spontan\u00e9e gr\u00e2ce \u00e0 l&rsquo;ajout de pied de cuve n\u00e9 \u00e0 la vigne. La fermentation et l&rsquo;\u00e9levage sont r\u00e9alis\u00e9s sous bois sur lies fines. Clarifi\u00e9 \u00e0 la bentonite et filtr\u00e9. Avec ajout de sulfites<\/span><\/h6>\n<h6 class=\"cvGsUA direction-ltr align-justify para-style-body\"><span class=\"OYPEnA text-decoration-none text-strikethrough-none\">NOTES DE D\u00c9GUSTATION<\/span><\/h6>\n<h6 class=\"cvGsUA direction-ltr align-justify para-style-body\"><span class=\"OYPEnA text-decoration-none text-strikethrough-none\">\u00c0 LA VUE \u2013 Rose p\u00e2le, avec des nuances de peau d\u2019oignon<\/span><\/h6>\n<h6 class=\"cvGsUA direction-ltr align-justify para-style-body\"><span class=\"OYPEnA text-decoration-none text-strikethrough-none\">AU NEZ &#8211; Rafra\u00eechissant, complexe et intense. Notes florales d&rsquo;\u00e9glantine et de fleurs blanches, notes fruit\u00e9es de framboises et d&rsquo;agrumes<br \/><\/span><\/h6>\n<h6 class=\"cvGsUA direction-ltr align-justify para-style-body\"><span class=\"OYPEnA text-decoration-none text-strikethrough-none\">EN BOUCHE \u2013 Frais, ample, savoureux et bon \u00e9quilibre. Le final est persistant, savoureux et soyeux<\/span><\/h6>\n<h6 class=\"cvGsUA direction-ltr align-justify para-style-body\"><span class=\"OYPEnA text-decoration-none text-strikethrough-none\">ACCORDS METS<\/span><\/h6>\n<h6 class=\"cvGsUA direction-ltr align-justify para-style-body\"><span class=\"OYPEnA text-decoration-none text-strikethrough-none\">Gr\u00e2ce \u00e0 l&rsquo;\u00e9quilibre entre fra\u00eecheur, onctuosit\u00e9 et min\u00e9ralit\u00e9, Fattoria Sardi \u00ab Le Cicale \u00bb IGT Toscana est un vin ros\u00e9 adapt\u00e9 aux plats \u00e0 base de poissons, crustac\u00e9s, viandes blanches et fromages.<\/span><\/h6>\n<h6 class=\"cvGsUA direction-ltr align-justify para-style-body\"><span class=\"OYPEnA text-decoration-none text-strikethrough-none\">TENEUR EN ALCOOL &#8211; TEMP\u00c9RATURE ET MODE DE SERVICE<\/span><\/h6>\n<h6 class=\"cvGsUA direction-ltr align-justify para-style-body\"><span class=\"OYPEnA text-decoration-none text-strikethrough-none\">Vol 13,5% &#8211; Il est appr\u00e9ci\u00e9 \u00e0 des temp\u00e9ratures de 12\u00b0C-14\u00b0C et \u00e0 tout moment de l&rsquo;ann\u00e9e.<\/span><\/h6>\n<h6 class=\"cvGsUA direction-ltr align-justify para-style-body\"><span class=\"OYPEnA text-decoration-none text-strikethrough-none\">ALLERG\u00c8NES<\/span><\/h6>\n<h6 class=\"cvGsUA direction-ltr align-justify para-style-body\"><span class=\"OYPEnA text-decoration-none text-strikethrough-none\">Contient des sulfites<\/span><\/h6>\n<div class=\"mk-flipbox-back a_col-1of2 fold-back-horizontal no-backface origin-center bezier-1 pointer\">\n<div class=\"mk-flipbox-content width-full\">\n<div id=\"mk-ornamental-title-23\" class=\"mk-ornamental-title norman-short-single align-center title_as_text\">\n<h6 class=\"elementor-image-box-description\"><a href=\"https:\/\/lovebiowines.com\/wp-content\/uploads\/2024\/03\/I-Vini-di-fattoria-Sardi_LoVeBioWines.pdf\">Vins de ferme sardes &#8211; Fiches techniques en PDF<\/a><strong style=\"font-size: 16px;\"> <\/strong><\/h6>\n<\/div>\n<\/div>\n<\/div>\n","protected":false},"excerpt":{"rendered":"<p><img loading=\"lazy\" decoding=\"async\" class=\"alignnone size-full wp-image-53\" src=\"https:\/\/lovebiowines.com\/wp-content\/uploads\/2023\/07\/fascia-italia-1-300x20-1.png\" alt=\"Produits Made in Italy\" width=\"300\" height=\"20\"><\/p>\n<h5><a href=\"\/?p=164\">D\u00e9couvrez tous les vins de Fattoria Sardi<\/a><\/h5>\n<h5><a href=\"https:\/\/lovebiowines.com\/prodotto\/fattoria-sardi-sebastiano-2018-doc-colline-lucchesi-bio\/\">Sebastiano<\/a> &#8211; <a href=\"https:\/\/lovebiowines.com\/prodotto\/fattoria-sardi-rosso-merlot-madonnina-delluva-2021-doc-colline-lucchesi-rosso-bio\/\">Madonnina dell&rsquo;uva<\/a> &#8211; <a href=\"https:\/\/lovebiowines.com\/prodotto\/fattoria-sardi-vallebuia-bianco-doc-colline-lucchesi-bio\/\">13 Primavere<\/a> &#8211; <a href=\"https:\/\/lovebiowines.com\/prodotto\/sotto-villa-2022-vermentino-doc-colline-lucchesi-bio-fattoria-sardi\/\">Sotto Villa<\/a> &#8211; <a href=\"https:\/\/lovebiowines.com\/prodotto\/fattoria-sardi-vallebuia-bianco-doc-colline-lucchesi-bio\/\">Vallebuia Bianco<\/a> &#8211; <a href=\"https:\/\/lovebiowines.com\/prodotto\/fattoria-sardi-vallebuia-2021-senza-so2-doc-colline-lucchesi-bio\/\">Vallebuia Rosso <\/a> <\/h5>\n<h5><strong>N.B. Du mill\u00e9sime 2020 <\/strong>: \u00ab Le Cicale \u00bb des raisins bio Sangiovese &amp; Vermentino aux raisins bio<strong> Syrah &amp; Vermentino<\/strong><\/h5>\n","protected":false},"featured_media":4074,"template":"","meta":{"_monsterinsights_skip_tracking":false,"_monsterinsights_sitenote_active":false,"_monsterinsights_sitenote_note":"","_monsterinsights_sitenote_category":0,"_uf_show_specific_survey":0,"_uf_disable_surveys":false},"product_brand":[],"product_cat":[480,525],"product_tag":[536],"class_list":{"0":"post-8377","1":"product","2":"type-product","3":"status-publish","4":"has-post-thumbnail","6":"product_cat-vins-certifies-biologiques","7":"product_cat-vins-roses","8":"product_tag-vinifattoriasardi-fr","10":"first","11":"outofstock","12":"taxable","13":"shipping-taxable","14":"purchasable","15":"product-type-simple"},"aioseo_notices":[],"_links":{"self":[{"href":"https:\/\/lovebiowines.com\/fr\/wp-json\/wp\/v2\/product\/8377","targetHints":{"allow":["GET"]}}],"collection":[{"href":"https:\/\/lovebiowines.com\/fr\/wp-json\/wp\/v2\/product"}],"about":[{"href":"https:\/\/lovebiowines.com\/fr\/wp-json\/wp\/v2\/types\/product"}],"version-history":[{"count":0,"href":"https:\/\/lovebiowines.com\/fr\/wp-json\/wp\/v2\/product\/8377\/revisions"}],"wp:featuredmedia":[{"embeddable":true,"href":"https:\/\/lovebiowines.com\/fr\/wp-json\/wp\/v2\/media\/4074"}],"wp:attachment":[{"href":"https:\/\/lovebiowines.com\/fr\/wp-json\/wp\/v2\/media?parent=8377"}],"wp:term":[{"taxonomy":"product_brand","embeddable":true,"href":"https:\/\/lovebiowines.com\/fr\/wp-json\/wp\/v2\/product_brand?post=8377"},{"taxonomy":"product_cat","embeddable":true,"href":"https:\/\/lovebiowines.com\/fr\/wp-json\/wp\/v2\/product_cat?post=8377"},{"taxonomy":"product_tag","embeddable":true,"href":"https:\/\/lovebiowines.com\/fr\/wp-json\/wp\/v2\/product_tag?post=8377"}],"curies":[{"name":"wp","href":"https:\/\/api.w.org\/{rel}","templated":true}]}}