{"id":8376,"date":"2023-08-02T23:02:08","date_gmt":"2023-08-02T21:02:08","guid":{"rendered":"https:\/\/lovebiowines.com\/product\/fattoria-sardi-rose-13-primavere-igt-toscana-rosato\/"},"modified":"2023-08-02T23:02:08","modified_gmt":"2023-08-02T21:02:08","slug":"fattoria-sardi-rose-13-primavere-igt-toscana-rosato","status":"publish","type":"product","link":"https:\/\/lovebiowines.com\/fr\/produit\/fattoria-sardi-rose-13-primavere-igt-toscana-rosato\/","title":{"rendered":"Fattoria Sardi Ros\u00e9 \u201c13 Primavere\u201d Igt Toscana Rosato"},"content":{"rendered":"<h6 class=\"cvGsUA direction-ltr align-justify para-style-body\"><span class=\"OYPEnA text-decoration-none text-strikethrough-none\">13 PRIMAVERE<\/span><\/h6>\n<h6 class=\"cvGsUA direction-ltr align-justify para-style-body\"><span class=\"OYPEnA text-decoration-none text-strikethrough-none\">APPELATION: DOC Colline Lucchesi<\/span><\/h6>\n<h6 class=\"cvGsUA direction-ltr align-justify para-style-body\"><span class=\"OYPEnA text-decoration-none text-strikethrough-none\">Zones de production : Toscane &#8211; Lucques<\/span><\/h6>\n<h6 class=\"cvGsUA direction-ltr align-justify para-style-body\"><span class=\"OYPEnA text-decoration-none text-strikethrough-none\">C\u00c9PAGE : C\u00e9pages Sangiovese, Syrah et Vermentino Bio<\/span><\/h6>\n<h6 class=\"cvGsUA direction-ltr align-justify para-style-body\"><span class=\"OYPEnA text-decoration-none text-strikethrough-none\">TYPE DE PRODUCTION : Certifi\u00e9 Biologique<\/span><\/h6>\n<h6 class=\"cvGsUA direction-ltr align-justify para-style-body\"><span class=\"OYPEnA text-decoration-none text-strikethrough-none\">CARACT\u00c9RISTIQUES DU VIGNOBLE :<\/span><\/h6>\n<h6 class=\"cvGsUA direction-ltr align-justify para-style-body\"><span class=\"OYPEnA text-decoration-none text-strikethrough-none\">PRODUCTION ANNUELLE<\/span><\/h6>\n<h6 class=\"cvGsUA direction-ltr align-justify para-style-body\"><span class=\"OYPEnA text-decoration-none text-strikethrough-none\">VINIFICATION ET AFFINAGE : <\/span><span class=\"OYPEnA text-decoration-none text-strikethrough-none\">Vendanges manuelles. Une partie du ros\u00e9 est obtenue par pressurage direct de grappes enti\u00e8res de Sangiovese, dans un pressoir pneumatique qui presse doucement les raisins. Il apporte saveur et acidit\u00e9. Une autre partie est obtenue \u00e0 partir de co-mac\u00e9rations courtes \u00e0 froid de raisins Syrah\/Vermentino qui apportent rondeur et couleur et de co-mac\u00e9rations de raisins Sangiovese\/Vermentino qui apportent ar\u00f4mes et croquant en bouche. Le soutirage des jus se fait \u00e0 basse temp\u00e9rature et la fermentation est spontan\u00e9e gr\u00e2ce \u00e0 l&rsquo;ajout de pied de cuve n\u00e9 \u00e0 la vigne. Affinage sur lies fines pendant 4 mois.<\/span><\/h6>\n<h6 class=\"cvGsUA direction-ltr align-justify para-style-body\"><span class=\"OYPEnA text-decoration-none text-strikethrough-none\">NOTES DE D\u00c9GUSTATION<\/span><\/h6>\n<h6 class=\"cvGsUA direction-ltr align-justify para-style-body\"><span class=\"OYPEnA text-decoration-none text-strikethrough-none\">\u00c0 LA VUE \u2013 Rose p\u00e2le, avec des nuances de pelure d\u2019oignon et de mangue<\/span><\/h6>\n<h6 class=\"cvGsUA direction-ltr align-justify para-style-body\"><span class=\"OYPEnA text-decoration-none text-strikethrough-none\">AU NEZ &#8211; Rafra\u00eechissant et fin. Notes d&rsquo;\u00e9glantine, de framboise, de melon<\/span><\/h6>\n<h6 class=\"cvGsUA direction-ltr align-justify para-style-body\"><span class=\"OYPEnA text-decoration-none text-strikethrough-none\">EN BOUCHE \u2013 Frais, ample, savoureux et bon \u00e9quilibre. La finale est savoureuse et fruit\u00e9e<\/span><\/h6>\n<h6 class=\"cvGsUA direction-ltr align-justify para-style-body\"><span class=\"OYPEnA text-decoration-none text-strikethrough-none\">ACCORDS METS<\/span><\/h6>\n<h6 class=\"cvGsUA direction-ltr align-justify para-style-body\"><span class=\"OYPEnA text-decoration-none text-strikethrough-none\">Gr\u00e2ce \u00e0 son bouquet, sa fra\u00eecheur et sa saveur, Fattoria Sardi Rose 13 Primavere est un vin ros\u00e9 pour l&rsquo;ap\u00e9ritif et pour les plats de poissons et crustac\u00e9s.<\/span><\/h6>\n<h6 class=\"cvGsUA direction-ltr align-justify para-style-body\"><span class=\"OYPEnA text-decoration-none text-strikethrough-none\">TENEUR EN ALCOOL &#8211; TEMP\u00c9RATURE ET MODE DE SERVICE<\/span><\/h6>\n<h6 class=\"cvGsUA direction-ltr align-justify para-style-body\"><span class=\"OYPEnA text-decoration-none text-strikethrough-none\">On l&rsquo;appr\u00e9cie \u00e0 des temp\u00e9ratures de 10\u00b0C-12\u00b0C et \u00e0 toute p\u00e9riode de l&rsquo;ann\u00e9e.<\/span><\/h6>\n<h6 class=\"cvGsUA direction-ltr align-justify para-style-body\"><span class=\"OYPEnA text-decoration-none text-strikethrough-none\">ALLERG\u00c8NES<\/span><\/h6>\n<h6 class=\"cvGsUA direction-ltr align-justify para-style-body\"><span class=\"OYPEnA text-decoration-none text-strikethrough-none\">Contient des sulfites<\/span><\/h6>\n<div class=\"mk-flipbox-back a_col-1of2 fold-back-horizontal no-backface origin-center bezier-1 pointer\">\n<div class=\"mk-flipbox-content width-full\">\n<div id=\"text-block-24\" class=\"mk-text-block \">\n<h6 class=\"elementor-image-box-description\"><a href=\"https:\/\/lovebiowines.com\/wp-content\/uploads\/2024\/03\/I-Vini-di-fattoria-Sardi_LoVeBioWines.pdf\">Vins de ferme sardes &#8211; Fiches techniques en PDF<\/a><\/h6>\n<\/div>\n<\/div>\n<\/div>\n","protected":false},"excerpt":{"rendered":"<p><img loading=\"lazy\" decoding=\"async\" class=\"alignnone size-full wp-image-53\" src=\"https:\/\/lovebiowines.com\/wp-content\/uploads\/2023\/07\/fascia-italia-1-300x20-1.png\" alt=\"Produits Made in Italy\" width=\"300\" height=\"20\"><\/p>\n<h5><strong><span style=\"text-decoration: underline;\">Raisins<\/span><\/strong> : Raisins biologiques Sangiovese, Syrah et Vermentino.<\/h5>\n<h5><a href=\"\/?p=164\">D\u00e9couvrez tous les vins de Fattoria Sardi !<\/a><\/h5>\n<h5><a href=\"https:\/\/lovebiowines.com\/prodotto\/fattoria-sardi-sebastiano-2018-doc-colline-lucchesi-bio\/\">Sebastiano<\/a> &#8211; <a href=\"https:\/\/lovebiowines.com\/prodotto\/fattoria-sardi-le-cicale-2021-rosato-igt-toscana-bio\/\">Le Cicale<\/a> &#8211; <a href=\"https:\/\/lovebiowines.com\/prodotto\/fattoria-sardi-rosso-merlot-madonnina-delluva-2021-doc-colline-lucchesi-rosso-bio\/\">Madonnina dell&rsquo;uva<\/a> &#8211; <a href=\"https:\/\/lovebiowines.com\/prodotto\/sotto-villa-2022-vermentino-doc-colline-lucchesi-bio-fattoria-sardi\/\">Sotto Villa<\/a> &#8211; <a href=\"https:\/\/lovebiowines.com\/prodotto\/fattoria-sardi-vallebuia-bianco-doc-colline-lucchesi-bio\/\">Vallebuia Bianco<\/a> &#8211; <a href=\"https:\/\/lovebiowines.com\/prodotto\/fattoria-sardi-vallebuia-2021-senza-so2-doc-colline-lucchesi-bio\/\">Vallebuia Rosso <\/a> <\/h5>\n","protected":false},"featured_media":4066,"template":"","meta":{"_monsterinsights_skip_tracking":false,"_monsterinsights_sitenote_active":false,"_monsterinsights_sitenote_note":"","_monsterinsights_sitenote_category":0,"_uf_show_specific_survey":0,"_uf_disable_surveys":false},"product_brand":[],"product_cat":[480,525],"product_tag":[536],"class_list":{"0":"post-8376","1":"product","2":"type-product","3":"status-publish","4":"has-post-thumbnail","6":"product_cat-vins-certifies-biologiques","7":"product_cat-vins-roses","8":"product_tag-vinifattoriasardi-fr","10":"first","11":"outofstock","12":"taxable","13":"shipping-taxable","14":"purchasable","15":"product-type-simple"},"aioseo_notices":[],"_links":{"self":[{"href":"https:\/\/lovebiowines.com\/fr\/wp-json\/wp\/v2\/product\/8376","targetHints":{"allow":["GET"]}}],"collection":[{"href":"https:\/\/lovebiowines.com\/fr\/wp-json\/wp\/v2\/product"}],"about":[{"href":"https:\/\/lovebiowines.com\/fr\/wp-json\/wp\/v2\/types\/product"}],"version-history":[{"count":0,"href":"https:\/\/lovebiowines.com\/fr\/wp-json\/wp\/v2\/product\/8376\/revisions"}],"wp:featuredmedia":[{"embeddable":true,"href":"https:\/\/lovebiowines.com\/fr\/wp-json\/wp\/v2\/media\/4066"}],"wp:attachment":[{"href":"https:\/\/lovebiowines.com\/fr\/wp-json\/wp\/v2\/media?parent=8376"}],"wp:term":[{"taxonomy":"product_brand","embeddable":true,"href":"https:\/\/lovebiowines.com\/fr\/wp-json\/wp\/v2\/product_brand?post=8376"},{"taxonomy":"product_cat","embeddable":true,"href":"https:\/\/lovebiowines.com\/fr\/wp-json\/wp\/v2\/product_cat?post=8376"},{"taxonomy":"product_tag","embeddable":true,"href":"https:\/\/lovebiowines.com\/fr\/wp-json\/wp\/v2\/product_tag?post=8376"}],"curies":[{"name":"wp","href":"https:\/\/api.w.org\/{rel}","templated":true}]}}