{"id":8375,"date":"2023-08-02T23:02:08","date_gmt":"2023-08-02T21:02:08","guid":{"rendered":"https:\/\/lovebiowines.com\/product\/carmignani-kapogiro-rose-i-g-t\/"},"modified":"2023-08-02T23:02:08","modified_gmt":"2023-08-02T21:02:08","slug":"carmignani-kapogiro-rose-i-g-t","status":"publish","type":"product","link":"https:\/\/lovebiowines.com\/fr\/produit\/carmignani-kapogiro-rose-i-g-t\/","title":{"rendered":"Carmignani \u2013 Kapogiro Ros\u00e9 I.G.T."},"content":{"rendered":"<h5>Les raisins Sangiovese, Merlot et Syrah r\u00e9colt\u00e9s mi-septembre donnent \u00e0 ce vin \u00e9lev\u00e9 sur lies fines pendant 4 \u00e0 5 mois d&rsquo;agr\u00e9ables ar\u00f4mes de rose, de framboise et de melon, accompagn\u00e9s d&rsquo;une l\u00e9g\u00e8re note de cr\u00e8me.<\/h5>\n<h5>Il pr\u00e9sente une belle couleur rose p\u00e2le \u00ab peau d&rsquo;oignon \u00bb et est d\u00e9licat et frais en bouche, avec des ar\u00f4mes rappelant les petits fruits rouges comme la framboise et la groseille.<\/h5>\n<h5>Excellent \u00e0 l&rsquo;ap\u00e9ritif, il s&rsquo;accorde bien avec le jambon et le melon, les cocktails de langoustines et les boulettes de poulet.<\/h5>\n<h5>Servir \u00e0 10\u00b0C.<\/h5>\n<h5>Contient des sulfites.<\/h5>\n<h5><a href=\"https:\/\/lovebiowines.com\/wp-content\/uploads\/2023\/10\/Schede-Fattoria-Carmignani.pdf\">Fiches Vins Fattoria Carmignani<\/a><\/h5>\n","protected":false},"excerpt":{"rendered":"<p><img loading=\"lazy\" decoding=\"async\" class=\"alignnone size-full wp-image-53\" src=\"https:\/\/lovebiowines.com\/wp-content\/uploads\/2023\/07\/fascia-italia-1-300x20-1.png\" alt=\"Produits Made in Italy\" width=\"300\" height=\"20\"><\/p>\n<p><em>C\u00e9pages: 35% Syrah, 35% Sangiovese, 30% Merlot<\/em><\/p>\n","protected":false},"featured_media":1474,"template":"","meta":{"_monsterinsights_skip_tracking":false,"_monsterinsights_sitenote_active":false,"_monsterinsights_sitenote_note":"","_monsterinsights_sitenote_category":0,"_uf_show_specific_survey":0,"_uf_disable_surveys":false},"product_brand":[],"product_cat":[527,525,562],"product_tag":[484,483,486,434],"class_list":{"0":"post-8375","1":"product","2":"type-product","3":"status-publish","4":"has-post-thumbnail","6":"product_cat-igt-toscana-rosati-fr","7":"product_cat-vins-roses","8":"product_cat-zone-de-production-montecarlo-rosati","9":"product_tag-merlot_and-fr","10":"product_tag-sangiovese_and-fr","11":"product_tag-syrah_and-fr","12":"product_tag-vinicarmignani-fr","14":"first","15":"instock","16":"taxable","17":"shipping-taxable","18":"purchasable","19":"product-type-simple"},"aioseo_notices":[],"_links":{"self":[{"href":"https:\/\/lovebiowines.com\/fr\/wp-json\/wp\/v2\/product\/8375","targetHints":{"allow":["GET"]}}],"collection":[{"href":"https:\/\/lovebiowines.com\/fr\/wp-json\/wp\/v2\/product"}],"about":[{"href":"https:\/\/lovebiowines.com\/fr\/wp-json\/wp\/v2\/types\/product"}],"version-history":[{"count":0,"href":"https:\/\/lovebiowines.com\/fr\/wp-json\/wp\/v2\/product\/8375\/revisions"}],"wp:featuredmedia":[{"embeddable":true,"href":"https:\/\/lovebiowines.com\/fr\/wp-json\/wp\/v2\/media\/1474"}],"wp:attachment":[{"href":"https:\/\/lovebiowines.com\/fr\/wp-json\/wp\/v2\/media?parent=8375"}],"wp:term":[{"taxonomy":"product_brand","embeddable":true,"href":"https:\/\/lovebiowines.com\/fr\/wp-json\/wp\/v2\/product_brand?post=8375"},{"taxonomy":"product_cat","embeddable":true,"href":"https:\/\/lovebiowines.com\/fr\/wp-json\/wp\/v2\/product_cat?post=8375"},{"taxonomy":"product_tag","embeddable":true,"href":"https:\/\/lovebiowines.com\/fr\/wp-json\/wp\/v2\/product_tag?post=8375"}],"curies":[{"name":"wp","href":"https:\/\/api.w.org\/{rel}","templated":true}]}}