{"id":8374,"date":"2023-08-02T23:02:09","date_gmt":"2023-08-02T21:02:09","guid":{"rendered":"https:\/\/lovebiowines.com\/product\/tenuta-adamo-toscana-rosato\/"},"modified":"2023-08-02T23:02:09","modified_gmt":"2023-08-02T21:02:09","slug":"tenuta-adamo-toscana-rosato","status":"publish","type":"product","link":"https:\/\/lovebiowines.com\/fr\/produit\/tenuta-adamo-toscana-rosato\/","title":{"rendered":"Tenuta Adamo \u2013 Toscana Rosato"},"content":{"rendered":"<h5>\n            <span style=\"font-size: 16px;\">ndication G\u00e9ographique Typique<\/span><br \/>\n          <\/h5>\n<div class=\"et_pb_module et_pb_text et_pb_text_7 descrizione-prodotti et_pb_text_align_left et_pb_bg_layout_light\">\n<div class=\"et_pb_text_inner\">\n<h5>Sangiovese, Merlot, Cabernet et de petits pourcentages de Muscat de Hambourg.<\/h5>\n<h5>La couleur est rose poudr\u00e9 avec des nuances de peau d&rsquo;oignon. Au nez on retrouve des notes d&rsquo;\u00e9glantine et des notes fruit\u00e9es de cerise. Rond en bouche avec d&rsquo;agr\u00e9ables sensations de douceur. Le final est savoureux et sec.<\/h5>\n<h5>Il s&rsquo;appr\u00e9cie \u00e0 une temp\u00e9rature de 10 \u2013 12 \u00b0C.<\/h5>\n<\/p><\/div>\n<\/p><\/div>\n","protected":false},"excerpt":{"rendered":"<p>          <img loading=\"lazy\" decoding=\"async\" class=\"alignnone size-full wp-image-53\" src=\"https:\/\/lovebiowines.com\/wp-content\/uploads\/2023\/07\/fascia-italia-1-300x20-1.png\" alt=\"Produits Made in Italy\" width=\"300\" height=\"20\"><\/p>\n<div class=\"et_pb_module et_pb_text et_pb_text_7 descrizione-prodotti et_pb_text_align_left et_pb_bg_layout_light\">\n<div class=\"et_pb_text_inner\">\n<h5>Sangiovese, Merlot, Cabernet et de petits pourcentages de Muscat de Hambourg.<\/h5>\n<\/p><\/div>\n<\/p><\/div>\n","protected":false},"featured_media":1462,"template":"","meta":{"_monsterinsights_skip_tracking":false,"_monsterinsights_sitenote_active":false,"_monsterinsights_sitenote_note":"","_monsterinsights_sitenote_category":0,"_uf_show_specific_survey":0,"_uf_disable_surveys":false},"product_brand":[],"product_cat":[20],"product_tag":[],"class_list":{"0":"post-8374","1":"product","2":"type-product","3":"status-publish","4":"has-post-thumbnail","6":"product_cat-vini-rosati","8":"first","9":"instock","10":"taxable","11":"shipping-taxable","12":"purchasable","13":"product-type-simple"},"aioseo_notices":[],"_links":{"self":[{"href":"https:\/\/lovebiowines.com\/fr\/wp-json\/wp\/v2\/product\/8374","targetHints":{"allow":["GET"]}}],"collection":[{"href":"https:\/\/lovebiowines.com\/fr\/wp-json\/wp\/v2\/product"}],"about":[{"href":"https:\/\/lovebiowines.com\/fr\/wp-json\/wp\/v2\/types\/product"}],"version-history":[{"count":0,"href":"https:\/\/lovebiowines.com\/fr\/wp-json\/wp\/v2\/product\/8374\/revisions"}],"wp:featuredmedia":[{"embeddable":true,"href":"https:\/\/lovebiowines.com\/fr\/wp-json\/wp\/v2\/media\/1462"}],"wp:attachment":[{"href":"https:\/\/lovebiowines.com\/fr\/wp-json\/wp\/v2\/media?parent=8374"}],"wp:term":[{"taxonomy":"product_brand","embeddable":true,"href":"https:\/\/lovebiowines.com\/fr\/wp-json\/wp\/v2\/product_brand?post=8374"},{"taxonomy":"product_cat","embeddable":true,"href":"https:\/\/lovebiowines.com\/fr\/wp-json\/wp\/v2\/product_cat?post=8374"},{"taxonomy":"product_tag","embeddable":true,"href":"https:\/\/lovebiowines.com\/fr\/wp-json\/wp\/v2\/product_tag?post=8374"}],"curies":[{"name":"wp","href":"https:\/\/api.w.org\/{rel}","templated":true}]}}