{"id":8373,"date":"2023-08-02T23:02:09","date_gmt":"2023-08-02T21:02:09","guid":{"rendered":"https:\/\/lovebiowines.com\/product\/valle-del-sole-occhi-di-fata-igt-toscana-rosato\/"},"modified":"2023-08-02T23:02:09","modified_gmt":"2023-08-02T21:02:09","slug":"valle-del-sole-occhi-di-fata-igt-toscana-rosato","status":"publish","type":"product","link":"https:\/\/lovebiowines.com\/fr\/produit\/valle-del-sole-occhi-di-fata-igt-toscana-rosato\/","title":{"rendered":"Valle del Sole \u2013 Occhi di Fata \u2013 Igt Toscana Rosato"},"content":{"rendered":"<h5>OCCHI DI FATA<\/h5>\n<h5 class=\"cvGsUA direction-ltr align-justify para-style-body\"><span class=\"OYPEnA text-decoration-none text-strikethrough-none\">APPELLATION:<\/span> <span class=\"OYPEnA text-decoration-none text-strikethrough-none\">IGT Toscana Rosato<\/span><\/h5>\n<h5 class=\"cvGsUA direction-ltr align-justify para-style-body\"><span class=\"OYPEnA text-decoration-none text-strikethrough-none\">Zones de production : Toscane &#8211; Lucques<\/span><\/h5>\n<h5 class=\"cvGsUA direction-ltr align-justify para-style-body\"><span class=\"OYPEnA text-decoration-none text-strikethrough-none\">CEPAGE: 100% Sangiovese<\/span><\/h5>\n<h5 class=\"cvGsUA direction-ltr align-justify para-style-body\"><span class=\"OYPEnA text-decoration-none text-strikethrough-none\">TYPE DE PRODUCTION :<\/span> <span class=\"OYPEnA text-decoration-none text-strikethrough-none\">Certifi\u00e9 Biologique<\/span><\/h5>\n<h5 class=\"cvGsUA direction-ltr align-justify para-style-body\"><span class=\"OYPEnA text-decoration-none text-strikethrough-none\">CARACT\u00c9RISTIQUES DU VIGNOBLE : 70-100 m. au-dessus du niveau de la mer ; Exposition Sud\/Ouest<\/span><\/h5>\n<h5 class=\"cvGsUA direction-ltr align-justify para-style-body\"><span class=\"OYPEnA text-decoration-none text-strikethrough-none\">Syst\u00e8me de conduite : Guyot &#8211; Densit\u00e9 de vignes \u00e0 l&rsquo;hectare : 5000 plants<\/span><\/h5>\n<h5 class=\"cvGsUA direction-ltr align-justify para-style-body\"><span class=\"OYPEnA text-decoration-none text-strikethrough-none\">PRODUCTION ANNUELLE : Production annuelle : De 3 000 \u00e0 6 000 flacons de 750 ml. selon l&rsquo;ann\u00e9e<\/span><\/h5>\n<h5 class=\"cvGsUA direction-ltr align-justify para-style-body\"><span class=\"OYPEnA text-decoration-none text-strikethrough-none\">VINIFICATION ET AFFINAGE <\/span>: <span class=\"OYPEnA text-decoration-none text-strikethrough-none\">Vendanges : Manuelles &#8211; Foulage : Pressurage de raisins entiers &#8211; Fermentation : Avec levures indig\u00e8nes en cuve inox &#8211; Temp\u00e9rature de fermentation : contr\u00f4l\u00e9e 16\/18\u00b0 &#8211; Affinage: 6 mois en cuve inox &#8211; Acidit\u00e9 totale : De 5,00 \u00e0 6,00 g\/ Cela d\u00e9pend du mill\u00e9sime<\/span><\/h5>\n<h5 class=\"cvGsUA direction-ltr align-justify para-style-body\"><span class=\"OYPEnA text-decoration-none text-strikethrough-none\">NOTES DE D\u00c9GUSTATION<\/span><\/h5>\n<h5 class=\"cvGsUA direction-ltr align-justify para-style-body\"><span class=\"OYPEnA text-decoration-none text-strikethrough-none\">A LA VUE \u2013 Couleur Rose Poudr\u00e9<\/span><\/h5>\n<h5 class=\"cvGsUA direction-ltr align-justify para-style-body\"><span class=\"OYPEnA text-decoration-none text-strikethrough-none\">AU NEZ \u2013 Parfum de p\u00e9tales de rose, de p\u00eache et d\u2019herbes aromatiques<\/span><\/h5>\n<h5 class=\"cvGsUA direction-ltr align-justify para-style-body\"><span class=\"OYPEnA text-decoration-none text-strikethrough-none\">EN BOUCHE \u2013 Frais et savoureux en bouche<\/span><\/h5>\n<h5 class=\"cvGsUA direction-ltr align-justify para-style-body\"><span class=\"OYPEnA text-decoration-none text-strikethrough-none\">ACCORDS METS<\/span><\/h5>\n<h5 class=\"cvGsUA direction-ltr align-justify para-style-body\"><span class=\"OYPEnA text-decoration-none text-strikethrough-none\">Les Occhi di fata accompagnent parfaitement les entr\u00e9es, les viandes blanches et les plats \u00e0 base de poisson.<\/span><\/h5>\n<h5 class=\"cvGsUA direction-ltr align-justify para-style-body\"><span class=\"OYPEnA text-decoration-none text-strikethrough-none\">TENEUR EN ALCOOL &#8211; TEMP\u00c9RATURE ET MODE DE SERVICE<\/span><\/h5>\n<h5 class=\"cvGsUA direction-ltr align-justify para-style-body\"><span class=\"OYPEnA text-decoration-none text-strikethrough-none\">Vol de 12,5% \u00e0 13,0% selon les mill\u00e9simes &#8211; Temp\u00e9rature de service : Froid<\/span><\/h5>\n<h5 class=\"cvGsUA direction-ltr align-justify para-style-body\"><span class=\"OYPEnA text-decoration-none text-strikethrough-none\">ADDITIFS\/ALLERG\u00c8NES<\/span><\/h5>\n<h5 class=\"cvGsUA direction-ltr align-justify para-style-body\"><span class=\"OYPEnA text-decoration-none text-strikethrough-none\">Contient des sulfites<\/span><\/h5>\n<h5><a href=\"https:\/\/lovebiowines.com\/wp-content\/uploads\/2024\/08\/I-Vini-di-Valle-del-Sole_LoveBiowines-2.pdf\">Les Vins de la Valle del Sole_Fiche technique en PDF<\/a><\/h5>\n","protected":false},"excerpt":{"rendered":"<h5><img loading=\"lazy\" decoding=\"async\" class=\"alignnone size-full wp-image-53\" src=\"https:\/\/lovebiowines.com\/wp-content\/uploads\/2023\/07\/fascia-italia-1-300x20-1.png\" alt=\"Produits Made in Italy\" width=\"300\" height=\"20\"><\/h5>\n<h5><img loading=\"lazy\" decoding=\"async\" class=\"alignnone wp-image-3887\" src=\"https:\/\/lovebiowines.com\/wp-content\/uploads\/2024\/01\/logo-bio-300x201.jpg\" alt=\"\" width=\"75\" height=\"51\" srcset=\"https:\/\/lovebiowines.com\/wp-content\/uploads\/2024\/01\/logo-bio-300x204.jpg 300w, https:\/\/lovebiowines.com\/wp-content\/uploads\/2024\/01\/logo-bio.jpg 305w\" sizes=\"auto, (max-width: 75px) 100vw, 75px\" \/><\/h5>\n<h5><strong>100% Sangiovese \u2013 <\/strong>Vieillissement: 6 mois ien f\u00fbt d&rsquo;acier<\/h5>\n<h5><a href=\"\/?p=1191\">D\u00e9couvrez tous les vins de la Valle del Sole !<\/a><\/h5>\n<h5><a href=\"https:\/\/lovebiowines.com\/prodotto\/valle-del-sole-ebrius-igt-toscano-sangiovese\/\">Ebrius<\/a> \u2013 <a href=\"https:\/\/lovebiowines.com\/prodotto\/valle-del-sole-hama-igt-toscana-trebbiano\/\">H\u2019Ama<\/a> \u2013 <a href=\"https:\/\/lovebiowines.com\/prodotto\/valle-del-sole-libente-igt-toscana-rosso\/\">Libente<\/a> \u2013 <a href=\"https:\/\/lovebiowines.com\/prodotto\/valle-del-sole-malie-igt-toscana-bianco\/\">Malie<\/a> \u2013 <a href=\"https:\/\/lovebiowines.com\/prodotto\/valle-del-sole-linchetto-igt-toscana-rosso\/\">Linchetto<\/a> \u2013 <a href=\"https:\/\/lovebiowines.com\/prodotto\/valle-del-sole-soleo-itg-toscana-bianco-vendemmia-tardiva\/\">Soleo<\/a><\/h5>\n<h5><a href=\"https:\/\/lovebiowines.com\/wp-content\/uploads\/2023\/08\/I-Vini-di-Valle-del-Sole_LoVeBioWines-1.pdf\">Les Vins de la Valle del Sole &#8211; Fiches PDF<\/a><\/h5>\n","protected":false},"featured_media":3965,"template":"","meta":{"_monsterinsights_skip_tracking":false,"_monsterinsights_sitenote_active":false,"_monsterinsights_sitenote_note":"","_monsterinsights_sitenote_category":0,"_uf_show_specific_survey":0,"_uf_disable_surveys":false},"product_brand":[],"product_cat":[527,480,518,525,526],"product_tag":[532,453,433,528,494,430,431],"class_list":{"0":"post-8373","1":"product","2":"type-product","3":"status-publish","4":"has-post-thumbnail","6":"product_cat-igt-toscana-rosati-fr","7":"product_cat-vins-certifies-biologiques","8":"product_cat-vins-dagriculture-biodynamique","9":"product_cat-vins-roses","10":"product_cat-zone-de-production-colline-lucchesi-versilia-rose","11":"product_tag-biologique","12":"product_tag-colline-lucchesi-fr","13":"product_tag-lucques-biodynamique","14":"product_tag-rose-fr-2","15":"product_tag-sangiovese100-fr","16":"product_tag-valle-del-sole-fr","17":"product_tag-vinivalledelsole-fr","19":"first","20":"instock","21":"taxable","22":"shipping-taxable","23":"purchasable","24":"product-type-simple"},"aioseo_notices":[],"_links":{"self":[{"href":"https:\/\/lovebiowines.com\/fr\/wp-json\/wp\/v2\/product\/8373","targetHints":{"allow":["GET"]}}],"collection":[{"href":"https:\/\/lovebiowines.com\/fr\/wp-json\/wp\/v2\/product"}],"about":[{"href":"https:\/\/lovebiowines.com\/fr\/wp-json\/wp\/v2\/types\/product"}],"version-history":[{"count":0,"href":"https:\/\/lovebiowines.com\/fr\/wp-json\/wp\/v2\/product\/8373\/revisions"}],"wp:featuredmedia":[{"embeddable":true,"href":"https:\/\/lovebiowines.com\/fr\/wp-json\/wp\/v2\/media\/3965"}],"wp:attachment":[{"href":"https:\/\/lovebiowines.com\/fr\/wp-json\/wp\/v2\/media?parent=8373"}],"wp:term":[{"taxonomy":"product_brand","embeddable":true,"href":"https:\/\/lovebiowines.com\/fr\/wp-json\/wp\/v2\/product_brand?post=8373"},{"taxonomy":"product_cat","embeddable":true,"href":"https:\/\/lovebiowines.com\/fr\/wp-json\/wp\/v2\/product_cat?post=8373"},{"taxonomy":"product_tag","embeddable":true,"href":"https:\/\/lovebiowines.com\/fr\/wp-json\/wp\/v2\/product_tag?post=8373"}],"curies":[{"name":"wp","href":"https:\/\/api.w.org\/{rel}","templated":true}]}}