{"id":8372,"date":"2023-08-07T15:49:27","date_gmt":"2023-08-07T13:49:27","guid":{"rendered":"https:\/\/lovebiowines.com\/product\/la-bolla-spumante-extra-dry-castagnini-soc-ag-vini-apuani\/"},"modified":"2023-08-07T15:49:27","modified_gmt":"2023-08-07T13:49:27","slug":"la-bolla-spumante-extra-dry-castagnini-soc-ag-vini-apuani","status":"publish","type":"product","link":"https:\/\/lovebiowines.com\/fr\/produit\/la-bolla-spumante-extra-dry-castagnini-soc-ag-vini-apuani\/","title":{"rendered":"La Bolla \u2013 Spumante Extra Dry \u2013 Castagnini Soc Ag Vini Apuani"},"content":{"rendered":"<h5><strong>C\u00e9page: <\/strong>Vermentino 80% \u2013 Chardonnay 20%<\/h5>\n<h5><strong>Couleur <\/strong>: Jaune paille p\u00e2le<\/h5>\n<h5><strong>Examen olfactif : <\/strong>le vin est fruit\u00e9 avec des notes de pomme<\/h5>\n<h5><strong>Vinification :<\/strong> Pressurage doux des raisins. Fermentation \u00e0 basse temp\u00e9rature et refermentation en autoclave pendant 2 mois<\/h5>\n<h5><strong>Vieillissement : <\/strong>non<\/h5>\n<h5><strong>Affinage en bouteille <\/strong>: 1 mois<\/h5>\n<h5><strong>Teneur en alcool <\/strong>: 11%<\/h5>\n<h5><strong>Acidit\u00e9 totale :<\/strong> 4,5% G\/l<\/h5>\n<h5><strong>Sucre r\u00e9siduel :<\/strong> Extra sec 25 mg\/l<\/h5>\n<h5><strong>Accords : Bolla Spumante Extra Dry <\/strong>est id\u00e9al aussi bien pour accompagner les mets tout au long du repas que pour \u00eatre d\u00e9gust\u00e9 avec des ap\u00e9ritifs.<\/h5>\n","protected":false},"excerpt":{"rendered":"<p><img loading=\"lazy\" decoding=\"async\" class=\"alignnone size-full wp-image-53\" src=\"https:\/\/lovebiowines.com\/wp-content\/uploads\/2023\/07\/fascia-italia-1-300x20-1.png\" alt=\"Produits Made in Italy\" width=\"300\" height=\"20\"><\/p>\n<h5>Sur les collines Apuanes, entre les carri\u00e8res de marbre blanc et la mer, est n\u00e9e la cave Castagnini.<\/h5>\n<h5><a href=\"https:\/\/lovebiowines.com\/castagnini-vini-apuani\/\">D\u00e9couvrez tous les vins de la soci\u00e9t\u00e9 Vini Apuani Castagnini !<\/a><\/h5>\n<p>Pour le moment, le produit ne peut \u00eatre vendu et exp\u00e9di\u00e9 qu&rsquo;en Italie<\/p>\n","protected":false},"featured_media":5543,"template":"","meta":{"_monsterinsights_skip_tracking":false,"_monsterinsights_sitenote_active":false,"_monsterinsights_sitenote_note":"","_monsterinsights_sitenote_category":0,"_uf_show_specific_survey":0,"_uf_disable_surveys":false},"product_brand":[],"product_cat":[495,498,496,499],"product_tag":[559,482,503,531],"class_list":{"0":"post-8372","1":"product","2":"type-product","3":"status-publish","4":"has-post-thumbnail","6":"product_cat-mousseaux-et-vin-liquereux","7":"product_cat-vins-blancs","8":"product_cat-vins-issus-de-lagriculture-bio-non-certifies","9":"product_cat-zone-de-production-candia-et-collines-apuanes-blancs","10":"product_tag-chardonnay_and-fr","11":"product_tag-qta-fr","12":"product_tag-vermentino_and-fr","13":"product_tag-vinicastagni-fr","15":"first","16":"instock","17":"taxable","18":"shipping-taxable","19":"purchasable","20":"product-type-simple"},"aioseo_notices":[],"_links":{"self":[{"href":"https:\/\/lovebiowines.com\/fr\/wp-json\/wp\/v2\/product\/8372","targetHints":{"allow":["GET"]}}],"collection":[{"href":"https:\/\/lovebiowines.com\/fr\/wp-json\/wp\/v2\/product"}],"about":[{"href":"https:\/\/lovebiowines.com\/fr\/wp-json\/wp\/v2\/types\/product"}],"version-history":[{"count":0,"href":"https:\/\/lovebiowines.com\/fr\/wp-json\/wp\/v2\/product\/8372\/revisions"}],"wp:featuredmedia":[{"embeddable":true,"href":"https:\/\/lovebiowines.com\/fr\/wp-json\/wp\/v2\/media\/5543"}],"wp:attachment":[{"href":"https:\/\/lovebiowines.com\/fr\/wp-json\/wp\/v2\/media?parent=8372"}],"wp:term":[{"taxonomy":"product_brand","embeddable":true,"href":"https:\/\/lovebiowines.com\/fr\/wp-json\/wp\/v2\/product_brand?post=8372"},{"taxonomy":"product_cat","embeddable":true,"href":"https:\/\/lovebiowines.com\/fr\/wp-json\/wp\/v2\/product_cat?post=8372"},{"taxonomy":"product_tag","embeddable":true,"href":"https:\/\/lovebiowines.com\/fr\/wp-json\/wp\/v2\/product_tag?post=8372"}],"curies":[{"name":"wp","href":"https:\/\/api.w.org\/{rel}","templated":true}]}}