{"id":8370,"date":"2023-08-09T14:21:12","date_gmt":"2023-08-09T12:21:12","guid":{"rendered":"https:\/\/lovebiowines.com\/product\/carmignani-intrigo-100-chardonnay\/"},"modified":"2023-08-09T14:21:12","modified_gmt":"2023-08-09T12:21:12","slug":"carmignani-intrigo-100-chardonnay","status":"publish","type":"product","link":"https:\/\/lovebiowines.com\/fr\/produit\/carmignani-intrigo-100-chardonnay\/","title":{"rendered":"Carmignani \u2013 Intrigo -100% Chardonnay"},"content":{"rendered":"<div id=\"tab-description\" class=\"woocommerce-Tabs-panel woocommerce-Tabs-panel--description panel entry-content wc-tab\" role=\"tabpanel\" aria-labelledby=\"tab-title-description\">\n<div class=\"post-content\">\n<h5><em>Le vin Intrigo est \u00e9galement disponible en bouteilles magnum. Si vous \u00eates int\u00e9ress\u00e9s contactez-nous.<\/em><\/h5>\n<h5>Intrigo IGT est un vin produit uniquement \u00e0 partir de raisins Chardonnay et vieilli en f\u00fbts d&rsquo;acacia hongrois pendant huit mois, suivi de six mois d&rsquo;affinage en bouteille.<\/h5>\n<h5>Les f\u00fbts d&rsquo;acacia hongrois ont l&rsquo;avantage de ne pas masquer l&rsquo;ar\u00f4me typique de citrine d\u00e9velopp\u00e9 par la vigne, mais de rehausser sa qualit\u00e9 et de l&rsquo;enrichir d&rsquo;une note d\u00e9licate.<\/h5>\n<h5>La couleur est d&rsquo;un jaune paille intense. Le nez r\u00e9v\u00e8le des notes de fleurs d&rsquo;acacia, de c\u00e8dre, de prune jaune et de vanille.<\/h5>\n<h5>En bouche, il r\u00e9v\u00e8le une note de douceur donn\u00e9e au vin par des nuances de miel d&rsquo;acacia, soutenue par une bonne fra\u00eecheur et saveur.<\/h5>\n<h5>Bon accord avec les plats de poisson grill\u00e9, les viandes blanches r\u00f4ties et les fromages moyennement affin\u00e9s.<\/h5>\n<h5>Servir \u00e0 10\u00b0C.<\/h5>\n<h5>Contient des sulfites.<\/h5>\n<h5><a href=\"https:\/\/lovebiowines.com\/wp-content\/uploads\/2023\/10\/Schede-Fattoria-Carmignani.pdf\">Fiches Vins Fattoria Carmignani<\/a><\/h5>\n<\/div>\n<\/div>\n","protected":false},"excerpt":{"rendered":"<p><img loading=\"lazy\" decoding=\"async\" class=\"alignnone size-full wp-image-53\" src=\"https:\/\/lovebiowines.com\/wp-content\/uploads\/2023\/07\/fascia-italia-1-300x20-1.png\" alt=\"Produits Made in Italy\" width=\"300\" height=\"20\"><\/p>\n<h5><a href=\"\/?p=1218\">D\u00e9couvrez tous les vins de la Fattoria Carmignani<\/a><\/h5>\n<h5>C\u00e9page: 100 % Chardonnay<\/h5>\n","protected":false},"featured_media":1516,"template":"","meta":{"_monsterinsights_skip_tracking":false,"_monsterinsights_sitenote_active":false,"_monsterinsights_sitenote_note":"","_monsterinsights_sitenote_category":0,"_uf_show_specific_survey":0,"_uf_disable_surveys":false},"product_brand":[],"product_cat":[500,520,498,521],"product_tag":[561,434],"class_list":{"0":"post-8370","1":"product","2":"type-product","3":"status-publish","4":"has-post-thumbnail","6":"product_cat-horeca-blanc","7":"product_cat-igt-tuscany-white-fr","8":"product_cat-vins-blancs","9":"product_cat-zone-de-production-montecarlo-bianchi","10":"product_tag-chardonnay100-fr","11":"product_tag-vinicarmignani-fr","13":"first","14":"instock","15":"taxable","16":"shipping-taxable","17":"purchasable","18":"product-type-simple"},"aioseo_notices":[],"_links":{"self":[{"href":"https:\/\/lovebiowines.com\/fr\/wp-json\/wp\/v2\/product\/8370","targetHints":{"allow":["GET"]}}],"collection":[{"href":"https:\/\/lovebiowines.com\/fr\/wp-json\/wp\/v2\/product"}],"about":[{"href":"https:\/\/lovebiowines.com\/fr\/wp-json\/wp\/v2\/types\/product"}],"version-history":[{"count":0,"href":"https:\/\/lovebiowines.com\/fr\/wp-json\/wp\/v2\/product\/8370\/revisions"}],"wp:featuredmedia":[{"embeddable":true,"href":"https:\/\/lovebiowines.com\/fr\/wp-json\/wp\/v2\/media\/1516"}],"wp:attachment":[{"href":"https:\/\/lovebiowines.com\/fr\/wp-json\/wp\/v2\/media?parent=8370"}],"wp:term":[{"taxonomy":"product_brand","embeddable":true,"href":"https:\/\/lovebiowines.com\/fr\/wp-json\/wp\/v2\/product_brand?post=8370"},{"taxonomy":"product_cat","embeddable":true,"href":"https:\/\/lovebiowines.com\/fr\/wp-json\/wp\/v2\/product_cat?post=8370"},{"taxonomy":"product_tag","embeddable":true,"href":"https:\/\/lovebiowines.com\/fr\/wp-json\/wp\/v2\/product_tag?post=8370"}],"curies":[{"name":"wp","href":"https:\/\/api.w.org\/{rel}","templated":true}]}}