{"id":8369,"date":"2023-08-02T23:01:57","date_gmt":"2023-08-02T21:01:57","guid":{"rendered":"https:\/\/lovebiowines.com\/product\/valle-del-sole-malie-igt-toscana-bianco-bio\/"},"modified":"2023-08-02T23:01:57","modified_gmt":"2023-08-02T21:01:57","slug":"valle-del-sole-malie-igt-toscana-bianco-bio","status":"publish","type":"product","link":"https:\/\/lovebiowines.com\/fr\/produit\/valle-del-sole-malie-igt-toscana-bianco-bio\/","title":{"rendered":"Valle del Sole \u2013 Malie \u2013 Igt Toscana Bianco Bio"},"content":{"rendered":"<h5>MALIE<\/h5>\n<h5 class=\"cvGsUA direction-ltr align-justify para-style-body\"><span class=\"OYPEnA text-decoration-none text-strikethrough-none\">APPELLATION : <\/span><span class=\"OYPEnA text-decoration-none text-strikethrough-none\">IGT Toscana Bianco<\/span><\/h5>\n<h5 class=\"cvGsUA direction-ltr align-justify para-style-body\"><span class=\"OYPEnA text-decoration-none text-strikethrough-none\">Zones de production : Toscane &#8211; Lucques<\/span><\/h5>\n<h5 class=\"cvGsUA direction-ltr align-justify para-style-body\"><span class=\"OYPEnA text-decoration-none text-strikethrough-none\">CEPAGE: 60% Vermentino \u2013 30% Chardonnay \u2013 10% Grechetto<\/span><\/h5>\n<h5 class=\"cvGsUA direction-ltr align-justify para-style-body\"><span class=\"OYPEnA text-decoration-none text-strikethrough-none\">TYPE DE PRODUCTION :<\/span> <span class=\"OYPEnA text-decoration-none text-strikethrough-none\">Certifi\u00e9 Biologique<\/span><\/h5>\n<h5 class=\"cvGsUA direction-ltr align-justify para-style-body\"><span class=\"OYPEnA text-decoration-none text-strikethrough-none\">CARACT\u00c9RISTIQUES DU VIGNOBLE : 70-100 m. au-dessus du niveau de la mer \u2013 Exposition Sud\/Est-Sud\/Ouest (Loc Cappella \u2013 Lucca) &#8211; Syst\u00e8me de conduite Guyot &#8211; Densit\u00e9 de vignes \u00e0 l&rsquo;hectare 5000 plants<\/span><\/h5>\n<h5 class=\"cvGsUA direction-ltr align-justify para-style-body\"><span class=\"OYPEnA text-decoration-none text-strikethrough-none\">PRODUCTION ANNUELLE : De 3 000 \u00e0 6 000 bouteilles de 750 ml. selon le mill\u00e9sime<\/span><\/h5>\n<h5 class=\"cvGsUA direction-ltr align-justify para-style-body\"><span class=\"OYPEnA text-decoration-none text-strikethrough-none\">VINIFICATION ET AFFINAGE (vieillissement) :<\/span> <span class=\"OYPEnA text-decoration-none text-strikethrough-none\">Vendanges : Manuelles &#8211; Pressurage : Pressurage de raisins entiers &#8211; Fermentation : Avec des levures indig\u00e8nes en cuve inox &#8211; Temp\u00e9rature de fermentation : contr\u00f4l\u00e9e 16\/18\u00b0 &#8211; Vieillissement : 6 mois en cuve inox<\/span><\/h5>\n<h5 class=\"cvGsUA direction-ltr align-justify para-style-body\"><span class=\"OYPEnA text-decoration-none text-strikethrough-none\">NOTES DE D\u00c9GUSTATION<\/span><\/h5>\n<h5 class=\"cvGsUA direction-ltr align-justify para-style-body\"><span class=\"OYPEnA text-decoration-none text-strikethrough-none\">A LA VUE \u2013 Couleur jaune paille<\/span><\/h5>\n<h5 class=\"cvGsUA direction-ltr align-justify para-style-body\"><span class=\"OYPEnA text-decoration-none text-strikethrough-none\">AU NEZ \u2013 Parfum de fleurs fra\u00eeches, d\u2019herbes aromatiques, d\u2019agrumes<\/span><\/h5>\n<h5 class=\"cvGsUA direction-ltr align-justify para-style-body\"><span class=\"OYPEnA text-decoration-none text-strikethrough-none\">EN BOUCHE \u2013 Frais, savoureux en bouche<\/span><\/h5>\n<h5 class=\"cvGsUA direction-ltr align-justify para-style-body\"><span class=\"OYPEnA text-decoration-none text-strikethrough-none\">ACCORDS METS<\/span><\/h5>\n<h5 class=\"cvGsUA direction-ltr align-justify para-style-body\"><span class=\"OYPEnA text-decoration-none text-strikethrough-none\">Le Malie s&rsquo;accorde parfaitement avec les entr\u00e9es de poisson, les entr\u00e9es et les seconds plats.<\/span><\/h5>\n<h5 class=\"cvGsUA direction-ltr align-justify para-style-body\"><span class=\"OYPEnA text-decoration-none text-strikethrough-none\">TENEUR EN ALCOOL &#8211; TEMP\u00c9RATURE ET MODE DE SERVICE<\/span><\/h5>\n<h5 class=\"cvGsUA direction-ltr align-justify para-style-body\"><span class=\"OYPEnA text-decoration-none text-strikethrough-none\">Vol de 13% \u00e0 13,50% selon les mill\u00e9simes &#8211; Temp\u00e9rature de service : Froid<\/span><\/h5>\n<h5 class=\"cvGsUA direction-ltr align-justify para-style-body\"><span class=\"OYPEnA text-decoration-none text-strikethrough-none\">ADDITIFS\/ALLERG\u00c8NES<\/span><\/h5>\n<h5 class=\"cvGsUA direction-ltr align-justify para-style-body\"><span class=\"OYPEnA text-decoration-none text-strikethrough-none\">Contient des sulfites<\/span><\/h5>\n<h5><a href=\"https:\/\/lovebiowines.com\/wp-content\/uploads\/2024\/08\/I-Vini-di-Valle-del-Sole_LoveBiowines-2.pdf\">Les Vins de la Valle del Sole_Fiche technique en PDF<\/a><\/h5>\n<p>&nbsp;<\/p>\n","protected":false},"excerpt":{"rendered":"<h5><img loading=\"lazy\" decoding=\"async\" class=\"alignnone size-full wp-image-53\" src=\"https:\/\/lovebiowines.com\/wp-content\/uploads\/2023\/07\/fascia-italia-1-300x20-1.png\" alt=\"Produits Made in Italy\" width=\"300\" height=\"20\"><\/h5>\n<h5><img loading=\"lazy\" decoding=\"async\" class=\"alignnone wp-image-3887\" src=\"https:\/\/lovebiowines.com\/wp-content\/uploads\/2024\/01\/logo-bio-300x201.jpg\" alt=\"\" width=\"75\" height=\"51\" srcset=\"https:\/\/lovebiowines.com\/wp-content\/uploads\/2024\/01\/logo-bio-300x204.jpg 300w, https:\/\/lovebiowines.com\/wp-content\/uploads\/2024\/01\/logo-bio.jpg 305w\" sizes=\"auto, (max-width: 75px) 100vw, 75px\" \/><\/h5>\n<h5>C\u00e9page: 60% Vermentino \u2013 30% Chardonnay \u2013 10% Grechetto<\/h5>\n<h5><a href=\"\/?p=1191\">D\u00e9couvrez tous les vins de la Valle del Sole !<\/a><\/h5>\n<h5><a href=\"https:\/\/lovebiowines.com\/prodotto\/valle-del-sole-ebrius-igt-toscano-sangiovese\/\">Ebrius<\/a> \u2013 <a href=\"https:\/\/lovebiowines.com\/prodotto\/valle-del-sole-hama-igt-toscana-trebbiano\/\">H\u2019Ama<\/a> \u2013 <a href=\"https:\/\/lovebiowines.com\/prodotto\/valle-del-sole-libente-igt-toscana-rosso\/\">Libente<\/a> \u2013 <a href=\"https:\/\/lovebiowines.com\/prodotto\/valle-del-sole-occhi-di-fata-rose\/\">Occhi di Fata<\/a> \u2013 <a href=\"https:\/\/lovebiowines.com\/prodotto\/valle-del-sole-linchetto-igt-toscana-rosso\/\">Linchetto<\/a> \u2013 <a href=\"https:\/\/lovebiowines.com\/prodotto\/valle-del-sole-soleo-itg-toscana-bianco-vendemmia-tardiva\/\">Soleo<\/a><\/h5>\n<h5><a href=\"https:\/\/lovebiowines.com\/wp-content\/uploads\/2023\/08\/I-Vini-di-Valle-del-Sole_LoVeBioWines-1.pdf\">Les Vins de la Valle del Sole &#8211; Fiches PDF<\/a><\/h5>\n","protected":false},"featured_media":3973,"template":"","meta":{"_monsterinsights_skip_tracking":false,"_monsterinsights_sitenote_active":false,"_monsterinsights_sitenote_note":"","_monsterinsights_sitenote_category":0,"_uf_show_specific_survey":0,"_uf_disable_surveys":false},"product_brand":[],"product_cat":[520,451,498,480,518,519],"product_tag":[537,532,559,560,446,430,503,431],"class_list":{"0":"post-8369","1":"product","2":"type-product","3":"status-publish","4":"has-post-thumbnail","6":"product_cat-igt-tuscany-white-fr","7":"product_cat-offres","8":"product_cat-vins-blancs","9":"product_cat-vins-certifies-biologiques","10":"product_cat-vins-dagriculture-biodynamique","11":"product_cat-zone-de-production-colline-lucchesi-versilia-blancs","12":"product_tag-biodynamic-agriculture-fr","13":"product_tag-biologique","14":"product_tag-chardonnay_and-fr","15":"product_tag-grechetto_and-fr","16":"product_tag-tuscanwine-fr","17":"product_tag-valle-del-sole-fr","18":"product_tag-vermentino_and-fr","19":"product_tag-vinivalledelsole-fr","21":"first","22":"instock","23":"taxable","24":"shipping-taxable","25":"purchasable","26":"product-type-simple"},"aioseo_notices":[],"_links":{"self":[{"href":"https:\/\/lovebiowines.com\/fr\/wp-json\/wp\/v2\/product\/8369","targetHints":{"allow":["GET"]}}],"collection":[{"href":"https:\/\/lovebiowines.com\/fr\/wp-json\/wp\/v2\/product"}],"about":[{"href":"https:\/\/lovebiowines.com\/fr\/wp-json\/wp\/v2\/types\/product"}],"version-history":[{"count":0,"href":"https:\/\/lovebiowines.com\/fr\/wp-json\/wp\/v2\/product\/8369\/revisions"}],"wp:featuredmedia":[{"embeddable":true,"href":"https:\/\/lovebiowines.com\/fr\/wp-json\/wp\/v2\/media\/3973"}],"wp:attachment":[{"href":"https:\/\/lovebiowines.com\/fr\/wp-json\/wp\/v2\/media?parent=8369"}],"wp:term":[{"taxonomy":"product_brand","embeddable":true,"href":"https:\/\/lovebiowines.com\/fr\/wp-json\/wp\/v2\/product_brand?post=8369"},{"taxonomy":"product_cat","embeddable":true,"href":"https:\/\/lovebiowines.com\/fr\/wp-json\/wp\/v2\/product_cat?post=8369"},{"taxonomy":"product_tag","embeddable":true,"href":"https:\/\/lovebiowines.com\/fr\/wp-json\/wp\/v2\/product_tag?post=8369"}],"curies":[{"name":"wp","href":"https:\/\/api.w.org\/{rel}","templated":true}]}}