{"id":8368,"date":"2023-08-02T23:02:08","date_gmt":"2023-08-02T21:02:08","guid":{"rendered":"https:\/\/lovebiowines.com\/product\/villa-sardini-orizzonte-rosa-rose\/"},"modified":"2023-08-02T23:02:08","modified_gmt":"2023-08-02T21:02:08","slug":"villa-sardini-orizzonte-rosa-rose","status":"publish","type":"product","link":"https:\/\/lovebiowines.com\/fr\/produit\/villa-sardini-orizzonte-rosa-rose\/","title":{"rendered":"Villa Sardini \u2013 Orizzonte Rosa \u2013 Ros\u00e9"},"content":{"rendered":"<h6>ORIZZONTE ROSA<\/h6>\n<h6 class=\"cvGsUA direction-ltr align-justify para-style-body\"><span class=\"OYPEnA text-decoration-none text-strikethrough-none\">APPELLATION:<\/span> <span class=\"OYPEnA text-decoration-none text-strikethrough-none\">IGT Toscana Rosato<\/span><\/h6>\n<h6 class=\"cvGsUA direction-ltr align-justify para-style-body\"><span class=\"OYPEnA text-decoration-none text-strikethrough-none\">Zones de production : Toscane &#8211; Lucques<\/span><\/h6>\n<h6 class=\"cvGsUA direction-ltr align-justify para-style-body\"><span class=\"OYPEnA text-decoration-none text-strikethrough-none\">CEPAGE: 100% Syrah<\/span><\/h6>\n<h6 class=\"cvGsUA direction-ltr align-justify para-style-body\"><span class=\"OYPEnA text-decoration-none text-strikethrough-none\">TYPE DE PRODUCTION :<\/span> <span class=\"OYPEnA text-decoration-none text-strikethrough-none\">Certifi\u00e9 Biologique<\/span><\/h6>\n<h6 class=\"cvGsUA direction-ltr align-justify para-style-body\"><span class=\"OYPEnA text-decoration-none text-strikethrough-none\">CARACT\u00c9RISTIQUES DU VIGNOBLE : Vignobles entourant Pieve Santo Stefano. Altitude 200-250 m au-dessus du niveau de la mer Sol argilo-limoneux, \u00e0 r\u00e9action neutre \u00e0 sub-acide, riche en \u00e9l\u00e9ments min\u00e9raux et pauvre en substance organique. Densit\u00e9 de plantation environ 5000 pieds\/ha<\/span><\/h6>\n<h6 class=\"cvGsUA direction-ltr align-justify para-style-body\"><span class=\"OYPEnA text-decoration-none text-strikethrough-none\">PRODUCTION ANNUELLE : 80 quintaux\/ha<\/span><\/h6>\n<h6 class=\"cvGsUA direction-ltr align-justify para-style-body\"><span class=\"OYPEnA text-decoration-none text-strikethrough-none\">VINIFICATION ET AFFINAGE<\/span><\/h6>\n<h6 class=\"cvGsUA direction-ltr align-justify para-style-body\"><span class=\"OYPEnA text-decoration-none text-strikethrough-none\">Les raisins, fra\u00eechement r\u00e9colt\u00e9s et entiers, sont d\u00e9licatement transf\u00e9r\u00e9s au pressoir o\u00f9 ils sont soumis \u00e0 un pressurage doux. Le mo\u00fbt, apr\u00e8s d\u00e9cantation statique \u00e0 froid et addition des lies les plus nobles, fermente dans des cuves en acier inoxydable de petite capacit\u00e9 \u00e0 une temp\u00e9rature de 14-16 degr\u00e9s. En fin de fermentation nous proc\u00e9dons \u00e0 un affinage sur lies fines pendant environ 5 \u00e0 6 mois. Apr\u00e8s affinage, le vin subit une l\u00e9g\u00e8re clarification, est mis en bouteille et laiss\u00e9 reposer en bouteille quelques mois avant sa commercialisation.<\/span><\/h6>\n<h6 class=\"cvGsUA direction-ltr align-justify para-style-body\"><span class=\"OYPEnA text-decoration-none text-strikethrough-none\">NOTES DE D\u00c9GUSTATION<\/span><\/h6>\n<h6 class=\"cvGsUA direction-ltr align-justify para-style-body\"><span class=\"OYPEnA text-decoration-none text-strikethrough-none\">\u00c0 LA VUE \u2013 Couleur rose clair, qui avec le temps vire au rose saumon\u00e9<\/span><\/h6>\n<h6 class=\"cvGsUA direction-ltr align-justify para-style-body\"><span class=\"OYPEnA text-decoration-none text-strikethrough-none\">AU NEZ \u2013 Ar\u00f4me typique, avec une certaine note fra\u00eeche, \u00e9pic\u00e9e et florale<\/span><\/h6>\n<h6 class=\"cvGsUA direction-ltr align-justify para-style-body\"><span class=\"OYPEnA text-decoration-none text-strikethrough-none\">EN BOUCHE \u2013 Saveur s\u00e8che et d\u00e9cisive, avec une bonne structure, \u00e9l\u00e9gante mais avec une saveur m\u00e9diterran\u00e9enne<\/p>\n<p><\/span><\/h6>\n<h6 class=\"cvGsUA direction-ltr align-justify para-style-body\"><span class=\"OYPEnA text-decoration-none text-strikethrough-none\">ACCORDS METS<\/span><\/h6>\n<h6 class=\"cvGsUA direction-ltr align-justify para-style-body\"><span class=\"OYPEnA text-decoration-none text-strikethrough-none\">Ros\u00e9 sec Vin tr\u00e8s polyvalent, il s&rsquo;accorde parfaitement avec les plats \u00e0 base de poisson, crus ou cuits. Excellent avec des crustac\u00e9s, des viandes r\u00f4ties d\u00e9licates ou des fromages frais et savoureux.<\/span><\/h6>\n<h6 class=\"cvGsUA direction-ltr align-justify para-style-body\"><span class=\"OYPEnA text-decoration-none text-strikethrough-none\">TENEUR EN ALCOOL &#8211; TEMP\u00c9RATURE ET MODE DE SERVICE<\/span><\/h6>\n<h6 class=\"cvGsUA direction-ltr align-justify para-style-body\"><span class=\"OYPEnA text-decoration-none text-strikethrough-none\">Vol 13% &#8211; Temp\u00e9rature 12\u00b0\/14\u00b0 &#8211; D\u00e9boucher imm\u00e9diatement<\/span><\/h6>\n<h6 class=\"cvGsUA direction-ltr align-justify para-style-body\"><span class=\"OYPEnA text-decoration-none text-strikethrough-none\">ADDITIFS\/ALLERG\u00c8NES<\/span><\/h6>\n<h6 class=\"cvGsUA direction-ltr align-justify para-style-body\"><span class=\"OYPEnA text-decoration-none text-strikethrough-none\">Contient des sulfites<\/span><\/h6>\n<h6><a href=\"https:\/\/lovebiowines.com\/wp-content\/uploads\/2024\/03\/I-Vini-di-Villa-Sardini_LOVEBIOWINES.pdf\">Les Fiches Techniques des Vins de la Villa Sardini en PDF<\/a><\/h6>\n<h6>Orizzonte Rosa est l&rsquo;un des vins de la cave Villa Sardini li\u00e9 au <a href=\"https:\/\/lovebiowines.com\/progetto-scipione\/\">Projet Scipione \u2013 Autisme de plus de 18 ans<\/a><\/h6>\n","protected":false},"excerpt":{"rendered":"<p><img loading=\"lazy\" decoding=\"async\" class=\"alignnone size-full wp-image-53\" src=\"https:\/\/lovebiowines.com\/wp-content\/uploads\/2023\/07\/fascia-italia-1-300x20-1.png\" alt=\"Produits Made in Italy\" width=\"300\" height=\"20\"><\/p>\n<h5>C\u00e9page: Syrah<\/h5>\n<h5><a href=\"\/?p=908\">D\u00e9couvrez tous les vins de la Villa Sardini !<\/a><\/h5>\n","protected":false},"featured_media":5713,"template":"","meta":{"_monsterinsights_skip_tracking":false,"_monsterinsights_sitenote_active":false,"_monsterinsights_sitenote_note":"","_monsterinsights_sitenote_category":0,"_uf_show_specific_survey":0,"_uf_disable_surveys":false},"product_brand":[],"product_cat":[527,451,480,525,526],"product_tag":[482,558,481,487],"class_list":{"0":"post-8368","1":"product","2":"type-product","3":"status-publish","4":"has-post-thumbnail","6":"product_cat-igt-toscana-rosati-fr","7":"product_cat-offres","8":"product_cat-vins-certifies-biologiques","9":"product_cat-vins-roses","10":"product_cat-zone-de-production-colline-lucchesi-versilia-rose","11":"product_tag-qta-fr","12":"product_tag-syrah100-fr","13":"product_tag-villa-sardini-fr","14":"product_tag-vinivillasardini-fr","16":"first","17":"instock","18":"taxable","19":"shipping-taxable","20":"purchasable","21":"product-type-simple"},"aioseo_notices":[],"_links":{"self":[{"href":"https:\/\/lovebiowines.com\/fr\/wp-json\/wp\/v2\/product\/8368","targetHints":{"allow":["GET"]}}],"collection":[{"href":"https:\/\/lovebiowines.com\/fr\/wp-json\/wp\/v2\/product"}],"about":[{"href":"https:\/\/lovebiowines.com\/fr\/wp-json\/wp\/v2\/types\/product"}],"version-history":[{"count":0,"href":"https:\/\/lovebiowines.com\/fr\/wp-json\/wp\/v2\/product\/8368\/revisions"}],"wp:featuredmedia":[{"embeddable":true,"href":"https:\/\/lovebiowines.com\/fr\/wp-json\/wp\/v2\/media\/5713"}],"wp:attachment":[{"href":"https:\/\/lovebiowines.com\/fr\/wp-json\/wp\/v2\/media?parent=8368"}],"wp:term":[{"taxonomy":"product_brand","embeddable":true,"href":"https:\/\/lovebiowines.com\/fr\/wp-json\/wp\/v2\/product_brand?post=8368"},{"taxonomy":"product_cat","embeddable":true,"href":"https:\/\/lovebiowines.com\/fr\/wp-json\/wp\/v2\/product_cat?post=8368"},{"taxonomy":"product_tag","embeddable":true,"href":"https:\/\/lovebiowines.com\/fr\/wp-json\/wp\/v2\/product_tag?post=8368"}],"curies":[{"name":"wp","href":"https:\/\/api.w.org\/{rel}","templated":true}]}}