{"id":8367,"date":"2023-08-09T14:39:26","date_gmt":"2023-08-09T12:39:26","guid":{"rendered":"https:\/\/lovebiowines.com\/product\/valle-del-sole-hama-igt-toscana-trebbiano\/"},"modified":"2023-08-09T14:39:26","modified_gmt":"2023-08-09T12:39:26","slug":"valle-del-sole-hama-igt-toscana-trebbiano","status":"publish","type":"product","link":"https:\/\/lovebiowines.com\/fr\/produit\/valle-del-sole-hama-igt-toscana-trebbiano\/","title":{"rendered":"Valle del Sole &#8211; H\u2019Ama \u2013 IGT Toscana Trebbiano"},"content":{"rendered":"<h5>H&rsquo;AMA<\/h5>\n<h5 class=\"cvGsUA direction-ltr align-justify para-style-body\"><span class=\"OYPEnA text-decoration-none text-strikethrough-none\">APPELLATION : <\/span><span class=\"OYPEnA text-decoration-none text-strikethrough-none\">IGT Toscana Bianco<\/span><\/h5>\n<h5 class=\"cvGsUA direction-ltr align-justify para-style-body\"><span class=\"OYPEnA text-decoration-none text-strikethrough-none\">Zones de production : Toscane &#8211; Lucques<\/span><\/h5>\n<h5 class=\"cvGsUA direction-ltr align-justify para-style-body\"><span class=\"OYPEnA text-decoration-none text-strikethrough-none\">CEPAGE 100% Trebbiano<\/span><\/h5>\n<h5 class=\"cvGsUA direction-ltr align-justify para-style-body\"><span class=\"OYPEnA text-decoration-none text-strikethrough-none\">TYPE DE PRODUCTION :<\/span> <span class=\"OYPEnA text-decoration-none text-strikethrough-none\">Certifi\u00e9 Biologique<\/span><\/h5>\n<h5 class=\"cvGsUA direction-ltr align-justify para-style-body\"><span class=\"OYPEnA text-decoration-none text-strikethrough-none\">CARACT\u00c9RISTIQUES DU VIGNOBLE : 150 m. au-dessus du niveau de la mer \u2013 Exposition Sud\/Ouest (Loc Cappella \u2013 Lucca) &#8211; Syst\u00e8me de conduite Guyot &#8211; Densit\u00e9 de vignes \u00e0 l&rsquo;hectare 5000 \u2013 6500 plants<\/span><\/h5>\n<h5 class=\"cvGsUA direction-ltr align-justify para-style-body\"><span class=\"OYPEnA text-decoration-none text-strikethrough-none\">PRODUCTION ANNUELLE : De 1 000 \u00e0 1 500 flacons de 750 ml. selon le mill\u00e9sime<\/span><\/h5>\n<h5 class=\"cvGsUA direction-ltr align-justify para-style-body\"><span class=\"OYPEnA text-decoration-none text-strikethrough-none\">VINIFICATION ET AFFINAGE :<\/span> <span class=\"OYPEnA text-decoration-none text-strikethrough-none\">Vendanges r\u00e9alis\u00e9es manuellement avec s\u00e9lection compl\u00e9mentaire des grappes \u00e0 la vigne avant \u00e9grappage &#8211; Pressurage : Pigeage et remontages manuels &#8211; Fermentation : Avec des levures indig\u00e8nes en cuve inox &#8211; Temp\u00e9rature de fermentation : 16\/18\u00b0 contr\u00f4l\u00e9e &#8211; Affinage : 12 mois en cuves acier<\/span><\/h5>\n<h5 class=\"cvGsUA direction-ltr align-justify para-style-body\"><span class=\"OYPEnA text-decoration-none text-strikethrough-none\">NOTES DE D\u00c9GUSTATION<\/span><\/h5>\n<h5 class=\"cvGsUA direction-ltr align-justify para-style-body\"><span class=\"OYPEnA text-decoration-none text-strikethrough-none\">A LA VUE \u2013 Robe jaune paille, aux reflets dor\u00e9s<\/span><\/h5>\n<h5 class=\"cvGsUA direction-ltr align-justify para-style-body\"><span class=\"OYPEnA text-decoration-none text-strikethrough-none\">AU NEZ \u2013 Parfum d&rsquo;herbes fra\u00eeches et aromatiques, de petits fruits blancs frais, min\u00e9ral<\/span><\/h5>\n<h5 class=\"cvGsUA direction-ltr align-justify para-style-body\"><span class=\"OYPEnA text-decoration-none text-strikethrough-none\">EN BOUCHE \u2013 En bouche, doux, frais, savoureux<\/span><\/h5>\n<h5 class=\"cvGsUA direction-ltr align-justify para-style-body\"><span class=\"OYPEnA text-decoration-none text-strikethrough-none\">ACCORDS METS<\/span><\/h5>\n<h5 class=\"cvGsUA direction-ltr align-justify para-style-body\"><span class=\"OYPEnA text-decoration-none text-strikethrough-none\">H&rsquo;Ama, accord parfait avec du poisson cru, des spaghettis, des palourdes et poutargue, des viandes blanches.<\/span><\/h5>\n<h5 class=\"cvGsUA direction-ltr align-justify para-style-body\"><span class=\"OYPEnA text-decoration-none text-strikethrough-none\">TENEUR EN ALCOOL &#8211; TEMP\u00c9RATURE ET MODE DE SERVICE<\/span><\/h5>\n<h5 class=\"cvGsUA direction-ltr align-justify para-style-body\"><span class=\"OYPEnA text-decoration-none text-strikethrough-none\">Temp\u00e9rature de service : Froid<\/span><\/h5>\n<h5 class=\"cvGsUA direction-ltr align-justify para-style-body\"><span class=\"OYPEnA text-decoration-none text-strikethrough-none\">ADDITIFS\/ALLERG\u00c8NES<\/span><\/h5>\n<h5 class=\"cvGsUA direction-ltr align-justify para-style-body\"><span class=\"OYPEnA text-decoration-none text-strikethrough-none\">Contient des sulfites<\/span><\/h5>\n<h5><a href=\"https:\/\/lovebiowines.com\/wp-content\/uploads\/2024\/08\/I-Vini-di-Valle-del-Sole_LoveBiowines-2.pdf\">Les Vins de la Valle del Sole_Fiche technique en PDF<\/a><\/h5>\n<p>&nbsp;<\/p>\n<p>&nbsp;<\/p>\n","protected":false},"excerpt":{"rendered":"<h5><img loading=\"lazy\" decoding=\"async\" class=\"alignnone size-full wp-image-53\" src=\"https:\/\/lovebiowines.com\/wp-content\/uploads\/2023\/07\/fascia-italia-1-300x20-1.png\" alt=\"Produits Made in Italy\" width=\"300\" height=\"20\"><\/h5>\n<h5><img loading=\"lazy\" decoding=\"async\" class=\"alignnone wp-image-3887\" src=\"https:\/\/lovebiowines.com\/wp-content\/uploads\/2024\/01\/logo-bio-300x201.jpg\" alt=\"\" width=\"75\" height=\"51\" srcset=\"https:\/\/lovebiowines.com\/wp-content\/uploads\/2024\/01\/logo-bio-300x204.jpg 300w, https:\/\/lovebiowines.com\/wp-content\/uploads\/2024\/01\/logo-bio.jpg 305w\" sizes=\"auto, (max-width: 75px) 100vw, 75px\" \/><\/h5>\n<h5><strong>100% Trebbiano<\/strong> &#8211; Vieillissement: 12 mois en cuves acier<\/h5>\n<h5><a href=\"\/?p=1191\">D\u00e9couvrez tous les vins de la Valle del Sole !<\/a><\/h5>\n<h5><a href=\"https:\/\/lovebiowines.com\/prodotto\/valle-del-sole-ebrius-igt-toscano-sangiovese\/\">Ebrius<\/a> &#8211; <a href=\"https:\/\/lovebiowines.com\/prodotto\/valle-del-sole-libente-igt-toscana-rosso\/\">Libente<\/a> &#8211; <a href=\"https:\/\/lovebiowines.com\/prodotto\/valle-del-sole-malie-igt-toscana-bianco\/\">Malie<\/a> &#8211; <a href=\"https:\/\/lovebiowines.com\/prodotto\/valle-del-sole-occhi-di-fata-rose\/\">Occhi di Fata<\/a> &#8211; <a href=\"https:\/\/lovebiowines.com\/prodotto\/valle-del-sole-linchetto-igt-toscana-rosso\/\">Linchetto<\/a> &#8211; <a href=\"https:\/\/lovebiowines.com\/prodotto\/valle-del-sole-soleo-itg-toscana-bianco-vendemmia-tardiva\/\">Soleo<\/a><\/h5>\n<h5><a href=\"https:\/\/lovebiowines.com\/wp-content\/uploads\/2023\/08\/I-Vini-di-Valle-del-Sole_LoVeBioWines-1.pdf\">Les Vins de la Valle del Sole &#8211; Fiches PDF<\/a><\/h5>\n","protected":false},"featured_media":3958,"template":"","meta":{"_monsterinsights_skip_tracking":false,"_monsterinsights_sitenote_active":false,"_monsterinsights_sitenote_note":"","_monsterinsights_sitenote_category":0,"_uf_show_specific_survey":0,"_uf_disable_surveys":false},"product_brand":[],"product_cat":[520,451,498,480,518,519],"product_tag":[482,557,430,431],"class_list":{"0":"post-8367","1":"product","2":"type-product","3":"status-publish","4":"has-post-thumbnail","6":"product_cat-igt-tuscany-white-fr","7":"product_cat-offres","8":"product_cat-vins-blancs","9":"product_cat-vins-certifies-biologiques","10":"product_cat-vins-dagriculture-biodynamique","11":"product_cat-zone-de-production-colline-lucchesi-versilia-blancs","12":"product_tag-qta-fr","13":"product_tag-trebbiano100-fr","14":"product_tag-valle-del-sole-fr","15":"product_tag-vinivalledelsole-fr","17":"first","18":"instock","19":"taxable","20":"shipping-taxable","21":"purchasable","22":"product-type-simple"},"aioseo_notices":[],"_links":{"self":[{"href":"https:\/\/lovebiowines.com\/fr\/wp-json\/wp\/v2\/product\/8367","targetHints":{"allow":["GET"]}}],"collection":[{"href":"https:\/\/lovebiowines.com\/fr\/wp-json\/wp\/v2\/product"}],"about":[{"href":"https:\/\/lovebiowines.com\/fr\/wp-json\/wp\/v2\/types\/product"}],"version-history":[{"count":0,"href":"https:\/\/lovebiowines.com\/fr\/wp-json\/wp\/v2\/product\/8367\/revisions"}],"wp:featuredmedia":[{"embeddable":true,"href":"https:\/\/lovebiowines.com\/fr\/wp-json\/wp\/v2\/media\/3958"}],"wp:attachment":[{"href":"https:\/\/lovebiowines.com\/fr\/wp-json\/wp\/v2\/media?parent=8367"}],"wp:term":[{"taxonomy":"product_brand","embeddable":true,"href":"https:\/\/lovebiowines.com\/fr\/wp-json\/wp\/v2\/product_brand?post=8367"},{"taxonomy":"product_cat","embeddable":true,"href":"https:\/\/lovebiowines.com\/fr\/wp-json\/wp\/v2\/product_cat?post=8367"},{"taxonomy":"product_tag","embeddable":true,"href":"https:\/\/lovebiowines.com\/fr\/wp-json\/wp\/v2\/product_tag?post=8367"}],"curies":[{"name":"wp","href":"https:\/\/api.w.org\/{rel}","templated":true}]}}