{"id":8366,"date":"2023-08-09T14:47:45","date_gmt":"2023-08-09T12:47:45","guid":{"rendered":"https:\/\/lovebiowines.com\/product\/fattoria-sardi-vallebuia-bianco-doc-colline-lucchesi-bio\/"},"modified":"2023-08-09T14:47:45","modified_gmt":"2023-08-09T12:47:45","slug":"fattoria-sardi-vallebuia-bianco-doc-colline-lucchesi-bio","status":"publish","type":"product","link":"https:\/\/lovebiowines.com\/fr\/produit\/fattoria-sardi-vallebuia-bianco-doc-colline-lucchesi-bio\/","title":{"rendered":"Fattoria Sardi \u2013 Vallebuia Bianco Doc Colline Lucchesi Bio"},"content":{"rendered":"<h6>VALLEBUIA BIANCO (Blanc)<\/h6>\n<h6 class=\"cvGsUA direction-ltr align-justify para-style-body\"><span class=\"OYPEnA text-decoration-none text-strikethrough-none\">APPELATION: DOC Colline Lucchesi<\/span><\/h6>\n<h6 class=\"cvGsUA direction-ltr align-justify para-style-body\"><span class=\"OYPEnA text-decoration-none text-strikethrough-none\">ZONE DE PRODUCTION : Toscane \u2013 Lucca<\/span><\/h6>\n<h6 class=\"cvGsUA direction-ltr align-justify para-style-body\"><span class=\"OYPEnA text-decoration-none text-strikethrough-none\">C\u00c9PAGE : Trebbiano, Vermentino et autres raisins blancs biologiques.<\/span><\/h6>\n<h6 class=\"cvGsUA direction-ltr align-justify para-style-body\"><span class=\"OYPEnA text-decoration-none text-strikethrough-none\">TYPE DE PRODUCTION : Certifi\u00e9 Biologique<\/span><\/h6>\n<h6 class=\"cvGsUA direction-ltr align-justify para-style-body\"><span class=\"OYPEnA text-decoration-none text-strikethrough-none\">CARACT\u00c9RISTIQUES DU VIGNOBLE :<\/span><\/h6>\n<h6 class=\"cvGsUA direction-ltr align-justify para-style-body\"><span class=\"OYPEnA text-decoration-none text-strikethrough-none\">PRODUCTION ANNUELLE :<\/span><\/h6>\n<h6 class=\"cvGsUA direction-ltr align-justify para-style-body\"><span class=\"OYPEnA text-decoration-none text-strikethrough-none\">VINIFICATION ET AFFINAGE : <\/span><span class=\"OYPEnA text-decoration-none text-strikethrough-none\">Vendanges manuelles. Mac\u00e9ration plus ou moins longue selon les ann\u00e9es dans un pressoir pneumatique. Pressurage doux et d\u00e9bourbage du jus \u00e0 basse temp\u00e9rature. Le jus est ferment\u00e9 \u00e0 temp\u00e9rature contr\u00f4l\u00e9e dans des cuves en b\u00e9ton et en acier inoxydable. La fermentation est spontan\u00e9e gr\u00e2ce \u00e0 l&rsquo;ajout de pied de cuve n\u00e9 dans le vignoble. Affinage sur lies fines pendant 4 mois. Chiarificato con bentonite e filtrato. Vin avec ajout de sulfites.<\/span><\/h6>\n<h6 class=\"cvGsUA direction-ltr align-justify para-style-body\"><span class=\"OYPEnA text-decoration-none text-strikethrough-none\">NOTES DE D\u00c9GUSTATION<\/span><\/h6>\n<h6 class=\"cvGsUA direction-ltr align-justify para-style-body\"><span class=\"OYPEnA text-decoration-none text-strikethrough-none\">\u00c0 LA VUE \u2013 Jaune p\u00e2le aux reflets verd\u00e2tres<\/span><\/h6>\n<h6 class=\"cvGsUA direction-ltr align-justify para-style-body\"><span class=\"OYPEnA text-decoration-none text-strikethrough-none\">AU NEZ \u2013 Intense, parfum\u00e9 et l\u00e9g\u00e8rement aromatique. Notes florales de fleurs roses et blanches. Notes de fruits \u00e0 pulpe jaune et blanche. L\u00e9g\u00e8re note \u00e9pic\u00e9e de poivre blanc<\/span><\/h6>\n<h6 class=\"cvGsUA direction-ltr align-justify para-style-body\"><span class=\"OYPEnA text-decoration-none text-strikethrough-none\">EN BOUCHE \u2013 Juteux, frais et savoureux<\/span><\/h6>\n<h6 class=\"cvGsUA direction-ltr align-justify para-style-body\"><span class=\"OYPEnA text-decoration-none text-strikethrough-none\">ACCORDS METS<\/span><\/h6>\n<h6 class=\"cvGsUA direction-ltr align-justify para-style-body\"><span class=\"OYPEnA text-decoration-none text-strikethrough-none\">Gr\u00e2ce \u00e0 sa fra\u00eecheur et sa saveur, Fattoria Sardi Vallebuia Bianco est un vin blanc d&rsquo;ap\u00e9ritif et pour accompagner les plats de poissons et crustac\u00e9s.<\/span><\/h6>\n<h6 class=\"cvGsUA direction-ltr align-justify para-style-body\"><span class=\"OYPEnA text-decoration-none text-strikethrough-none\">TENEUR EN ALCOOL &#8211; TEMP\u00c9RATURE ET MODE DE SERVICE<\/span><\/h6>\n<h6 class=\"cvGsUA direction-ltr align-justify para-style-body\"><span class=\"OYPEnA text-decoration-none text-strikethrough-none\">Il s&rsquo;appr\u00e9cie \u00e0 des temp\u00e9ratures de 10\u00b0C-12\u00b0C<\/span><\/h6>\n<h6 class=\"cvGsUA direction-ltr align-justify para-style-body\"><span class=\"OYPEnA text-decoration-none text-strikethrough-none\">ALLERG\u00c8NES<\/span><\/h6>\n<h6 class=\"cvGsUA direction-ltr align-justify para-style-body\"><span class=\"OYPEnA text-decoration-none text-strikethrough-none\">Contient des sulfites<\/span><\/h6>\n<div class=\"elementor-element elementor-element-1df5665 elementor-widget elementor-widget-text-editor\" data-id=\"1df5665\" data-element_type=\"widget\" data-widget_type=\"text-editor.default\">\n<div class=\"elementor-widget-container\">\n<h6 class=\"elementor-image-box-description\"><a href=\"https:\/\/lovebiowines.com\/wp-content\/uploads\/2024\/03\/I-Vini-di-fattoria-Sardi_LoVeBioWines.pdf\">Vins de ferme sardes &#8211; Fiches techniques en PDF<\/a><\/h6>\n<\/div>\n<\/div>\n","protected":false},"excerpt":{"rendered":"<p><img loading=\"lazy\" decoding=\"async\" class=\"alignnone size-full wp-image-53\" src=\"https:\/\/lovebiowines.com\/wp-content\/uploads\/2023\/07\/fascia-italia-1-300x20-1.png\" alt=\"Produits Made in Italy\" width=\"300\" height=\"20\"><\/p>\n<h5><span class=\"JsGRdQ\"><strong>Vari\u00e9t\u00e9 <\/strong>: Trebbiano, Vermentino et autres raisins blancs biologiques.<\/span><\/h5>\n<h5><a href=\"\/?p=164\">D\u00e9couvrez tous les vins de Fattoria Sardi !<\/a><\/h5>\n<h5><a href=\"https:\/\/lovebiowines.com\/prodotto\/fattoria-sardi-sebastiano-2018-doc-colline-lucchesi-bio\/\">Sebastiano<\/a> &#8211; <a href=\"https:\/\/lovebiowines.com\/prodotto\/fattoria-sardi-le-cicale-2021-rosato-igt-toscana-bio\/\">Le Cicale<\/a> &#8211; <a href=\"https:\/\/lovebiowines.com\/prodotto\/fattoria-sardi-rosso-merlot-madonnina-delluva-2021-doc-colline-lucchesi-rosso-bio\/\">Madonnina dell&rsquo;uva<\/a> &#8211; <a href=\"https:\/\/lovebiowines.com\/prodotto\/fattoria-sardi-vallebuia-bianco-doc-colline-lucchesi-bio\/\">13 Primavere<\/a> &#8211; <a href=\"https:\/\/lovebiowines.com\/prodotto\/sotto-villa-2022-vermentino-doc-colline-lucchesi-bio-fattoria-sardi\/\">Sotto Villa<\/a> &#8211; <a href=\"https:\/\/lovebiowines.com\/prodotto\/fattoria-sardi-vallebuia-2021-senza-so2-doc-colline-lucchesi-bio\/\">Vallebuia Rosso <\/a> <\/h5>\n","protected":false},"featured_media":4062,"template":"","meta":{"_monsterinsights_skip_tracking":false,"_monsterinsights_sitenote_active":false,"_monsterinsights_sitenote_note":"","_monsterinsights_sitenote_category":0,"_uf_show_specific_survey":0,"_uf_disable_surveys":false},"product_brand":[],"product_cat":[523,498,480,518,519],"product_tag":[536],"class_list":{"0":"post-8366","1":"product","2":"type-product","3":"status-publish","4":"has-post-thumbnail","6":"product_cat-doc-colline-lucchesi-bianco-fr","7":"product_cat-vins-blancs","8":"product_cat-vins-certifies-biologiques","9":"product_cat-vins-dagriculture-biodynamique","10":"product_cat-zone-de-production-colline-lucchesi-versilia-blancs","11":"product_tag-vinifattoriasardi-fr","13":"first","14":"outofstock","15":"taxable","16":"shipping-taxable","17":"purchasable","18":"product-type-simple"},"aioseo_notices":[],"_links":{"self":[{"href":"https:\/\/lovebiowines.com\/fr\/wp-json\/wp\/v2\/product\/8366","targetHints":{"allow":["GET"]}}],"collection":[{"href":"https:\/\/lovebiowines.com\/fr\/wp-json\/wp\/v2\/product"}],"about":[{"href":"https:\/\/lovebiowines.com\/fr\/wp-json\/wp\/v2\/types\/product"}],"version-history":[{"count":0,"href":"https:\/\/lovebiowines.com\/fr\/wp-json\/wp\/v2\/product\/8366\/revisions"}],"wp:featuredmedia":[{"embeddable":true,"href":"https:\/\/lovebiowines.com\/fr\/wp-json\/wp\/v2\/media\/4062"}],"wp:attachment":[{"href":"https:\/\/lovebiowines.com\/fr\/wp-json\/wp\/v2\/media?parent=8366"}],"wp:term":[{"taxonomy":"product_brand","embeddable":true,"href":"https:\/\/lovebiowines.com\/fr\/wp-json\/wp\/v2\/product_brand?post=8366"},{"taxonomy":"product_cat","embeddable":true,"href":"https:\/\/lovebiowines.com\/fr\/wp-json\/wp\/v2\/product_cat?post=8366"},{"taxonomy":"product_tag","embeddable":true,"href":"https:\/\/lovebiowines.com\/fr\/wp-json\/wp\/v2\/product_tag?post=8366"}],"curies":[{"name":"wp","href":"https:\/\/api.w.org\/{rel}","templated":true}]}}