{"id":8365,"date":"2023-08-09T14:52:21","date_gmt":"2023-08-09T12:52:21","guid":{"rendered":"https:\/\/lovebiowines.com\/product\/valle-del-sole-soleo-igt-toscana-bianco-vendanges-tardives\/"},"modified":"2023-08-09T14:52:21","modified_gmt":"2023-08-09T12:52:21","slug":"valle-del-sole-soleo-igt-toscana-bianco-vendanges-tardives","status":"publish","type":"product","link":"https:\/\/lovebiowines.com\/fr\/produit\/valle-del-sole-soleo-igt-toscana-bianco-vendanges-tardives\/","title":{"rendered":"Valle del Sole \u2013 Soleo \u2013 Igt Toscana Bianco Vendanges tardives"},"content":{"rendered":"<h5>SOLEO<\/h5>\n<h5 class=\"cvGsUA direction-ltr align-justify para-style-body\"><span class=\"OYPEnA text-decoration-none text-strikethrough-none\">APPELLATION : <\/span><span class=\"OYPEnA text-decoration-none text-strikethrough-none\">IGT Toscana Bianco<\/span><\/h5>\n<h5 class=\"cvGsUA direction-ltr align-justify para-style-body\"><span class=\"OYPEnA text-decoration-none text-strikethrough-none\">Zones de production : Toscane &#8211; Lucques<\/span><\/h5>\n<h5 class=\"cvGsUA direction-ltr align-justify para-style-body\"><span class=\"OYPEnA text-decoration-none text-strikethrough-none\">CEPAGES: 40% Trebbiano- 30% Malvasia 30% Grechetto<\/span><\/h5>\n<h5 class=\"cvGsUA direction-ltr align-justify para-style-body\"><span class=\"OYPEnA text-decoration-none text-strikethrough-none\">TYPE DE PRODUCTION : Certifi\u00e9 Biologique<\/span><\/h5>\n<h5 class=\"cvGsUA direction-ltr align-justify para-style-body\"><span class=\"OYPEnA text-decoration-none text-strikethrough-none\">CARACT\u00c9RISTIQUES DU VIGNOBLE : 150 m. au-dessus du niveau de la mer ; Sud \u2013 Exposition Sud\/Ouest<\/span><\/h5>\n<h5 class=\"cvGsUA direction-ltr align-justify para-style-body\"><span class=\"OYPEnA text-decoration-none text-strikethrough-none\">Syst\u00e8me de conduite : Guyot &#8211; Densit\u00e9 de vignes \u00e0 l&rsquo;hectare : 5000 plants<\/span><\/h5>\n<h5 class=\"cvGsUA direction-ltr align-justify para-style-body\"><span class=\"OYPEnA text-decoration-none text-strikethrough-none\">PRODUCTION ANNUELLE : Production annuelle : 1 000 flacons de 375 ml. selon l&rsquo;ann\u00e9e<\/span><\/h5>\n<h5 class=\"cvGsUA direction-ltr align-justify para-style-body\"><span class=\"OYPEnA text-decoration-none text-strikethrough-none\">VINIFICATION ET AFFINAGE :<\/span> V<span class=\"OYPEnA text-decoration-none text-strikethrough-none\">endanges : R\u00e9alis\u00e9es manuellement avec nouvelle s\u00e9lection des grappes \u00e0 la vigne fin octobre &#8211; Foulage : Pressurage de raisins entiers &#8211; Fermentation : Avec des levures indig\u00e8nes en petits f\u00fbts de ch\u00eane &#8211; Temp\u00e9rature de fermentation : Non contr\u00f4l\u00e9e &#8211; Affinage : 12 mois en f\u00fbts de 250 litres de ch\u00eane fran\u00e7ais &#8211; Acidit\u00e9 totale : De 5,50 \u00e0 6,00 g\/lt selon l&rsquo;ann\u00e9e<\/span><\/h5>\n<h5 class=\"cvGsUA direction-ltr align-justify para-style-body\"><span class=\"OYPEnA text-decoration-none text-strikethrough-none\">NOTES DE D\u00c9GUSTATION<\/span><\/h5>\n<h5 class=\"cvGsUA direction-ltr align-justify para-style-body\"><span class=\"OYPEnA text-decoration-none text-strikethrough-none\">A LA VUE \u2013 Couleur jaune dor\u00e9<\/span><\/h5>\n<h5 class=\"cvGsUA direction-ltr align-justify para-style-body\"><span class=\"OYPEnA text-decoration-none text-strikethrough-none\">AU NEZ \u2013 Au nez des notes d&rsquo;abricot, de p\u00e2te bris\u00e9e<\/span><\/h5>\n<h5 class=\"cvGsUA direction-ltr align-justify para-style-body\"><span class=\"OYPEnA text-decoration-none text-strikethrough-none\">EN BOUCHE \u2013 En bouche il est frais, sucr\u00e9, min\u00e9ral<\/span><\/h5>\n<h5 class=\"cvGsUA direction-ltr align-justify para-style-body\"><span class=\"OYPEnA text-decoration-none text-strikethrough-none\">ACCORDS METS<\/span><\/h5>\n<h5 class=\"cvGsUA direction-ltr align-justify para-style-body\"><span class=\"OYPEnA text-decoration-none text-strikethrough-none\">TENEUR EN ALCOOL &#8211; TEMP\u00c9RATURE ET MODE DE SERVICE<\/span><\/h5>\n<h5 class=\"cvGsUA direction-ltr align-justify para-style-body\"><span class=\"OYPEnA text-decoration-none text-strikethrough-none\">Vol de 14,00% \u00e0 15% selon les mill\u00e9simes<\/span><\/h5>\n<h5 class=\"cvGsUA direction-ltr align-justify para-style-body\"><span class=\"OYPEnA text-decoration-none text-strikethrough-none\">ADDITIFS\/ALLERG\u00c8NES<\/span><\/h5>\n<h5 class=\"cvGsUA direction-ltr align-justify para-style-body\"><span class=\"OYPEnA text-decoration-none text-strikethrough-none\">Contient des sulfites<\/span><\/h5>\n<h5><a href=\"https:\/\/lovebiowines.com\/wp-content\/uploads\/2024\/08\/I-Vini-di-Valle-del-Sole_LoveBiowines-2.pdf\">Les Vins de la Valle del Sole_Fiche technique en PDF<\/a><\/h5>\n","protected":false},"excerpt":{"rendered":"<h5><img loading=\"lazy\" decoding=\"async\" class=\"alignnone size-full wp-image-53\" src=\"https:\/\/lovebiowines.com\/wp-content\/uploads\/2023\/07\/fascia-italia-1-300x20-1.png\" alt=\"Produits Made in Italy\" width=\"300\" height=\"20\"><\/h5>\n<h5><img loading=\"lazy\" decoding=\"async\" class=\"alignnone wp-image-3887\" src=\"https:\/\/lovebiowines.com\/wp-content\/uploads\/2024\/01\/logo-bio-300x201.jpg\" alt=\"\" width=\"75\" height=\"51\" srcset=\"https:\/\/lovebiowines.com\/wp-content\/uploads\/2024\/01\/logo-bio-300x204.jpg 300w, https:\/\/lovebiowines.com\/wp-content\/uploads\/2024\/01\/logo-bio.jpg 305w\" sizes=\"auto, (max-width: 75px) 100vw, 75px\" \/><\/h5>\n<h5>C\u00e9pages : 40% Trebbiano &#8211; 30% Malvasia 30% Grechetto &#8211; Affinage : 12 mois en f\u00fbts de ch\u00eane fran\u00e7ais de 250 litres<\/h5>\n<h5>N.B. <strong>Bouteille de 375 ml<\/strong><\/h5>\n<h5><a href=\"\/?p=1191\">D\u00e9couvrez tous les vins de la Valle del Sole !<\/a><\/h5>\n<h5><a href=\"https:\/\/lovebiowines.com\/prodotto\/valle-del-sole-ebrius-igt-toscano-sangiovese\/\">Ebrius<\/a> \u2013 <a href=\"https:\/\/lovebiowines.com\/prodotto\/valle-del-sole-hama-igt-toscana-trebbiano\/\">H\u2019Ama<\/a> \u2013 <a href=\"https:\/\/lovebiowines.com\/prodotto\/valle-del-sole-libente-igt-toscana-rosso\/\">Libente<\/a> \u2013 <a href=\"https:\/\/lovebiowines.com\/prodotto\/valle-del-sole-malie-igt-toscana-bianco\/\">Malie<\/a> \u2013 <a href=\"https:\/\/lovebiowines.com\/prodotto\/valle-del-sole-occhi-di-fata-rose\/\">Occhi di Fata<\/a> \u2013 <a href=\"https:\/\/lovebiowines.com\/prodotto\/valle-del-sole-linchetto-igt-toscana-rosso\/\">Linchetto<\/a><\/h5>\n<h5><a href=\"https:\/\/lovebiowines.com\/wp-content\/uploads\/2023\/08\/I-Vini-di-Valle-del-Sole_LoVeBioWines-1.pdf\">Les Vins de la Valle del Sole &#8211; Fiches PDF<\/a><\/h5>\n","protected":false},"featured_media":3993,"template":"","meta":{"_monsterinsights_skip_tracking":false,"_monsterinsights_sitenote_active":false,"_monsterinsights_sitenote_note":"","_monsterinsights_sitenote_category":0,"_uf_show_specific_survey":0,"_uf_disable_surveys":false},"product_brand":[],"product_cat":[520,498,480,518,519],"product_tag":[537,532,430,556,431],"class_list":{"0":"post-8365","1":"product","2":"type-product","3":"status-publish","4":"has-post-thumbnail","6":"product_cat-igt-tuscany-white-fr","7":"product_cat-vins-blancs","8":"product_cat-vins-certifies-biologiques","9":"product_cat-vins-dagriculture-biodynamique","10":"product_cat-zone-de-production-colline-lucchesi-versilia-blancs","11":"product_tag-biodynamic-agriculture-fr","12":"product_tag-biologique","13":"product_tag-valle-del-sole-fr","14":"product_tag-vendanges-tardives","15":"product_tag-vinivalledelsole-fr","17":"first","18":"instock","19":"taxable","20":"shipping-taxable","21":"purchasable","22":"product-type-simple"},"aioseo_notices":[],"_links":{"self":[{"href":"https:\/\/lovebiowines.com\/fr\/wp-json\/wp\/v2\/product\/8365","targetHints":{"allow":["GET"]}}],"collection":[{"href":"https:\/\/lovebiowines.com\/fr\/wp-json\/wp\/v2\/product"}],"about":[{"href":"https:\/\/lovebiowines.com\/fr\/wp-json\/wp\/v2\/types\/product"}],"version-history":[{"count":0,"href":"https:\/\/lovebiowines.com\/fr\/wp-json\/wp\/v2\/product\/8365\/revisions"}],"wp:featuredmedia":[{"embeddable":true,"href":"https:\/\/lovebiowines.com\/fr\/wp-json\/wp\/v2\/media\/3993"}],"wp:attachment":[{"href":"https:\/\/lovebiowines.com\/fr\/wp-json\/wp\/v2\/media?parent=8365"}],"wp:term":[{"taxonomy":"product_brand","embeddable":true,"href":"https:\/\/lovebiowines.com\/fr\/wp-json\/wp\/v2\/product_brand?post=8365"},{"taxonomy":"product_cat","embeddable":true,"href":"https:\/\/lovebiowines.com\/fr\/wp-json\/wp\/v2\/product_cat?post=8365"},{"taxonomy":"product_tag","embeddable":true,"href":"https:\/\/lovebiowines.com\/fr\/wp-json\/wp\/v2\/product_tag?post=8365"}],"curies":[{"name":"wp","href":"https:\/\/api.w.org\/{rel}","templated":true}]}}