{"id":8364,"date":"2023-08-09T14:57:45","date_gmt":"2023-08-09T12:57:45","guid":{"rendered":"https:\/\/lovebiowines.com\/product\/valle-del-sole-collection-privee-igt-toscana-bianco\/"},"modified":"2023-08-09T14:57:45","modified_gmt":"2023-08-09T12:57:45","slug":"valle-del-sole-collection-privee-igt-toscana-bianco","status":"publish","type":"product","link":"https:\/\/lovebiowines.com\/fr\/produit\/valle-del-sole-collection-privee-igt-toscana-bianco\/","title":{"rendered":"Valle del Sole \u2013 Collection Priv\u00e9e \u2013 Igt Toscana Bianco"},"content":{"rendered":"<h5>Localisation de l&rsquo;entreprise : Loc. Cappella \u2013 Comune di Lucca- Italia<br \/>\nC\u00e9page: 100% Chardonnay<br \/>\nTeneur en alcool : De 13,50% \u00e0 14% selon les mill\u00e9simes<br \/>\nAcidit\u00e9 totale : De 5,40 \u00e0 5,80 g\/lt selon les mill\u00e9simes<br \/>\nEmplacement du vignoble : 70 m. au-dessus du niveau de la mer ; Exposition Sud\/Est<br \/>\nSyst\u00e8me agricole: Guyot<br \/>\nDensit\u00e9 de vignes \u00e0 l&rsquo;hectare : 5000 plants<br \/>\nVendanges : Manuelles premi\u00e8re d\u00e9cade de septembre<br \/>\nFoulage : Pressurage de raisins entiers<br \/>\nFermentation : Avec des levures indig\u00e8nes en cuve inox<br \/>\nTemp\u00e9rature de fermentation : 16\/18\u00b0 contr\u00f4l\u00e9e<br \/>\n\u00c9levage : 12 mois en f\u00fbts de ch\u00eane fran\u00e7ais de 500 litres 1er passage<br \/>\nProduction annuelle : De 500 \u00e0 1 000 flacons de 750 ml. selon l&rsquo;ann\u00e9e<br \/>\nSulfites : Contient des sulfites<\/h5>\n","protected":false},"excerpt":{"rendered":"<p><img loading=\"lazy\" decoding=\"async\" class=\"alignnone size-full wp-image-53\" src=\"https:\/\/lovebiowines.com\/wp-content\/uploads\/2023\/07\/fascia-italia-1-300x20-1.png\" alt=\"Produits Made in Italy\" width=\"300\" height=\"20\"><\/p>\n<h5><a href=\"\/?p=1191\">D\u00e9couvrez tous les vins de la Valle del Sole !<\/a><\/h5>\n<p>C\u00e9page: 100% Chardonnay<\/p>\n<p>La Collection Priv\u00e9e est vendue sur demande \u00e0 ceux qui ach\u00e8tent au moins 12 bouteilles des autres vins de la cave, sous r\u00e9serve de disponibilit\u00e9.<\/p>\n<p>(Veuillez nous contacter par email ou Whats App pour v\u00e9rifier la possibilit\u00e9 de satisfaire la demande)<\/p>\n","protected":false},"featured_media":1528,"template":"","meta":{"_monsterinsights_skip_tracking":false,"_monsterinsights_sitenote_active":false,"_monsterinsights_sitenote_note":"","_monsterinsights_sitenote_category":0,"_uf_show_specific_survey":0,"_uf_disable_surveys":false},"product_brand":[],"product_cat":[520,498,518,519],"product_tag":[431],"class_list":{"0":"post-8364","1":"product","2":"type-product","3":"status-publish","4":"has-post-thumbnail","6":"product_cat-igt-tuscany-white-fr","7":"product_cat-vins-blancs","8":"product_cat-vins-dagriculture-biodynamique","9":"product_cat-zone-de-production-colline-lucchesi-versilia-blancs","10":"product_tag-vinivalledelsole-fr","12":"first","13":"outofstock","14":"taxable","15":"shipping-taxable","16":"purchasable","17":"product-type-simple"},"aioseo_notices":[],"_links":{"self":[{"href":"https:\/\/lovebiowines.com\/fr\/wp-json\/wp\/v2\/product\/8364","targetHints":{"allow":["GET"]}}],"collection":[{"href":"https:\/\/lovebiowines.com\/fr\/wp-json\/wp\/v2\/product"}],"about":[{"href":"https:\/\/lovebiowines.com\/fr\/wp-json\/wp\/v2\/types\/product"}],"version-history":[{"count":0,"href":"https:\/\/lovebiowines.com\/fr\/wp-json\/wp\/v2\/product\/8364\/revisions"}],"wp:featuredmedia":[{"embeddable":true,"href":"https:\/\/lovebiowines.com\/fr\/wp-json\/wp\/v2\/media\/1528"}],"wp:attachment":[{"href":"https:\/\/lovebiowines.com\/fr\/wp-json\/wp\/v2\/media?parent=8364"}],"wp:term":[{"taxonomy":"product_brand","embeddable":true,"href":"https:\/\/lovebiowines.com\/fr\/wp-json\/wp\/v2\/product_brand?post=8364"},{"taxonomy":"product_cat","embeddable":true,"href":"https:\/\/lovebiowines.com\/fr\/wp-json\/wp\/v2\/product_cat?post=8364"},{"taxonomy":"product_tag","embeddable":true,"href":"https:\/\/lovebiowines.com\/fr\/wp-json\/wp\/v2\/product_tag?post=8364"}],"curies":[{"name":"wp","href":"https:\/\/api.w.org\/{rel}","templated":true}]}}