{"id":8363,"date":"2023-08-09T15:12:19","date_gmt":"2023-08-09T13:12:19","guid":{"rendered":"https:\/\/lovebiowines.com\/product\/tenuta-adamo-toscana-rosso\/"},"modified":"2023-08-09T15:12:19","modified_gmt":"2023-08-09T13:12:19","slug":"tenuta-adamo-toscana-rosso","status":"publish","type":"product","link":"https:\/\/lovebiowines.com\/fr\/produit\/tenuta-adamo-toscana-rosso\/","title":{"rendered":"Tenuta Adamo \u2013 Toscana Rosso"},"content":{"rendered":"<h5><span style=\"font-size: 16px;\">Toscana Rosso<\/span><\/h5>\n<div class=\"et_pb_text_inner\">\n<p>Indication G\u00e9ographique Typique<\/p>\n<\/div>\n<div class=\"et_pb_module et_pb_text et_pb_text_3 descrizione-prodotti et_pb_text_align_left et_pb_bg_layout_light\">\n<div class=\"et_pb_text_inner\">\n<h5>Sangiovese, Colorino, Malvasia Nera et autres raisins rouges indig\u00e8nes.<\/h5>\n<h5>La couleur est rouge p\u00e2le vif. Au nez, il est intense et parfum\u00e9 avec d&rsquo;agr\u00e9ables notes fruit\u00e9es de cerise et de cerise noire int\u00e9gr\u00e9es \u00e0 des notes florales de violette. Un vin tr\u00e8s agr\u00e9able \u00e0 boire avec un bon \u00e9quilibre entre les diff\u00e9rents composants.<\/h5>\n<h5>Servir \u00e0 18\u00b0C l&rsquo;\u00e9t\u00e9 il peut \u00eatre servi frais.<\/h5>\n<\/div>\n<\/div>\n","protected":false},"excerpt":{"rendered":"<p><img loading=\"lazy\" decoding=\"async\" class=\"alignnone size-full wp-image-53\" src=\"https:\/\/lovebiowines.com\/wp-content\/uploads\/2023\/07\/fascia-italia-1-300x20-1.png\" alt=\"Produits Made in Italy\" width=\"300\" height=\"20\"><\/p>\n<h5>Raisins : Sangiovese, Colorino, Malvasia Nera et autres raisins rouges indig\u00e8nes.<\/h5>\n","protected":false},"featured_media":1531,"template":"","meta":{"_monsterinsights_skip_tracking":false,"_monsterinsights_sitenote_active":false,"_monsterinsights_sitenote_note":"","_monsterinsights_sitenote_category":0,"_uf_show_specific_survey":0,"_uf_disable_surveys":false},"product_brand":[],"product_cat":[477],"product_tag":[],"class_list":{"0":"post-8363","1":"product","2":"type-product","3":"status-publish","4":"has-post-thumbnail","6":"product_cat-vins-rouges","8":"first","9":"instock","10":"taxable","11":"shipping-taxable","12":"purchasable","13":"product-type-simple"},"aioseo_notices":[],"_links":{"self":[{"href":"https:\/\/lovebiowines.com\/fr\/wp-json\/wp\/v2\/product\/8363","targetHints":{"allow":["GET"]}}],"collection":[{"href":"https:\/\/lovebiowines.com\/fr\/wp-json\/wp\/v2\/product"}],"about":[{"href":"https:\/\/lovebiowines.com\/fr\/wp-json\/wp\/v2\/types\/product"}],"version-history":[{"count":0,"href":"https:\/\/lovebiowines.com\/fr\/wp-json\/wp\/v2\/product\/8363\/revisions"}],"wp:featuredmedia":[{"embeddable":true,"href":"https:\/\/lovebiowines.com\/fr\/wp-json\/wp\/v2\/media\/1531"}],"wp:attachment":[{"href":"https:\/\/lovebiowines.com\/fr\/wp-json\/wp\/v2\/media?parent=8363"}],"wp:term":[{"taxonomy":"product_brand","embeddable":true,"href":"https:\/\/lovebiowines.com\/fr\/wp-json\/wp\/v2\/product_brand?post=8363"},{"taxonomy":"product_cat","embeddable":true,"href":"https:\/\/lovebiowines.com\/fr\/wp-json\/wp\/v2\/product_cat?post=8363"},{"taxonomy":"product_tag","embeddable":true,"href":"https:\/\/lovebiowines.com\/fr\/wp-json\/wp\/v2\/product_tag?post=8363"}],"curies":[{"name":"wp","href":"https:\/\/api.w.org\/{rel}","templated":true}]}}