{"id":8362,"date":"2023-08-09T15:19:04","date_gmt":"2023-08-09T13:19:04","guid":{"rendered":"https:\/\/lovebiowines.com\/product\/carmignani-montecarlo-rosso-d-o-c\/"},"modified":"2023-08-09T15:19:04","modified_gmt":"2023-08-09T13:19:04","slug":"carmignani-montecarlo-rosso-d-o-c","status":"publish","type":"product","link":"https:\/\/lovebiowines.com\/fr\/produit\/carmignani-montecarlo-rosso-d-o-c\/","title":{"rendered":"Carmignani \u2013 Montecarlo Rosso D.O.C."},"content":{"rendered":"<div id=\"tab-description\" class=\"woocommerce-Tabs-panel woocommerce-Tabs-panel--description panel entry-content wc-tab\" role=\"tabpanel\" aria-labelledby=\"tab-title-description\">\n<div class=\"post-content\">\n<h5>Le Montecarlo Rosso Doc est compos\u00e9 de six c\u00e9pages diff\u00e9rents : Sangiovese, Canaiolo, Merlot, Cabernet Sauvignon, Malvasia Nera, r\u00e9colt\u00e9s d\u00e9but octobre.<\/h5>\n<h5>La fermentation a lieu dans des cuves en acier \u00e0 une temp\u00e9rature de 28-30\u00b0C pendant 12-14 jours avec des remontages et pigeages quotidiens.<\/h5>\n<h5>Ensuite, le vin est vieilli en bouteille pendant 3 \u00e0 4 mois.<\/h5>\n<h5>Il a une couleur rouge rubis intense.<\/h5>\n<h5>De bonne intensit\u00e9, il se caract\u00e9rise par des notes fruit\u00e9es de cerise et de petits fruits des sous-bois.<\/h5>\n<h5>D&rsquo;un go\u00fbt agr\u00e9able et intense, il pr\u00e9sente une bonne structure et une bonne persistance.<\/h5>\n<h5>Il s&rsquo;accorde aux viandes rouges grill\u00e9es et mijot\u00e9es, aux p\u00e2tes au rag\u00f9 et aux typique \u00ab Tordelli lucchesi \u00bb.<\/h5>\n<h5>Servir \u00e0 18\u00b0C.<\/h5>\n<h5>Contient des sulfites.<\/h5>\n<h5><a href=\"https:\/\/lovebiowines.com\/wp-content\/uploads\/2023\/10\/Schede-Fattoria-Carmignani.pdf\">Fiches Vins Fattoria Carmignani<\/a><\/h5>\n<\/div>\n<\/div>\n","protected":false},"excerpt":{"rendered":"<p><img loading=\"lazy\" decoding=\"async\" class=\"alignnone size-full wp-image-53\" src=\"https:\/\/lovebiowines.com\/wp-content\/uploads\/2023\/07\/fascia-italia-1-300x20-1.png\" alt=\"Produits Made in Italy\" width=\"300\" height=\"20\"><\/p>\n<h5><a href=\"\/?p=1218\">D\u00e9couvrez tous les vins de la Fattoria Carmignani<\/a><\/h5>\n<h5>C\u00e9pages : <em>50% Sangiovese, 10% Malvasia Rossa, 10% Canaiolo, 10% Ciliegiolo, 10% Merlot, 10% Syrah<\/em><\/h5>\n","protected":false},"featured_media":1534,"template":"","meta":{"_monsterinsights_skip_tracking":false,"_monsterinsights_sitenote_active":false,"_monsterinsights_sitenote_note":"","_monsterinsights_sitenote_category":0,"_uf_show_specific_survey":0,"_uf_disable_surveys":false},"product_brand":[],"product_cat":[554,445,477,545],"product_tag":[553,485,555,484,483,486,434],"class_list":{"0":"post-8362","1":"product","2":"type-product","3":"status-publish","4":"has-post-thumbnail","6":"product_cat-doc-montecarlo-rosso-fr","7":"product_cat-horeca-rosso-fr","8":"product_cat-vins-rouges","9":"product_cat-zone-de-production-montecarlo-rossi","10":"product_tag-canaiolo_and-fr","11":"product_tag-ciliegiolo_and-fr","12":"product_tag-malvasia-rossa_and-fr","13":"product_tag-merlot_and-fr","14":"product_tag-sangiovese_and-fr","15":"product_tag-syrah_and-fr","16":"product_tag-vinicarmignani-fr","18":"first","19":"instock","20":"taxable","21":"shipping-taxable","22":"purchasable","23":"product-type-simple"},"aioseo_notices":[],"_links":{"self":[{"href":"https:\/\/lovebiowines.com\/fr\/wp-json\/wp\/v2\/product\/8362","targetHints":{"allow":["GET"]}}],"collection":[{"href":"https:\/\/lovebiowines.com\/fr\/wp-json\/wp\/v2\/product"}],"about":[{"href":"https:\/\/lovebiowines.com\/fr\/wp-json\/wp\/v2\/types\/product"}],"version-history":[{"count":0,"href":"https:\/\/lovebiowines.com\/fr\/wp-json\/wp\/v2\/product\/8362\/revisions"}],"wp:featuredmedia":[{"embeddable":true,"href":"https:\/\/lovebiowines.com\/fr\/wp-json\/wp\/v2\/media\/1534"}],"wp:attachment":[{"href":"https:\/\/lovebiowines.com\/fr\/wp-json\/wp\/v2\/media?parent=8362"}],"wp:term":[{"taxonomy":"product_brand","embeddable":true,"href":"https:\/\/lovebiowines.com\/fr\/wp-json\/wp\/v2\/product_brand?post=8362"},{"taxonomy":"product_cat","embeddable":true,"href":"https:\/\/lovebiowines.com\/fr\/wp-json\/wp\/v2\/product_cat?post=8362"},{"taxonomy":"product_tag","embeddable":true,"href":"https:\/\/lovebiowines.com\/fr\/wp-json\/wp\/v2\/product_tag?post=8362"}],"curies":[{"name":"wp","href":"https:\/\/api.w.org\/{rel}","templated":true}]}}