{"id":8361,"date":"2023-08-09T15:28:16","date_gmt":"2023-08-09T13:28:16","guid":{"rendered":"https:\/\/lovebiowines.com\/product\/villa-sardini-villa-sardini-doc-bio\/"},"modified":"2023-08-09T15:28:16","modified_gmt":"2023-08-09T13:28:16","slug":"villa-sardini-villa-sardini-doc-bio","status":"publish","type":"product","link":"https:\/\/lovebiowines.com\/fr\/produit\/villa-sardini-villa-sardini-doc-bio\/","title":{"rendered":"Villa Sardini &#8211; Villa Sardini \u2013 Doc Bio"},"content":{"rendered":"<h6>VILLA SARDINI<\/h6>\n<h6 class=\"cvGsUA direction-ltr align-justify para-style-body\"><span class=\"OYPEnA text-decoration-none text-strikethrough-none\">APPELATION: <\/span><span class=\"OYPEnA text-decoration-none text-strikethrough-none\">DOC Colline Lucchesi<\/span><\/h6>\n<h6 class=\"cvGsUA direction-ltr align-justify para-style-body\"><span class=\"OYPEnA text-decoration-none text-strikethrough-none\">Zones de production : Toscane &#8211; Lucques<\/span><\/h6>\n<h6 class=\"cvGsUA direction-ltr align-justify para-style-body\"><span class=\"OYPEnA text-decoration-none text-strikethrough-none\">C\u00c9PAGE : dominance du Sangiovese, avec des ajouts de Ciliegiolo, Syrah et Merlot variant selon les caract\u00e9ristiques du mill\u00e9sime<\/span><\/h6>\n<h6 class=\"cvGsUA direction-ltr align-justify para-style-body\"><span class=\"OYPEnA text-decoration-none text-strikethrough-none\">TYPE DE PRODUCTION : Certifi\u00e9 Biologique<\/span><\/h6>\n<h6 class=\"cvGsUA direction-ltr align-justify para-style-body\"><span class=\"OYPEnA text-decoration-none text-strikethrough-none\">CARACT\u00c9RISTIQUES DU VIGNOBLE : Vignobles entourant Pieve Santo Stefano. Altitude 200-250 m au-dessus du niveau de la mer Sol limoneux argileux, \u00e0 r\u00e9action neutre \u00e0 sub-acide, riche en \u00e9l\u00e9ments min\u00e9raux et pauvre en substance organique. Densit\u00e9 de plantation environ 5000 plants\/ha<\/span><\/h6>\n<h6 class=\"cvGsUA direction-ltr align-justify para-style-body\"><span class=\"OYPEnA text-decoration-none text-strikethrough-none\">PRODUCTION ANNUELLE : 70 quintaux\/ha<\/span><\/h6>\n<h6 class=\"cvGsUA direction-ltr align-justify para-style-body\"><span class=\"OYPEnA text-decoration-none text-strikethrough-none\">VINIFICATION ET AFFINAGE : <\/span><span class=\"OYPEnA text-decoration-none text-strikethrough-none\">Egrappage-foulage, mac\u00e9ration pelliculaire entre 15 et 18 jours selon les mill\u00e9simes avec remontages p\u00e9riodiques et r\u00e9guliers du mo\u00fbt sur le marc. Apr\u00e8s fermentation alcoolique et malolactique, le produit est affin\u00e9 en acier, avec d\u00e9cantation r\u00e9guli\u00e8re, jusqu&rsquo;au printemps de l&rsquo;ann\u00e9e suivant la r\u00e9colte. Apr\u00e8s affinage, le vin subit une l\u00e9g\u00e8re clarification, est mis en bouteille et laiss\u00e9 reposer en bouteille quelques mois avant sa commercialisation.<\/span><\/h6>\n<h6 class=\"cvGsUA direction-ltr align-justify para-style-body\"><span class=\"OYPEnA text-decoration-none text-strikethrough-none\">NOTES DE D\u00c9GUSTATION<\/span><\/h6>\n<h6 class=\"cvGsUA direction-ltr align-justify para-style-body\"><span class=\"OYPEnA text-decoration-none text-strikethrough-none\">\u00c0 LA VUE \u2013 Couleur rouge rubis profond<\/span><\/h6>\n<h6 class=\"cvGsUA direction-ltr align-justify para-style-body\"><span class=\"OYPEnA text-decoration-none text-strikethrough-none\">AU NEZ \u2013 Ar\u00f4me intense, notes de m\u00fbres et de framboises<\/span><\/h6>\n<h6 class=\"cvGsUA direction-ltr align-justify para-style-body\"><span class=\"OYPEnA text-decoration-none text-strikethrough-none\">EN BOUCHE \u2013 Saveur s\u00e8che et savoureuse, avec une bonne structure, des tanins \u00e9l\u00e9gants et une bonne persistance<\/p>\n<p>Commentaires<\/span><\/h6>\n<h6 class=\"cvGsUA direction-ltr align-justify para-style-body\"><span class=\"OYPEnA text-decoration-none text-strikethrough-none\">ACCORDS METS<\/span><\/h6>\n<h6 class=\"cvGsUA direction-ltr align-justify para-style-body\"><span class=\"OYPEnA text-decoration-none text-strikethrough-none\">Villa Sardini est un vin rouge sec. Un vin qui accompagne tout le repas, s&rsquo;accorde parfaitement avec les charcuteries toscanes, les fromages moyennement affin\u00e9s et les plats exigeants \u00e0 base de viandes blanches et rouges de la cuisine toscane. <\/span><\/h6>\n<h6 class=\"cvGsUA direction-ltr align-justify para-style-body\"><span class=\"OYPEnA text-decoration-none text-strikethrough-none\">TENEUR EN ALCOOL &#8211; TEMP\u00c9RATURE ET MODE DE SERVICE<\/span><\/h6>\n<h6 class=\"cvGsUA direction-ltr align-justify para-style-body\"><span class=\"OYPEnA text-decoration-none text-strikethrough-none\">Vol 14% &#8211; Temp\u00e9rature 16\u00b0\/18\u00b0 &#8211; D\u00e9boucher imm\u00e9diatement<br \/><\/span><\/h6>\n<h6 class=\"cvGsUA direction-ltr align-justify para-style-body\"><span class=\"OYPEnA text-decoration-none text-strikethrough-none\">ADDITIFS\/ALLEG\u00c8NES<\/span><\/h6>\n<h6><span class=\"OYPEnA text-decoration-none text-strikethrough-none\">Contient des sulfites<\/span><\/h6>\n<p><a href=\"https:\/\/lovebiowines.com\/wp-content\/uploads\/2024\/03\/I-Vini-di-Villa-Sardini_LOVEBIOWINES.pdf\">Les Fiches Techniques des Vins de la Villa Sardini en PDF<\/a><\/p>\n","protected":false},"excerpt":{"rendered":"<p><img loading=\"lazy\" decoding=\"async\" class=\"alignnone size-full wp-image-53\" src=\"https:\/\/lovebiowines.com\/wp-content\/uploads\/2023\/07\/fascia-italia-1-300x20-1.png\" alt=\"Produits Made in Italy\" width=\"300\" height=\"20\"><\/p>\n<h5><strong>C\u00e9pages:<\/strong> Sangiovese, Ciilegiolo, Syrah e Merlot<\/h5>\n<h5><strong>Depuis le mill\u00e9sime 2021, la Villa Sardini est certifi\u00e9e Bio<\/strong><\/h5>\n","protected":false},"featured_media":5659,"template":"","meta":{"_monsterinsights_skip_tracking":false,"_monsterinsights_sitenote_active":false,"_monsterinsights_sitenote_note":"","_monsterinsights_sitenote_category":0,"_uf_show_specific_survey":0,"_uf_disable_surveys":false},"product_brand":[],"product_cat":[478,451,480,477,479],"product_tag":[485,484,482,483,486,481,487],"class_list":{"0":"post-8361","1":"product","2":"type-product","3":"status-publish","4":"has-post-thumbnail","6":"product_cat-doc-colline-lucchesi-rouge","7":"product_cat-offres","8":"product_cat-vins-certifies-biologiques","9":"product_cat-vins-rouges","10":"product_cat-zone-de-production-colline-lucchesi-versilia-rossi","11":"product_tag-ciliegiolo_and-fr","12":"product_tag-merlot_and-fr","13":"product_tag-qta-fr","14":"product_tag-sangiovese_and-fr","15":"product_tag-syrah_and-fr","16":"product_tag-villa-sardini-fr","17":"product_tag-vinivillasardini-fr","19":"first","20":"instock","21":"taxable","22":"shipping-taxable","23":"purchasable","24":"product-type-simple"},"aioseo_notices":[],"_links":{"self":[{"href":"https:\/\/lovebiowines.com\/fr\/wp-json\/wp\/v2\/product\/8361","targetHints":{"allow":["GET"]}}],"collection":[{"href":"https:\/\/lovebiowines.com\/fr\/wp-json\/wp\/v2\/product"}],"about":[{"href":"https:\/\/lovebiowines.com\/fr\/wp-json\/wp\/v2\/types\/product"}],"version-history":[{"count":0,"href":"https:\/\/lovebiowines.com\/fr\/wp-json\/wp\/v2\/product\/8361\/revisions"}],"wp:featuredmedia":[{"embeddable":true,"href":"https:\/\/lovebiowines.com\/fr\/wp-json\/wp\/v2\/media\/5659"}],"wp:attachment":[{"href":"https:\/\/lovebiowines.com\/fr\/wp-json\/wp\/v2\/media?parent=8361"}],"wp:term":[{"taxonomy":"product_brand","embeddable":true,"href":"https:\/\/lovebiowines.com\/fr\/wp-json\/wp\/v2\/product_brand?post=8361"},{"taxonomy":"product_cat","embeddable":true,"href":"https:\/\/lovebiowines.com\/fr\/wp-json\/wp\/v2\/product_cat?post=8361"},{"taxonomy":"product_tag","embeddable":true,"href":"https:\/\/lovebiowines.com\/fr\/wp-json\/wp\/v2\/product_tag?post=8361"}],"curies":[{"name":"wp","href":"https:\/\/api.w.org\/{rel}","templated":true}]}}