{"id":8358,"date":"2023-08-09T20:56:07","date_gmt":"2023-08-09T18:56:07","guid":{"rendered":"https:\/\/lovebiowines.com\/product\/valle-del-sole-linchetto-igt-toscana-rosso\/"},"modified":"2023-08-09T20:56:07","modified_gmt":"2023-08-09T18:56:07","slug":"valle-del-sole-linchetto-igt-toscana-rosso","status":"publish","type":"product","link":"https:\/\/lovebiowines.com\/fr\/produit\/valle-del-sole-linchetto-igt-toscana-rosso\/","title":{"rendered":"Valle del Sole \u2013 Linchetto \u2013 Igt Toscana Rosso"},"content":{"rendered":"<h5>LINCHETTO<\/h5>\n<h5 class=\"cvGsUA direction-ltr align-justify para-style-body\"><span class=\"OYPEnA text-decoration-none text-strikethrough-none\">APPELLATION:<\/span> <span class=\"OYPEnA text-decoration-none text-strikethrough-none\">IGT Toscana Rosso<\/span><\/h5>\n<h5 class=\"cvGsUA direction-ltr align-justify para-style-body\"><span class=\"OYPEnA text-decoration-none text-strikethrough-none\">Zones de production : Toscane &#8211; Lucques<\/span><\/h5>\n<h5 class=\"cvGsUA direction-ltr align-justify para-style-body\"><span class=\"OYPEnA text-decoration-none text-strikethrough-none\">CEPAGE : 50% Sangiovese \u2013 50% raisins traditionnels Lucchesi (Moscato rosso-aleatico-ciliegiolo-colorino)<\/span><\/h5>\n<h5 class=\"cvGsUA direction-ltr align-justify para-style-body\"><span class=\"OYPEnA text-decoration-none text-strikethrough-none\">TYPE DE PRODUCTION : Certifi\u00e9 Biologique<\/span><\/h5>\n<h5 class=\"cvGsUA direction-ltr align-justify para-style-body\"><span class=\"OYPEnA text-decoration-none text-strikethrough-none\">CARACT\u00c9RISTIQUES DU VIGNOBLE : 100 m. au-dessus du niveau de la mer \u2013 Exposition Sud-Sud\/Ouest (Loc Cappella \u2013 Lucca) &#8211; Syst\u00e8me de conduite Guyot &#8211; Densit\u00e9 de vignes \u00e0 l&rsquo;hectare 5000 plants<\/span><\/h5>\n<h5 class=\"cvGsUA direction-ltr align-justify para-style-body\"><span class=\"OYPEnA text-decoration-none text-strikethrough-none\">PRODUCTION ANNUELLE : De 5 000 \u00e0 10 000 flacons de 750 ml. selon l&rsquo;ann\u00e9e<\/span><\/h5>\n<h5 class=\"cvGsUA direction-ltr align-justify para-style-body\"><span class=\"OYPEnA text-decoration-none text-strikethrough-none\">VINIFICATION ET \u00c9LEVAGE :<\/span> <span class=\"OYPEnA text-decoration-none text-strikethrough-none\">R\u00e9colte : Manuelle &#8211; Pressurage : Pigeage et remontages manuels &#8211; Fermentation : Avec levures indig\u00e8nes en cuve inox &#8211; Temp\u00e9rature de fermentation : contr\u00f4l\u00e9e 24\/26\u00b0 &#8211; Affinage : Quelques mois en cuve inox &#8211; Acidit\u00e9 totale : \u00c0 partir de 5, 00 \u00e0 5,50 g\/lt selon le mill\u00e9sime<\/span><\/h5>\n<h5 class=\"cvGsUA direction-ltr align-justify para-style-body\"><span class=\"OYPEnA text-decoration-none text-strikethrough-none\">NOTES DE D\u00c9GUSTATION<\/span><\/h5>\n<h5 class=\"cvGsUA direction-ltr align-justify para-style-body\"><span class=\"OYPEnA text-decoration-none text-strikethrough-none\">\u00c0 LA VUE \u2013 Couleur rouge rubis brillant<\/span><\/h5>\n<h5 class=\"cvGsUA direction-ltr align-justify para-style-body\"><span class=\"OYPEnA text-decoration-none text-strikethrough-none\">AU NEZ \u2013 Parfum de fruits frais \u00e0 peau rouge, piquant<\/span><\/h5>\n<h5 class=\"cvGsUA direction-ltr align-justify para-style-body\"><span class=\"OYPEnA text-decoration-none text-strikethrough-none\">EN BOUCHE \u2013 En bouche assez doux, assez tannique, assez frais<\/span><\/h5>\n<h5 class=\"cvGsUA direction-ltr align-justify para-style-body\"><span class=\"OYPEnA text-decoration-none text-strikethrough-none\">ACCORDS METS<\/span><\/h5>\n<h5 class=\"cvGsUA direction-ltr align-justify para-style-body\"><span class=\"OYPEnA text-decoration-none text-strikethrough-none\">Linchetto se marie parfaitement avec la cuisine toscane classique.<\/span><\/h5>\n<h5 class=\"cvGsUA direction-ltr align-justify para-style-body\"><span class=\"OYPEnA text-decoration-none text-strikethrough-none\">TENEUR EN ALCOOL &#8211; TEMP\u00c9RATURE ET MODE DE SERVICE<\/span><\/h5>\n<h5 class=\"cvGsUA direction-ltr align-justify para-style-body\"><span class=\"OYPEnA text-decoration-none text-strikethrough-none\">Vol De 13,00% \u00e0 13,50% selon les mill\u00e9simes &#8211; Temp\u00e9rature de service : Ambiante<\/span><\/h5>\n<h5 class=\"cvGsUA direction-ltr align-justify para-style-body\"><span class=\"OYPEnA text-decoration-none text-strikethrough-none\">ADDITIFS\/ALLERG\u00c8NES<\/span><\/h5>\n<h5 class=\"cvGsUA direction-ltr align-justify para-style-body\"><span class=\"OYPEnA text-decoration-none text-strikethrough-none\">Contient des sulfites<\/span><\/h5>\n<h5><a href=\"https:\/\/lovebiowines.com\/wp-content\/uploads\/2024\/08\/I-Vini-di-Valle-del-Sole_LoveBiowines-2.pdf\">Les Vins de la Valle del Sole_Fiche technique en PDF<\/a><\/h5>\n","protected":false},"excerpt":{"rendered":"<h5><img loading=\"lazy\" decoding=\"async\" class=\"alignnone size-full wp-image-53\" src=\"https:\/\/lovebiowines.com\/wp-content\/uploads\/2023\/07\/fascia-italia-1-300x20-1.png\" alt=\"Produits Made in Italy\" width=\"300\" height=\"20\"><\/h5>\n<h5><img loading=\"lazy\" decoding=\"async\" class=\"alignnone wp-image-3887\" src=\"https:\/\/lovebiowines.com\/wp-content\/uploads\/2024\/01\/logo-bio-300x201.jpg\" alt=\"\" width=\"75\" height=\"51\" srcset=\"https:\/\/lovebiowines.com\/wp-content\/uploads\/2024\/01\/logo-bio-300x204.jpg 300w, https:\/\/lovebiowines.com\/wp-content\/uploads\/2024\/01\/logo-bio.jpg 305w\" sizes=\"auto, (max-width: 75px) 100vw, 75px\" \/><\/h5>\n<h5>C\u00e9pages : 50 % Sangiovese \u2013 50 % raisins traditionnels Lucchesi (Moscato rosso-aleatico-ciliegiolo-colorino)<\/h5>\n<h5><a href=\"\/?p=1191\">D\u00e9couvrez tous les vins de la Valle del Sole !<\/a><\/h5>\n<h5><a href=\"https:\/\/lovebiowines.com\/prodotto\/valle-del-sole-ebrius-igt-toscano-sangiovese\/\">Ebrius<\/a> \u2013 <a href=\"https:\/\/lovebiowines.com\/prodotto\/valle-del-sole-hama-igt-toscana-trebbiano\/\">H\u2019Ama<\/a> \u2013 <a href=\"https:\/\/lovebiowines.com\/prodotto\/valle-del-sole-libente-igt-toscana-rosso\/\">Libente<\/a> \u2013 <a href=\"https:\/\/lovebiowines.com\/prodotto\/valle-del-sole-malie-igt-toscana-bianco\/\">Malie<\/a> \u2013 <a href=\"https:\/\/lovebiowines.com\/prodotto\/valle-del-sole-occhi-di-fata-rose\/\">Occhi di Fata<\/a> \u2013 <a href=\"https:\/\/lovebiowines.com\/prodotto\/valle-del-sole-soleo-itg-toscana-bianco-vendemmia-tardiva\/\">Soleo<\/a><\/h5>\n<h5><a href=\"https:\/\/lovebiowines.com\/wp-content\/uploads\/2023\/08\/I-Vini-di-Valle-del-Sole_LoVeBioWines-1.pdf\">Les Vins de la Valle del Sole &#8211; Fiches PDF<\/a><\/h5>\n","protected":false},"featured_media":3987,"template":"","meta":{"_monsterinsights_skip_tracking":false,"_monsterinsights_sitenote_active":false,"_monsterinsights_sitenote_note":"","_monsterinsights_sitenote_category":0,"_uf_show_specific_survey":0,"_uf_disable_surveys":false},"product_brand":[],"product_cat":[445,513,480,518,477,479],"product_tag":[551,537,532,485,541,552,550,483,430,431],"class_list":{"0":"post-8358","1":"product","2":"type-product","3":"status-publish","4":"has-post-thumbnail","6":"product_cat-horeca-rosso-fr","7":"product_cat-igt-toscana-rosso-fr","8":"product_cat-vins-certifies-biologiques","9":"product_cat-vins-dagriculture-biodynamique","10":"product_cat-vins-rouges","11":"product_cat-zone-de-production-colline-lucchesi-versilia-rossi","12":"product_tag-aleatico_and-fr","13":"product_tag-biodynamic-agriculture-fr","14":"product_tag-biologique","15":"product_tag-ciliegiolo_and-fr","16":"product_tag-colorino_and-fr","17":"product_tag-lucchese-fr","18":"product_tag-moscato-rosso_and-fr","19":"product_tag-sangiovese_and-fr","20":"product_tag-valle-del-sole-fr","21":"product_tag-vinivalledelsole-fr","23":"first","24":"instock","25":"taxable","26":"shipping-taxable","27":"purchasable","28":"product-type-simple"},"aioseo_notices":[],"_links":{"self":[{"href":"https:\/\/lovebiowines.com\/fr\/wp-json\/wp\/v2\/product\/8358","targetHints":{"allow":["GET"]}}],"collection":[{"href":"https:\/\/lovebiowines.com\/fr\/wp-json\/wp\/v2\/product"}],"about":[{"href":"https:\/\/lovebiowines.com\/fr\/wp-json\/wp\/v2\/types\/product"}],"version-history":[{"count":0,"href":"https:\/\/lovebiowines.com\/fr\/wp-json\/wp\/v2\/product\/8358\/revisions"}],"wp:featuredmedia":[{"embeddable":true,"href":"https:\/\/lovebiowines.com\/fr\/wp-json\/wp\/v2\/media\/3987"}],"wp:attachment":[{"href":"https:\/\/lovebiowines.com\/fr\/wp-json\/wp\/v2\/media?parent=8358"}],"wp:term":[{"taxonomy":"product_brand","embeddable":true,"href":"https:\/\/lovebiowines.com\/fr\/wp-json\/wp\/v2\/product_brand?post=8358"},{"taxonomy":"product_cat","embeddable":true,"href":"https:\/\/lovebiowines.com\/fr\/wp-json\/wp\/v2\/product_cat?post=8358"},{"taxonomy":"product_tag","embeddable":true,"href":"https:\/\/lovebiowines.com\/fr\/wp-json\/wp\/v2\/product_tag?post=8358"}],"curies":[{"name":"wp","href":"https:\/\/api.w.org\/{rel}","templated":true}]}}