{"id":8357,"date":"2023-08-09T21:01:32","date_gmt":"2023-08-09T19:01:32","guid":{"rendered":"https:\/\/lovebiowines.com\/product\/valle-del-sole-libente-igt-toscana-rosso\/"},"modified":"2023-08-09T21:01:32","modified_gmt":"2023-08-09T19:01:32","slug":"valle-del-sole-libente-igt-toscana-rosso","status":"publish","type":"product","link":"https:\/\/lovebiowines.com\/fr\/produit\/valle-del-sole-libente-igt-toscana-rosso\/","title":{"rendered":"Valle del Sole \u2013 Libente \u2013 Igt Toscana Rosso"},"content":{"rendered":"<h5>LIBENTE<\/h5>\n<h5 class=\"cvGsUA direction-ltr align-justify para-style-body\"><span class=\"OYPEnA text-decoration-none text-strikethrough-none\">APPELLATION:<\/span> <span class=\"OYPEnA text-decoration-none text-strikethrough-none\">IGT Toscana Rosso<\/span><\/h5>\n<h5 class=\"cvGsUA direction-ltr align-justify para-style-body\"><span class=\"OYPEnA text-decoration-none text-strikethrough-none\">Zones de production : Toscane &#8211; Lucques<\/span><\/h5>\n<h5 class=\"cvGsUA direction-ltr align-justify para-style-body\"><span class=\"OYPEnA text-decoration-none text-strikethrough-none\">CEPAGE: 100% Merlot<\/span><\/h5>\n<h5 class=\"cvGsUA direction-ltr align-justify para-style-body\"><span class=\"OYPEnA text-decoration-none text-strikethrough-none\">TYPE DE PRODUCTION :<\/span> <span class=\"OYPEnA text-decoration-none text-strikethrough-none\">Certifi\u00e9 Biologique<\/span><\/h5>\n<h5 class=\"cvGsUA direction-ltr align-justify para-style-body\"><span class=\"OYPEnA text-decoration-none text-strikethrough-none\">CARACT\u00c9RISTIQUES DU VIGNOBLE : 100 m. au-dessus du niveau de la mer \u2013 Exposition Sud\/Ouest (Loc Cappella \u2013 Lucca) &#8211; Syst\u00e8me de conduite Guyot &#8211; Densit\u00e9 de vignes \u00e0 l&rsquo;hectare 5000 plants <\/span><\/h5>\n<h5 class=\"cvGsUA direction-ltr align-justify para-style-body\"><span class=\"OYPEnA text-decoration-none text-strikethrough-none\">PRODUCTION ANNUELLE : De 4 000 \u00e0 8 000 flacons de 750 ml. selon l&rsquo;ann\u00e9e<\/span><\/h5>\n<h5 class=\"cvGsUA direction-ltr align-justify para-style-body\"><span class=\"OYPEnA text-decoration-none text-strikethrough-none\">VINIFICATION ET \u00c9LEVAGE : <\/span><span class=\"OYPEnA text-decoration-none text-strikethrough-none\">Vendanges : R\u00e9alis\u00e9es manuellement avec nouvelle s\u00e9lection des grappes en cave avant \u00e9grappage &#8211; Foulage : Pigeage et remontages manuels.<\/span> <span class=\"OYPEnA text-decoration-none text-strikethrough-none\">Fermentation : Avec des levures indig\u00e8nes en cuve acier &#8211; Temp\u00e9rature de fermentation : contr\u00f4l\u00e9e 28\/30\u00b0 &#8211; Elevage : 12 mois en f\u00fbts de ch\u00eane fran\u00e7ais de 500 litres et cuves acier et b\u00e9ton.<\/span><\/h5>\n<h5 class=\"cvGsUA direction-ltr align-justify para-style-body\"><span class=\"OYPEnA text-decoration-none text-strikethrough-none\">NOTES DE D\u00c9GUSTATION<\/span><\/h5>\n<h5 class=\"cvGsUA direction-ltr align-justify para-style-body\"><span class=\"OYPEnA text-decoration-none text-strikethrough-none\">A LA VUE \u2013 Robe rouge rubis, reflets violets<\/span><\/h5>\n<h5 class=\"cvGsUA direction-ltr align-justify para-style-body\"><span class=\"OYPEnA text-decoration-none text-strikethrough-none\">AU NEZ \u2013 Parfum de baies sauvages, de prune, de prune, d&rsquo;\u00e9pices<\/span><\/h5>\n<h5 class=\"cvGsUA direction-ltr align-justify para-style-body\"><span class=\"OYPEnA text-decoration-none text-strikethrough-none\">EN BOUCHE \u2013 Assez doux, assez tannique, frais en bouche<\/span><\/h5>\n<h5 class=\"cvGsUA direction-ltr align-justify para-style-body\"><span class=\"OYPEnA text-decoration-none text-strikethrough-none\">ACCORDS METS<\/span><\/h5>\n<h5 class=\"cvGsUA direction-ltr align-justify para-style-body\"><span class=\"OYPEnA text-decoration-none text-strikethrough-none\">Libente accompagne parfaitement les entr\u00e9es, les viandes rouges et les r\u00f4tis.<\/span><\/h5>\n<h5 class=\"cvGsUA direction-ltr align-justify para-style-body\"><span class=\"OYPEnA text-decoration-none text-strikethrough-none\">TENEUR EN ALCOOL &#8211; TEMP\u00c9RATURE ET MODE DE SERVICE<\/span><\/h5>\n<h5 class=\"cvGsUA direction-ltr align-justify para-style-body\"><span class=\"OYPEnA text-decoration-none text-strikethrough-none\">Temp\u00e9rature de service : ambiente<\/span><\/h5>\n<h5 class=\"cvGsUA direction-ltr align-justify para-style-body\"><span class=\"OYPEnA text-decoration-none text-strikethrough-none\">ADDITIFS\/ALLERG\u00c8NES<\/span><\/h5>\n<h5 class=\"cvGsUA direction-ltr align-justify para-style-body\"><span class=\"OYPEnA text-decoration-none text-strikethrough-none\">Contient des sulfites<\/span><\/h5>\n<h5><a href=\"https:\/\/lovebiowines.com\/wp-content\/uploads\/2024\/08\/I-Vini-di-Valle-del-Sole_LoveBiowines-2.pdf\">Les Vins de la Valle del Sole_Fiche technique en PDF<\/a><\/h5>\n","protected":false},"excerpt":{"rendered":"<h5><img loading=\"lazy\" decoding=\"async\" class=\"alignnone size-full wp-image-53\" src=\"https:\/\/lovebiowines.com\/wp-content\/uploads\/2023\/07\/fascia-italia-1-300x20-1.png\" alt=\"Produits Made in Italy\" width=\"300\" height=\"20\"><\/h5>\n<h5><img loading=\"lazy\" decoding=\"async\" class=\"alignnone wp-image-3887\" src=\"https:\/\/lovebiowines.com\/wp-content\/uploads\/2024\/01\/logo-bio-300x201.jpg\" alt=\"\" width=\"75\" height=\"51\" srcset=\"https:\/\/lovebiowines.com\/wp-content\/uploads\/2024\/01\/logo-bio-300x204.jpg 300w, https:\/\/lovebiowines.com\/wp-content\/uploads\/2024\/01\/logo-bio.jpg 305w\" sizes=\"auto, (max-width: 75px) 100vw, 75px\" \/><\/h5>\n<h5><strong>100% Merlot \u2013 \u00c9levage : 12 mois en f\u00fbts de ch\u00eane fran\u00e7ais de 500 litres, cuves acier et b\u00e9ton<\/strong><\/h5>\n<h5><a href=\"\/?p=1191\">D\u00e9couvrez tous les vins de la Valle del Sole !<\/a><\/h5>\n<h5><a href=\"https:\/\/lovebiowines.com\/prodotto\/valle-del-sole-ebrius-igt-toscano-sangiovese\/\">Ebrius<\/a> \u2013 <a href=\"https:\/\/lovebiowines.com\/prodotto\/valle-del-sole-hama-igt-toscana-trebbiano\/\">H\u2019Ama<\/a> \u2013 <a href=\"https:\/\/lovebiowines.com\/prodotto\/valle-del-sole-malie-igt-toscana-bianco\/\">Malie<\/a> \u2013 <a href=\"https:\/\/lovebiowines.com\/prodotto\/valle-del-sole-occhi-di-fata-rose\/\">Occhi di Fata<\/a> \u2013 <a href=\"https:\/\/lovebiowines.com\/prodotto\/valle-del-sole-linchetto-igt-toscana-rosso\/\">Linchetto<\/a> \u2013 <a href=\"https:\/\/lovebiowines.com\/prodotto\/valle-del-sole-soleo-itg-toscana-bianco-vendemmia-tardiva\/\">Soleo<\/a><\/h5>\n<h5><a href=\"https:\/\/lovebiowines.com\/wp-content\/uploads\/2023\/08\/I-Vini-di-Valle-del-Sole_LoVeBioWines-1.pdf\">Les Vins de la Valle del Sole &#8211; Fiches PDF<\/a><\/h5>\n","protected":false},"featured_media":4637,"template":"","meta":{"_monsterinsights_skip_tracking":false,"_monsterinsights_sitenote_active":false,"_monsterinsights_sitenote_note":"","_monsterinsights_sitenote_category":0,"_uf_show_specific_survey":0,"_uf_disable_surveys":false},"product_brand":[],"product_cat":[513,451,480,518,477,479],"product_tag":[537,532,548,482,430,431],"class_list":{"0":"post-8357","1":"product","2":"type-product","3":"status-publish","4":"has-post-thumbnail","6":"product_cat-igt-toscana-rosso-fr","7":"product_cat-offres","8":"product_cat-vins-certifies-biologiques","9":"product_cat-vins-dagriculture-biodynamique","10":"product_cat-vins-rouges","11":"product_cat-zone-de-production-colline-lucchesi-versilia-rossi","12":"product_tag-biodynamic-agriculture-fr","13":"product_tag-biologique","14":"product_tag-merlot100-fr","15":"product_tag-qta-fr","16":"product_tag-valle-del-sole-fr","17":"product_tag-vinivalledelsole-fr","19":"first","20":"instock","21":"taxable","22":"shipping-taxable","23":"purchasable","24":"product-type-simple"},"aioseo_notices":[],"_links":{"self":[{"href":"https:\/\/lovebiowines.com\/fr\/wp-json\/wp\/v2\/product\/8357","targetHints":{"allow":["GET"]}}],"collection":[{"href":"https:\/\/lovebiowines.com\/fr\/wp-json\/wp\/v2\/product"}],"about":[{"href":"https:\/\/lovebiowines.com\/fr\/wp-json\/wp\/v2\/types\/product"}],"version-history":[{"count":0,"href":"https:\/\/lovebiowines.com\/fr\/wp-json\/wp\/v2\/product\/8357\/revisions"}],"wp:featuredmedia":[{"embeddable":true,"href":"https:\/\/lovebiowines.com\/fr\/wp-json\/wp\/v2\/media\/4637"}],"wp:attachment":[{"href":"https:\/\/lovebiowines.com\/fr\/wp-json\/wp\/v2\/media?parent=8357"}],"wp:term":[{"taxonomy":"product_brand","embeddable":true,"href":"https:\/\/lovebiowines.com\/fr\/wp-json\/wp\/v2\/product_brand?post=8357"},{"taxonomy":"product_cat","embeddable":true,"href":"https:\/\/lovebiowines.com\/fr\/wp-json\/wp\/v2\/product_cat?post=8357"},{"taxonomy":"product_tag","embeddable":true,"href":"https:\/\/lovebiowines.com\/fr\/wp-json\/wp\/v2\/product_tag?post=8357"}],"curies":[{"name":"wp","href":"https:\/\/api.w.org\/{rel}","templated":true}]}}