{"id":8356,"date":"2023-08-09T21:15:53","date_gmt":"2023-08-09T19:15:53","guid":{"rendered":"https:\/\/lovebiowines.com\/product\/cantine-ramarro-lu-li-limited-edition\/"},"modified":"2023-08-09T21:15:53","modified_gmt":"2023-08-09T19:15:53","slug":"cantine-ramarro-lu-li-limited-edition","status":"publish","type":"product","link":"https:\/\/lovebiowines.com\/fr\/produit\/cantine-ramarro-lu-li-limited-edition\/","title":{"rendered":"Cantine Ramarro \u2013 Lu Li Limited Edition"},"content":{"rendered":"<h4>Lu L\u00ec est n\u00e9 de raisins purs Grenache, les raisins r\u00e9colt\u00e9s \u00e0 la mi-septembre ont \u00e9t\u00e9 vinifi\u00e9s dans du ciment o\u00f9 le vin a ensuite \u00e9t\u00e9 affin\u00e9 au contact de ses propres levures pendant environ 12 mois.<\/h4>\n<h4>Au nez il s&rsquo;exprime dans toute son identit\u00e9 territoriale faite d&rsquo;\u00e9l\u00e9gance et de fra\u00eecheur : petits fruits rouges, grenade, thym et poivre noir alternent dans une \u00e9treinte d&rsquo;agrumes.<\/h4>\n<h4>En bouche la fra\u00eecheur et les tanins s&rsquo;entrelacent admirablement pour donner une tension gustative constante et profonde d&rsquo;un grand plaisir, en finale le retour des fruits rouges donne une jutosit\u00e9 vibrante et persistante.<\/h4>\n<h4>\u00c9dition limit\u00e9e, 600 bouteilles.<\/h4>\n","protected":false},"excerpt":{"rendered":"<p>          <img loading=\"lazy\" decoding=\"async\" class=\"alignnone size-full wp-image-53\" src=\"https:\/\/lovebiowines.com\/wp-content\/uploads\/2023\/07\/fascia-italia-1-300x20-1.png\" alt=\"Produits Made in Italy\" width=\"300\" height=\"20\"><\/p>\n<h5>Viticulture H\u00e9ro\u00efque &#8211; Non Certifi\u00e9e Bio<\/h5>\n<h5>\u00c9dition limit\u00e9e<\/h5>\n","protected":false},"featured_media":1555,"template":"","meta":{"_monsterinsights_skip_tracking":false,"_monsterinsights_sitenote_active":false,"_monsterinsights_sitenote_note":"","_monsterinsights_sitenote_category":0,"_uf_show_specific_survey":0,"_uf_disable_surveys":false},"product_brand":[],"product_cat":[477],"product_tag":[],"class_list":{"0":"post-8356","1":"product","2":"type-product","3":"status-publish","4":"has-post-thumbnail","6":"product_cat-vins-rouges","8":"first","9":"outofstock","10":"taxable","11":"shipping-taxable","12":"purchasable","13":"product-type-simple"},"aioseo_notices":[],"_links":{"self":[{"href":"https:\/\/lovebiowines.com\/fr\/wp-json\/wp\/v2\/product\/8356","targetHints":{"allow":["GET"]}}],"collection":[{"href":"https:\/\/lovebiowines.com\/fr\/wp-json\/wp\/v2\/product"}],"about":[{"href":"https:\/\/lovebiowines.com\/fr\/wp-json\/wp\/v2\/types\/product"}],"version-history":[{"count":0,"href":"https:\/\/lovebiowines.com\/fr\/wp-json\/wp\/v2\/product\/8356\/revisions"}],"wp:featuredmedia":[{"embeddable":true,"href":"https:\/\/lovebiowines.com\/fr\/wp-json\/wp\/v2\/media\/1555"}],"wp:attachment":[{"href":"https:\/\/lovebiowines.com\/fr\/wp-json\/wp\/v2\/media?parent=8356"}],"wp:term":[{"taxonomy":"product_brand","embeddable":true,"href":"https:\/\/lovebiowines.com\/fr\/wp-json\/wp\/v2\/product_brand?post=8356"},{"taxonomy":"product_cat","embeddable":true,"href":"https:\/\/lovebiowines.com\/fr\/wp-json\/wp\/v2\/product_cat?post=8356"},{"taxonomy":"product_tag","embeddable":true,"href":"https:\/\/lovebiowines.com\/fr\/wp-json\/wp\/v2\/product_tag?post=8356"}],"curies":[{"name":"wp","href":"https:\/\/api.w.org\/{rel}","templated":true}]}}