{"id":8355,"date":"2023-08-09T21:20:34","date_gmt":"2023-08-09T19:20:34","guid":{"rendered":"https:\/\/lovebiowines.com\/product\/tenuta-adamo-lagnesa\/"},"modified":"2023-08-09T21:20:34","modified_gmt":"2023-08-09T19:20:34","slug":"tenuta-adamo-lagnesa","status":"publish","type":"product","link":"https:\/\/lovebiowines.com\/fr\/produit\/tenuta-adamo-lagnesa\/","title":{"rendered":"Tenuta Adamo &#8211; L\u2019Agnesa"},"content":{"rendered":"<h5>\n            <span style=\"font-size: 16px;\">Indication G\u00e9ographique Typique<\/span><br \/>\n          <\/h5>\n<div class=\"et_pb_module et_pb_text et_pb_text_13 descrizione-prodotti et_pb_text_align_left et_pb_bg_layout_light\">\n<div class=\"et_pb_text_inner\">\n<h5>Sangiovese, Cabernet Sauvignon, Montepulciano<\/h5>\n<h5>Raisins s\u00e9lectionn\u00e9s et \u00e9grapp\u00e9s. Fermentation pure en cuves inox. Mac\u00e9ration de 8 \u00e0 10 jours avec remontages et pigeages quotidiens. Malolactique spontan\u00e9e. Affinage en f\u00fbts de 10 hl pendant 12 mois. Clarifi\u00e9 et filtr\u00e9. Le vin est mis en bouteille 12 mois apr\u00e8s les vendanges.<\/h5>\n<\/p><\/div>\n<\/p><\/div>\n","protected":false},"excerpt":{"rendered":"<p>          <img loading=\"lazy\" decoding=\"async\" class=\"alignnone size-full wp-image-53\" src=\"https:\/\/lovebiowines.com\/wp-content\/uploads\/2023\/07\/fascia-italia-1-300x20-1.png\" alt=\"Produits Made in Italy\" width=\"300\" height=\"20\"><\/p>\n<h5>C\u00e9pages: Sangiovese, Cabernet Sauvignon, Montepulciano<\/h5>\n","protected":false},"featured_media":1558,"template":"","meta":{"_monsterinsights_skip_tracking":false,"_monsterinsights_sitenote_active":false,"_monsterinsights_sitenote_note":"","_monsterinsights_sitenote_category":0,"_uf_show_specific_survey":0,"_uf_disable_surveys":false},"product_brand":[],"product_cat":[477],"product_tag":[],"class_list":{"0":"post-8355","1":"product","2":"type-product","3":"status-publish","4":"has-post-thumbnail","6":"product_cat-vins-rouges","8":"first","9":"instock","10":"taxable","11":"shipping-taxable","12":"purchasable","13":"product-type-simple"},"aioseo_notices":[],"_links":{"self":[{"href":"https:\/\/lovebiowines.com\/fr\/wp-json\/wp\/v2\/product\/8355","targetHints":{"allow":["GET"]}}],"collection":[{"href":"https:\/\/lovebiowines.com\/fr\/wp-json\/wp\/v2\/product"}],"about":[{"href":"https:\/\/lovebiowines.com\/fr\/wp-json\/wp\/v2\/types\/product"}],"version-history":[{"count":0,"href":"https:\/\/lovebiowines.com\/fr\/wp-json\/wp\/v2\/product\/8355\/revisions"}],"wp:featuredmedia":[{"embeddable":true,"href":"https:\/\/lovebiowines.com\/fr\/wp-json\/wp\/v2\/media\/1558"}],"wp:attachment":[{"href":"https:\/\/lovebiowines.com\/fr\/wp-json\/wp\/v2\/media?parent=8355"}],"wp:term":[{"taxonomy":"product_brand","embeddable":true,"href":"https:\/\/lovebiowines.com\/fr\/wp-json\/wp\/v2\/product_brand?post=8355"},{"taxonomy":"product_cat","embeddable":true,"href":"https:\/\/lovebiowines.com\/fr\/wp-json\/wp\/v2\/product_cat?post=8355"},{"taxonomy":"product_tag","embeddable":true,"href":"https:\/\/lovebiowines.com\/fr\/wp-json\/wp\/v2\/product_tag?post=8355"}],"curies":[{"name":"wp","href":"https:\/\/api.w.org\/{rel}","templated":true}]}}