{"id":8354,"date":"2023-08-09T21:25:22","date_gmt":"2023-08-09T19:25:22","guid":{"rendered":"https:\/\/lovebiowines.com\/product\/segreto-del-castello-100-pinot-nero-igt-tenuta-mariani\/"},"modified":"2023-08-09T21:25:22","modified_gmt":"2023-08-09T19:25:22","slug":"segreto-del-castello-100-pinot-nero-igt-tenuta-mariani","status":"publish","type":"product","link":"https:\/\/lovebiowines.com\/fr\/produit\/segreto-del-castello-100-pinot-nero-igt-tenuta-mariani\/","title":{"rendered":"Segreto del Castello 100% Pinot Nero IGT \u2013 Tenuta Mariani"},"content":{"rendered":"<h4>Segreto del Castello 100% Pinot Nero<\/h4>\n<h4 class=\"cls_006\"><span class=\"cls_006\">Raisins des collines Lucchesi Selva di Segale.<\/span><\/h4>\n<h4 class=\"cls_006\"><\/h4>\n<h4 class=\"cls_007\"><span class=\"cls_007\">Vieilli dans nos caves pendant 18 mois en barriques de ch\u00eane, barriques neuves dans la premi\u00e8re partie de l&rsquo;affinage<\/span><span class=\"cls_007\">et barriques en ch\u00eane de deuxi\u00e8me passage dans la deuxi\u00e8me partie. Non filtr\u00e9 et \u00e0 faible teneur en sulfites.<\/span><\/h4>\n","protected":false},"excerpt":{"rendered":"<p><img loading=\"lazy\" decoding=\"async\" class=\"alignnone size-full wp-image-53\" src=\"https:\/\/lovebiowines.com\/wp-content\/uploads\/2023\/07\/fascia-italia-1-300x20-1.png\" alt=\"Produits Made in Italy\" width=\"300\" height=\"20\"><\/p>\n<p><a href=\"\/?p=2159\">D\u00e9couvrez tous les vins et vins effervescents de Tenuta Mariani<\/a><\/p>\n<p>&nbsp;<\/p>\n","protected":false},"featured_media":5953,"template":"","meta":{"_monsterinsights_skip_tracking":false,"_monsterinsights_sitenote_active":false,"_monsterinsights_sitenote_note":"","_monsterinsights_sitenote_category":0,"_uf_show_specific_survey":0,"_uf_disable_surveys":false},"product_brand":[],"product_cat":[513,518,477,479],"product_tag":[],"class_list":{"0":"post-8354","1":"product","2":"type-product","3":"status-publish","4":"has-post-thumbnail","6":"product_cat-igt-toscana-rosso-fr","7":"product_cat-vins-dagriculture-biodynamique","8":"product_cat-vins-rouges","9":"product_cat-zone-de-production-colline-lucchesi-versilia-rossi","11":"first","12":"instock","13":"taxable","14":"shipping-taxable","15":"purchasable","16":"product-type-simple"},"aioseo_notices":[],"_links":{"self":[{"href":"https:\/\/lovebiowines.com\/fr\/wp-json\/wp\/v2\/product\/8354","targetHints":{"allow":["GET"]}}],"collection":[{"href":"https:\/\/lovebiowines.com\/fr\/wp-json\/wp\/v2\/product"}],"about":[{"href":"https:\/\/lovebiowines.com\/fr\/wp-json\/wp\/v2\/types\/product"}],"version-history":[{"count":0,"href":"https:\/\/lovebiowines.com\/fr\/wp-json\/wp\/v2\/product\/8354\/revisions"}],"wp:featuredmedia":[{"embeddable":true,"href":"https:\/\/lovebiowines.com\/fr\/wp-json\/wp\/v2\/media\/5953"}],"wp:attachment":[{"href":"https:\/\/lovebiowines.com\/fr\/wp-json\/wp\/v2\/media?parent=8354"}],"wp:term":[{"taxonomy":"product_brand","embeddable":true,"href":"https:\/\/lovebiowines.com\/fr\/wp-json\/wp\/v2\/product_brand?post=8354"},{"taxonomy":"product_cat","embeddable":true,"href":"https:\/\/lovebiowines.com\/fr\/wp-json\/wp\/v2\/product_cat?post=8354"},{"taxonomy":"product_tag","embeddable":true,"href":"https:\/\/lovebiowines.com\/fr\/wp-json\/wp\/v2\/product_tag?post=8354"}],"curies":[{"name":"wp","href":"https:\/\/api.w.org\/{rel}","templated":true}]}}