{"id":8352,"date":"2023-08-09T21:39:19","date_gmt":"2023-08-09T19:39:19","guid":{"rendered":"https:\/\/lovebiowines.com\/product\/fattoria-sardi-rosso-merlot-madonnina-delluva-doc-colline-lucchesi-rosso-bio\/"},"modified":"2023-08-09T21:39:19","modified_gmt":"2023-08-09T19:39:19","slug":"fattoria-sardi-rosso-merlot-madonnina-delluva-doc-colline-lucchesi-rosso-bio","status":"publish","type":"product","link":"https:\/\/lovebiowines.com\/fr\/produit\/fattoria-sardi-rosso-merlot-madonnina-delluva-doc-colline-lucchesi-rosso-bio\/","title":{"rendered":"Fattoria Sardi \u2013 Rosso Merlot \u2013 Madonnina dell&rsquo;Uva &#8211; Doc Colline Lucchesi Rosso Bio"},"content":{"rendered":"<h6>MADONNINA DELL&rsquo;UVA<\/h6>\n<h6 class=\"cvGsUA direction-ltr align-justify para-style-body\"><span class=\"OYPEnA text-decoration-none text-strikethrough-none\">APPELATION: DOC Colline Lucchesi<\/span><\/h6>\n<h6 class=\"cvGsUA direction-ltr align-justify para-style-body\"><span class=\"OYPEnA text-decoration-none text-strikethrough-none\">ZONE DE PRODUCTION : Toscane \u2013 Lucca<\/span><\/h6>\n<h6 class=\"cvGsUA direction-ltr align-justify para-style-body\"><span class=\"OYPEnA text-decoration-none text-strikethrough-none\">C\u00c9PAGE : C\u00e9pages Merlot Bio.<\/span><\/h6>\n<h6 class=\"cvGsUA direction-ltr align-justify para-style-body\"><span class=\"OYPEnA text-decoration-none text-strikethrough-none\">TYPE DE PRODUCTION : Certifi\u00e9 Biologique<\/span><\/h6>\n<h6 class=\"cvGsUA direction-ltr align-justify para-style-body\"><span class=\"OYPEnA text-decoration-none text-strikethrough-none\">CARACT\u00c9RISTIQUES DU VIGNOBLE :<\/span><\/h6>\n<h6 class=\"cvGsUA direction-ltr align-justify para-style-body\"><span class=\"OYPEnA text-decoration-none text-strikethrough-none\">PRODUCTION ANNUELLE :<\/span><\/h6>\n<h6 class=\"cvGsUA direction-ltr align-justify para-style-body\"><span class=\"OYPEnA text-decoration-none text-strikethrough-none\">VINIFICATION ET AFFINAGE : <\/span><span class=\"OYPEnA text-decoration-none text-strikethrough-none\">Tous les raisins sont vendang\u00e9s manuellement et les grappes sont s\u00e9lectionn\u00e9es. Ensuite, une partie est \u00e9grapp\u00e9e \u00e0 la main et une autre est laiss\u00e9e enti\u00e8re et plac\u00e9e dans les cuves pour la vinification.<\/span><\/h6>\n<h6 class=\"cvGsUA direction-ltr align-justify para-style-body\"><span class=\"OYPEnA text-decoration-none text-strikethrough-none\">Fermentation alcoolique spontan\u00e9e. Mac\u00e9ration plus ou moins longue selon les ann\u00e9es. Fermentation malolactique spontan\u00e9e. Vieillissement en bois.<\/span><\/h6>\n<h6 class=\"cvGsUA direction-ltr align-justify para-style-body\"><span class=\"OYPEnA text-decoration-none text-strikethrough-none\">NOTES DE D\u00c9GUSTATION<\/span><\/h6>\n<h6 class=\"cvGsUA direction-ltr align-justify para-style-body\"><span class=\"OYPEnA text-decoration-none text-strikethrough-none\">\u00c0 LA VUE \u2013 Rouge rubis<\/span><\/h6>\n<h6 class=\"cvGsUA direction-ltr align-justify para-style-body\"><span class=\"OYPEnA text-decoration-none text-strikethrough-none\">AU NEZ \u2013 Intense et parfum\u00e9. Notes florales de violette et d&rsquo;iris. Notes fruit\u00e9es de cerise et de m\u00fbre. Notes \u00e9pic\u00e9es de poivre et de vanille.<\/span><\/h6>\n<h6 class=\"cvGsUA direction-ltr align-justify para-style-body\"><span class=\"OYPEnA text-decoration-none text-strikethrough-none\">EN BOUCHE \u2013 Juteux, rond et frais. Bonne persistance<\/span><\/h6>\n<h6 class=\"cvGsUA direction-ltr align-justify para-style-body\"><span class=\"OYPEnA text-decoration-none text-strikethrough-none\">ACCORDS METS<\/span><\/h6>\n<h6 class=\"cvGsUA direction-ltr align-justify para-style-body\"><span class=\"OYPEnA text-decoration-none text-strikethrough-none\">Gr\u00e2ce \u00e0 sa rondeur et sa fra\u00eecheur, Fattoria Sardi Rosso Merlot est un vin rouge de tous les repas et de toutes les saisons.<\/span><\/h6>\n<h6 class=\"cvGsUA direction-ltr align-justify para-style-body\"><span class=\"OYPEnA text-decoration-none text-strikethrough-none\">TENEUR EN ALCOOL &#8211; TEMP\u00c9RATURE ET MODE DE SERVICE<\/span><\/h6>\n<h6 class=\"cvGsUA direction-ltr align-justify para-style-body\"><span class=\"OYPEnA text-decoration-none text-strikethrough-none\">Vol 14% &#8211; Appr\u00e9ciable \u00e0 une temp\u00e9rature de 18\u00b0C. En \u00e9t\u00e9, il peut \u00eatre servi plus frais<\/span><\/h6>\n<h6 class=\"cvGsUA direction-ltr align-justify para-style-body\"><span class=\"OYPEnA text-decoration-none text-strikethrough-none\">ALLERG\u00c8NES<\/span><\/h6>\n<h6 class=\"cvGsUA direction-ltr align-justify para-style-body\"><span class=\"OYPEnA text-decoration-none text-strikethrough-none\">Contient des sulfites<\/span><\/h6>\n<h6 class=\"elementor-image-box-description\"><a href=\"https:\/\/lovebiowines.com\/wp-content\/uploads\/2024\/03\/I-Vini-di-fattoria-Sardi_LoVeBioWines.pdf\">Vins de ferme sardes &#8211; Fiches techniques en PDF<\/a><\/h6>\n","protected":false},"excerpt":{"rendered":"<p><img loading=\"lazy\" decoding=\"async\" class=\"alignnone size-full wp-image-53\" src=\"https:\/\/lovebiowines.com\/wp-content\/uploads\/2023\/07\/fascia-italia-1-300x20-1.png\" alt=\"Produits Made in Italy\" width=\"300\" height=\"20\"><\/p>\n<h5>C\u00e9pages : Raisins Merlot Bio<\/h5>\n<h5><a href=\"\/?p=164\">D\u00e9couvrez tous les vins de Fattoria Sardi !<\/a><\/h5>\n<h5><a href=\"https:\/\/lovebiowines.com\/prodotto\/fattoria-sardi-sebastiano-2018-doc-colline-lucchesi-bio\/\">Sebastiano<\/a> &#8211; <a href=\"https:\/\/lovebiowines.com\/prodotto\/fattoria-sardi-le-cicale-2021-rosato-igt-toscana-bio\/\">Le Cicale<\/a> &#8211; <a href=\"https:\/\/lovebiowines.com\/prodotto\/fattoria-sardi-vallebuia-bianco-doc-colline-lucchesi-bio\/\">13 Primavere<\/a> &#8211; <a href=\"https:\/\/lovebiowines.com\/prodotto\/sotto-villa-2022-vermentino-doc-colline-lucchesi-bio-fattoria-sardi\/\">Sotto Villa<\/a> &#8211; <a href=\"https:\/\/lovebiowines.com\/prodotto\/fattoria-sardi-vallebuia-bianco-doc-colline-lucchesi-bio\/\">Vallebuia Bianco<\/a> &#8211; <a href=\"https:\/\/lovebiowines.com\/prodotto\/fattoria-sardi-vallebuia-2021-senza-so2-doc-colline-lucchesi-bio\/\">Vallebuia Rosso <\/a> <\/h5>\n","protected":false},"featured_media":4070,"template":"","meta":{"_monsterinsights_skip_tracking":false,"_monsterinsights_sitenote_active":false,"_monsterinsights_sitenote_note":"","_monsterinsights_sitenote_category":0,"_uf_show_specific_survey":0,"_uf_disable_surveys":false},"product_brand":[],"product_cat":[478,480,518,477,479],"product_tag":[548,536],"class_list":{"0":"post-8352","1":"product","2":"type-product","3":"status-publish","4":"has-post-thumbnail","6":"product_cat-doc-colline-lucchesi-rouge","7":"product_cat-vins-certifies-biologiques","8":"product_cat-vins-dagriculture-biodynamique","9":"product_cat-vins-rouges","10":"product_cat-zone-de-production-colline-lucchesi-versilia-rossi","11":"product_tag-merlot100-fr","12":"product_tag-vinifattoriasardi-fr","14":"first","15":"outofstock","16":"taxable","17":"shipping-taxable","18":"purchasable","19":"product-type-simple"},"aioseo_notices":[],"_links":{"self":[{"href":"https:\/\/lovebiowines.com\/fr\/wp-json\/wp\/v2\/product\/8352","targetHints":{"allow":["GET"]}}],"collection":[{"href":"https:\/\/lovebiowines.com\/fr\/wp-json\/wp\/v2\/product"}],"about":[{"href":"https:\/\/lovebiowines.com\/fr\/wp-json\/wp\/v2\/types\/product"}],"version-history":[{"count":0,"href":"https:\/\/lovebiowines.com\/fr\/wp-json\/wp\/v2\/product\/8352\/revisions"}],"wp:featuredmedia":[{"embeddable":true,"href":"https:\/\/lovebiowines.com\/fr\/wp-json\/wp\/v2\/media\/4070"}],"wp:attachment":[{"href":"https:\/\/lovebiowines.com\/fr\/wp-json\/wp\/v2\/media?parent=8352"}],"wp:term":[{"taxonomy":"product_brand","embeddable":true,"href":"https:\/\/lovebiowines.com\/fr\/wp-json\/wp\/v2\/product_brand?post=8352"},{"taxonomy":"product_cat","embeddable":true,"href":"https:\/\/lovebiowines.com\/fr\/wp-json\/wp\/v2\/product_cat?post=8352"},{"taxonomy":"product_tag","embeddable":true,"href":"https:\/\/lovebiowines.com\/fr\/wp-json\/wp\/v2\/product_tag?post=8352"}],"curies":[{"name":"wp","href":"https:\/\/api.w.org\/{rel}","templated":true}]}}