{"id":8351,"date":"2023-08-09T21:44:23","date_gmt":"2023-08-09T19:44:23","guid":{"rendered":"https:\/\/lovebiowines.com\/product\/carmignani-theorema-i-g-t\/"},"modified":"2023-08-09T21:44:23","modified_gmt":"2023-08-09T19:44:23","slug":"carmignani-theorema-i-g-t","status":"publish","type":"product","link":"https:\/\/lovebiowines.com\/fr\/produit\/carmignani-theorema-i-g-t\/","title":{"rendered":"Carmignani \u2013 Theorema I.G.T."},"content":{"rendered":"<h5><em>Vin Th\u00e9or\u00e8me I.G.T. il est \u00e9galement disponible en bouteille magnum. Si vous \u00eates int\u00e9ress\u00e9, contactez-nous pour recevoir notre meilleure offre.<\/em><\/h5>\n<div id=\"tab-description\" class=\"woocommerce-Tabs-panel woocommerce-Tabs-panel--description panel entry-content wc-tab\" role=\"tabpanel\" aria-labelledby=\"tab-title-description\">\n<div class=\"post-content\">\n<h5>Les vendanges ont lieu d\u00e9but octobre et, apr\u00e8s fermentation, le vin vieillit en barriques de ch\u00eane fran\u00e7ais pendant 18 mois ; Ensuite, l&rsquo;affinage en bouteille a lieu pendant environ six mois.<\/h5>\n<h5>C&rsquo;est un vin important, \u00e0 la couleur rouge rubis intense aux reflets orang\u00e9s.<\/h5>\n<h5>Il sent la griotte, la myrtille m\u00fbre, le poivre noir, le tamarin, les feuilles de tabac, la vanille et le beurre.<\/h5>\n<h5>Le go\u00fbt est intense, plein, avec la douceur de la cerise Marasca qui revient \u00e9galement en bouche, \u00e9quilibr\u00e9e par les \u00e9pices.<\/h5>\n<h5>Il s&rsquo;accorde tr\u00e8s bien avec les compotes de sanglier, le li\u00e8vre, le saindoux et les fromages affin\u00e9s.<\/h5>\n<h5>Servir \u00e0 18\u00b0C.<\/h5>\n<h5>Contient des sulfites.<\/h5>\n<h5><a href=\"https:\/\/lovebiowines.com\/wp-content\/uploads\/2023\/10\/Schede-Fattoria-Carmignani.pdf\">Fiches Vins Fattoria Carmignani<\/a><\/h5>\n<\/div>\n<\/div>\n","protected":false},"excerpt":{"rendered":"<h5><img loading=\"lazy\" decoding=\"async\" class=\"alignnone size-full wp-image-53\" src=\"https:\/\/lovebiowines.com\/wp-content\/uploads\/2023\/07\/fascia-italia-1-300x20-1.png\" alt=\"Produits Made in Italy\" width=\"300\" height=\"20\"><\/h5>\n<h5><a href=\"\/?p=1218\">D\u00e9couvrez tous les vins de la Fattoria Carmignani<\/a><\/h5>\n<h5><em>C\u00e9pages : 30% Merlot, 30% Syrah, 30% Cabernet Sauvignon, 10% Sangiovese<br \/>\n<\/em><\/h5>\n<h5><em> Vieillissement en barriques.<\/em><\/h5>\n","protected":false},"featured_media":1570,"template":"","meta":{"_monsterinsights_skip_tracking":false,"_monsterinsights_sitenote_active":false,"_monsterinsights_sitenote_note":"","_monsterinsights_sitenote_category":0,"_uf_show_specific_survey":0,"_uf_disable_surveys":false},"product_brand":[],"product_cat":[513,477,545],"product_tag":[547,484,483,486,434],"class_list":{"0":"post-8351","1":"product","2":"type-product","3":"status-publish","4":"has-post-thumbnail","6":"product_cat-igt-toscana-rosso-fr","7":"product_cat-vins-rouges","8":"product_cat-zone-de-production-montecarlo-rossi","9":"product_tag-cabernet-sauvignon_and-fr","10":"product_tag-merlot_and-fr","11":"product_tag-sangiovese_and-fr","12":"product_tag-syrah_and-fr","13":"product_tag-vinicarmignani-fr","15":"first","16":"instock","17":"taxable","18":"shipping-taxable","19":"purchasable","20":"product-type-simple"},"aioseo_notices":[],"_links":{"self":[{"href":"https:\/\/lovebiowines.com\/fr\/wp-json\/wp\/v2\/product\/8351","targetHints":{"allow":["GET"]}}],"collection":[{"href":"https:\/\/lovebiowines.com\/fr\/wp-json\/wp\/v2\/product"}],"about":[{"href":"https:\/\/lovebiowines.com\/fr\/wp-json\/wp\/v2\/types\/product"}],"version-history":[{"count":0,"href":"https:\/\/lovebiowines.com\/fr\/wp-json\/wp\/v2\/product\/8351\/revisions"}],"wp:featuredmedia":[{"embeddable":true,"href":"https:\/\/lovebiowines.com\/fr\/wp-json\/wp\/v2\/media\/1570"}],"wp:attachment":[{"href":"https:\/\/lovebiowines.com\/fr\/wp-json\/wp\/v2\/media?parent=8351"}],"wp:term":[{"taxonomy":"product_brand","embeddable":true,"href":"https:\/\/lovebiowines.com\/fr\/wp-json\/wp\/v2\/product_brand?post=8351"},{"taxonomy":"product_cat","embeddable":true,"href":"https:\/\/lovebiowines.com\/fr\/wp-json\/wp\/v2\/product_cat?post=8351"},{"taxonomy":"product_tag","embeddable":true,"href":"https:\/\/lovebiowines.com\/fr\/wp-json\/wp\/v2\/product_tag?post=8351"}],"curies":[{"name":"wp","href":"https:\/\/api.w.org\/{rel}","templated":true}]}}