{"id":8350,"date":"2023-08-09T21:48:31","date_gmt":"2023-08-09T19:48:31","guid":{"rendered":"https:\/\/lovebiowines.com\/product\/carmignani-vino-aleatico-i-g-t\/"},"modified":"2023-08-09T21:48:31","modified_gmt":"2023-08-09T19:48:31","slug":"carmignani-vino-aleatico-i-g-t","status":"publish","type":"product","link":"https:\/\/lovebiowines.com\/fr\/produit\/carmignani-vino-aleatico-i-g-t\/","title":{"rendered":"Carmignani \u2013 Vino Aleatico I.G.T."},"content":{"rendered":"<h5>Fabriqu\u00e9 uniquement \u00e0 partir de raisins Aleatico.<\/h5>\n<h5>La r\u00e9colte a lieu dans les premiers jours de septembre.<\/h5>\n<h5>Les raisins sont s\u00e9ch\u00e9s au soleil sur claies pendant une dizaine de jours.<\/h5>\n<h5>La mac\u00e9ration pelliculaire (sur les peaux) dure sept jours \u00e0 une temp\u00e9rature de 25\u00b0C. L&rsquo;affinage se fait en acier pendant environ 6 \u00e0 7 mois et en bouteille pendant encore 3 \u00e0 4 mois.<\/h5>\n<h5>Le vin a une couleur rouge rubis intense et le nez r\u00e9v\u00e8le d&rsquo;excellents ar\u00f4mes de rose, de liqueur de cerise, de confiture de fraise et de f\u00e8ves de cacao.<\/h5>\n<h5>La saveur est intense, agr\u00e9able : fruits rouges en confiture, chocolat, cerises noires au sirop.<br \/><\/h5>\n<h5>De par ses caract\u00e9ristiques olfactives et gustatives complexes, ce vin se marie parfaitement avec les desserts au chocolat, les g\u00e2teaux \u00e0 la confiture de baies et de cerises et<br \/>\nm\u00eame de la glace.<\/h5>\n<h5>Servir \u00e0 18\u00b0C.<\/h5>\n<h5>Contient des sulfites.<\/h5>\n<h5>\n            <a href=\"https:\/\/lovebiowines.com\/wp-content\/uploads\/2023\/10\/Schede-Fattoria-Carmignani.pdf\">Fiches Vins Fattoria Carmignani<\/a><br \/>\n          <\/h5>\n","protected":false},"excerpt":{"rendered":"<p>          <img loading=\"lazy\" decoding=\"async\" class=\"alignnone size-full wp-image-53\" src=\"https:\/\/lovebiowines.com\/wp-content\/uploads\/2023\/07\/fascia-italia-1-300x20-1.png\" alt=\"Produits Made in Italy\" width=\"300\" height=\"20\"><\/p>\n<p>          <em>100% Aleatico<\/em><\/p>\n","protected":false},"featured_media":1573,"template":"","meta":{"_monsterinsights_skip_tracking":false,"_monsterinsights_sitenote_active":false,"_monsterinsights_sitenote_note":"","_monsterinsights_sitenote_category":0,"_uf_show_specific_survey":0,"_uf_disable_surveys":false},"product_brand":[],"product_cat":[513,495,477,545],"product_tag":[546,456,434],"class_list":{"0":"post-8350","1":"product","2":"type-product","3":"status-publish","4":"has-post-thumbnail","6":"product_cat-igt-toscana-rosso-fr","7":"product_cat-mousseaux-et-vin-liquereux","8":"product_cat-vins-rouges","9":"product_cat-zone-de-production-montecarlo-rossi","10":"product_tag-aleatico100-fr","11":"product_tag-montecarlo-fr","12":"product_tag-vinicarmignani-fr","14":"first","15":"instock","16":"taxable","17":"shipping-taxable","18":"purchasable","19":"product-type-simple"},"aioseo_notices":[],"_links":{"self":[{"href":"https:\/\/lovebiowines.com\/fr\/wp-json\/wp\/v2\/product\/8350","targetHints":{"allow":["GET"]}}],"collection":[{"href":"https:\/\/lovebiowines.com\/fr\/wp-json\/wp\/v2\/product"}],"about":[{"href":"https:\/\/lovebiowines.com\/fr\/wp-json\/wp\/v2\/types\/product"}],"version-history":[{"count":0,"href":"https:\/\/lovebiowines.com\/fr\/wp-json\/wp\/v2\/product\/8350\/revisions"}],"wp:featuredmedia":[{"embeddable":true,"href":"https:\/\/lovebiowines.com\/fr\/wp-json\/wp\/v2\/media\/1573"}],"wp:attachment":[{"href":"https:\/\/lovebiowines.com\/fr\/wp-json\/wp\/v2\/media?parent=8350"}],"wp:term":[{"taxonomy":"product_brand","embeddable":true,"href":"https:\/\/lovebiowines.com\/fr\/wp-json\/wp\/v2\/product_brand?post=8350"},{"taxonomy":"product_cat","embeddable":true,"href":"https:\/\/lovebiowines.com\/fr\/wp-json\/wp\/v2\/product_cat?post=8350"},{"taxonomy":"product_tag","embeddable":true,"href":"https:\/\/lovebiowines.com\/fr\/wp-json\/wp\/v2\/product_tag?post=8350"}],"curies":[{"name":"wp","href":"https:\/\/api.w.org\/{rel}","templated":true}]}}