{"id":8349,"date":"2023-08-09T21:54:16","date_gmt":"2023-08-09T19:54:16","guid":{"rendered":"https:\/\/lovebiowines.com\/product\/fattoria-sardi-vallebuia-rosso-sans-so2-doc-colline-lucchesi-bio\/"},"modified":"2023-08-09T21:54:16","modified_gmt":"2023-08-09T19:54:16","slug":"fattoria-sardi-vallebuia-rosso-sans-so2-doc-colline-lucchesi-bio","status":"publish","type":"product","link":"https:\/\/lovebiowines.com\/fr\/produit\/fattoria-sardi-vallebuia-rosso-sans-so2-doc-colline-lucchesi-bio\/","title":{"rendered":"Fattoria Sardi &#8211; Vallebuia Rosso sans SO2 Doc Colline Lucchesi Bio"},"content":{"rendered":"<h6>VALLEBUIA ROSSO (ROUGE)<\/h6>\n<h6 class=\"cvGsUA direction-ltr align-justify para-style-body\"><span class=\"OYPEnA text-decoration-none text-strikethrough-none\">APPELATION: DOC Colline Lucchesi<\/span><\/h6>\n<h6 class=\"cvGsUA direction-ltr align-justify para-style-body\"><span class=\"OYPEnA text-decoration-none text-strikethrough-none\">ZONE DE PRODUCTION_ Toscane &#8211; Lucca<\/span><\/h6>\n<h6 class=\"cvGsUA direction-ltr align-justify para-style-body\"><span class=\"OYPEnA text-decoration-none text-strikethrough-none\">C\u00c9PAGE : Raisins certifi\u00e9s biologiques, Sangiovese, colorino et autres raisins rouges.<\/span><\/h6>\n<h6 class=\"cvGsUA direction-ltr align-justify para-style-body\"><span class=\"OYPEnA text-decoration-none text-strikethrough-none\">TYPE DE PRODUCTION : Certifi\u00e9 Biologique<\/span><\/h6>\n<h6 class=\"cvGsUA direction-ltr align-justify para-style-body\"><span class=\"OYPEnA text-decoration-none text-strikethrough-none\">CARACT\u00c9RISTIQUES DU VIGNOBLE :<\/span><\/h6>\n<h6 class=\"cvGsUA direction-ltr align-justify para-style-body\"><span class=\"OYPEnA text-decoration-none text-strikethrough-none\">PRODUCTION ANNUELLE :<\/span><\/h6>\n<h6 class=\"cvGsUA direction-ltr align-justify para-style-body\"><span class=\"OYPEnA text-decoration-none text-strikethrough-none\">VINIFICATION ET AFFINAGE :<\/span><span class=\"OYPEnA text-decoration-none text-strikethrough-none\">Tous les raisins sont vendang\u00e9s manuellement et les grappes sont s\u00e9lectionn\u00e9es. Ensuite, une partie est \u00e9grapp\u00e9e \u00e0 la main et une autre est laiss\u00e9e enti\u00e8re et plac\u00e9e dans les cuves pour la vinification. <\/span><span class=\"OYPEnA text-decoration-none text-strikethrough-none\">Fermentation alcoolique spontan\u00e9e. Mac\u00e9ration plus ou moins longue selon les ann\u00e9es. Fermentation malolactique spontan\u00e9e. Affinage en ciment pendant 6 mois. Le vin ne contient pas de sulfites ajout\u00e9s.<br \/><\/span><\/h6>\n<h6 class=\"cvGsUA direction-ltr align-justify para-style-body\"><span class=\"OYPEnA text-decoration-none text-strikethrough-none\">NOTES DE D\u00c9GUSTATION<\/span><\/h6>\n<h6 class=\"cvGsUA direction-ltr align-justify para-style-body\"><span class=\"OYPEnA text-decoration-none text-strikethrough-none\">\u00c0 LA VUE \u2013 Rouge rubis<\/span><\/h6>\n<h6 class=\"cvGsUA direction-ltr align-justify para-style-body\"><span class=\"OYPEnA text-decoration-none text-strikethrough-none\">AU NEZ \u2013 Intense et parfum\u00e9. Notes \u00e9pic\u00e9es de poivre vert. Notes florales de rose et de violette. Notes fruit\u00e9es de cerise et de prune.<\/span><\/h6>\n<h6 class=\"cvGsUA direction-ltr align-justify para-style-body\"><span class=\"OYPEnA text-decoration-none text-strikethrough-none\">EN BOUCHE \u2013 Juteux, rond et frais. Bonne persistance<\/span><\/h6>\n<h6 class=\"cvGsUA direction-ltr align-justify para-style-body\"><span class=\"OYPEnA text-decoration-none text-strikethrough-none\">ACCORDS METS<\/span><\/h6>\n<h6 class=\"cvGsUA direction-ltr align-justify para-style-body\"><span class=\"OYPEnA text-decoration-none text-strikethrough-none\">Gr\u00e2ce \u00e0 sa rondeur et sa fra\u00eecheur, Fattoria Sardi Vallebuia DOC Colline Lucchesi est un vin rouge pour tous les repas et toutes les saisons.<\/span><\/h6>\n<h6 class=\"cvGsUA direction-ltr align-justify para-style-body\"><span class=\"OYPEnA text-decoration-none text-strikethrough-none\">TENEUR EN ALCOOL &#8211; TEMP\u00c9RATURE ET MODE DE SERVICE<\/span><\/h6>\n<h6 class=\"cvGsUA direction-ltr align-justify para-style-body\"><span class=\"OYPEnA text-decoration-none text-strikethrough-none\">Il s&rsquo;appr\u00e9cie \u00e0 une temp\u00e9rature de 16-18\u00b0C. En \u00e9t\u00e9, il peut \u00eatre servi plus frais.<\/span><\/h6>\n<h6 class=\"cvGsUA direction-ltr align-justify para-style-body\"><span class=\"OYPEnA text-decoration-none text-strikethrough-none\">ALLERG\u00c8NES<\/span><\/h6>\n<h6 class=\"cvGsUA direction-ltr align-justify para-style-body\"><span class=\"OYPEnA text-decoration-none text-strikethrough-none\">Ne contient aucun sulfite ajout\u00e9<\/span><\/h6>\n<div id=\"text-block-26\" class=\"mk-text-block \">\n<h6 class=\"elementor-image-box-description\"><a href=\"https:\/\/lovebiowines.com\/wp-content\/uploads\/2024\/03\/I-Vini-di-fattoria-Sardi_LoVeBioWines.pdf\">Vins Fattoria Sardi &#8211; Fiches techniques en PDF<\/a><\/h6>\n<\/div>\n","protected":false},"excerpt":{"rendered":"<p><img loading=\"lazy\" decoding=\"async\" class=\"alignnone size-full wp-image-53\" src=\"https:\/\/lovebiowines.com\/wp-content\/uploads\/2023\/07\/fascia-italia-1-300x20-1.png\" alt=\"Produits Made in Italy\" width=\"300\" height=\"20\"><\/p>\n<h5>Sans CO2<\/h5>\n<h5><a href=\"\/?p=164\">D\u00e9couvrez tous les vins de Fattoria Sardi !<\/a><\/h5>\n<h5><a href=\"https:\/\/lovebiowines.com\/prodotto\/fattoria-sardi-sebastiano-2018-doc-colline-lucchesi-bio\/\">Sebastiano<\/a> &#8211; <a href=\"https:\/\/lovebiowines.com\/prodotto\/fattoria-sardi-le-cicale-2021-rosato-igt-toscana-bio\/\">Le Cicale<\/a> &#8211; <a href=\"https:\/\/lovebiowines.com\/prodotto\/fattoria-sardi-rosso-merlot-madonnina-delluva-2021-doc-colline-lucchesi-rosso-bio\/\">Madonnina dell&rsquo;uva<\/a> &#8211; <a href=\"https:\/\/lovebiowines.com\/prodotto\/fattoria-sardi-vallebuia-bianco-doc-colline-lucchesi-bio\/\">13 Primavere<\/a> &#8211; <a href=\"https:\/\/lovebiowines.com\/prodotto\/sotto-villa-2022-vermentino-doc-colline-lucchesi-bio-fattoria-sardi\/\">Sotto Villa<\/a> &#8211; <a href=\"https:\/\/lovebiowines.com\/prodotto\/fattoria-sardi-vallebuia-bianco-doc-colline-lucchesi-bio\/\">Vallebuia Bianco<\/a><\/h5>\n","protected":false},"featured_media":4057,"template":"","meta":{"_monsterinsights_skip_tracking":false,"_monsterinsights_sitenote_active":false,"_monsterinsights_sitenote_note":"","_monsterinsights_sitenote_category":0,"_uf_show_specific_survey":0,"_uf_disable_surveys":false},"product_brand":[],"product_cat":[74],"product_tag":[536],"class_list":{"0":"post-8349","1":"product","2":"type-product","3":"status-publish","4":"has-post-thumbnail","6":"product_cat-non-classifiee","7":"product_tag-vinifattoriasardi-fr","9":"first","10":"outofstock","11":"taxable","12":"shipping-taxable","13":"purchasable","14":"product-type-simple"},"aioseo_notices":[],"_links":{"self":[{"href":"https:\/\/lovebiowines.com\/fr\/wp-json\/wp\/v2\/product\/8349","targetHints":{"allow":["GET"]}}],"collection":[{"href":"https:\/\/lovebiowines.com\/fr\/wp-json\/wp\/v2\/product"}],"about":[{"href":"https:\/\/lovebiowines.com\/fr\/wp-json\/wp\/v2\/types\/product"}],"version-history":[{"count":0,"href":"https:\/\/lovebiowines.com\/fr\/wp-json\/wp\/v2\/product\/8349\/revisions"}],"wp:featuredmedia":[{"embeddable":true,"href":"https:\/\/lovebiowines.com\/fr\/wp-json\/wp\/v2\/media\/4057"}],"wp:attachment":[{"href":"https:\/\/lovebiowines.com\/fr\/wp-json\/wp\/v2\/media?parent=8349"}],"wp:term":[{"taxonomy":"product_brand","embeddable":true,"href":"https:\/\/lovebiowines.com\/fr\/wp-json\/wp\/v2\/product_brand?post=8349"},{"taxonomy":"product_cat","embeddable":true,"href":"https:\/\/lovebiowines.com\/fr\/wp-json\/wp\/v2\/product_cat?post=8349"},{"taxonomy":"product_tag","embeddable":true,"href":"https:\/\/lovebiowines.com\/fr\/wp-json\/wp\/v2\/product_tag?post=8349"}],"curies":[{"name":"wp","href":"https:\/\/api.w.org\/{rel}","templated":true}]}}