{"id":8348,"date":"2023-08-09T21:58:48","date_gmt":"2023-08-09T19:58:48","guid":{"rendered":"https:\/\/lovebiowines.com\/product\/cantine-ramarro-rosso-scorciato-doc\/"},"modified":"2023-08-09T21:58:48","modified_gmt":"2023-08-09T19:58:48","slug":"cantine-ramarro-rosso-scorciato-doc","status":"publish","type":"product","link":"https:\/\/lovebiowines.com\/fr\/produit\/cantine-ramarro-rosso-scorciato-doc\/","title":{"rendered":"Cantine Ramarro \u2013 Rosso Scorciato Doc"},"content":{"rendered":"<h5 class=\"p1\">Dans le <strong>Scorciato,<\/strong> Candia rouge DOC, les raisins Sangiovese, Merlot, Canaiolo Nero, Ciliegiolo et Vermentino Rosso proviennent de 3 vignobles.<\/h5>\n<h5 class=\"p1\">Ils ont \u00e9t\u00e9 r\u00e9colt\u00e9s fin septembre en essayant d&rsquo;atteindre une maturation ph\u00e9nolique sans perdre en fra\u00eecheur. La fermentation, comme pour les raisins blancs, a \u00e9t\u00e9 r\u00e9alis\u00e9e en f\u00fbts de b\u00e9ton sans levures s\u00e9lectionn\u00e9es, avec le seul ajout de notre <strong>\u00ab levure m\u00e8re \u00bb.<\/strong><\/h5>\n<h5 class=\"p1\">Pour pr\u00e9server la fra\u00eecheur naturelle et la floralit\u00e9 du vin nous avons \u00e9vit\u00e9 des temp\u00e9ratures de fermentation sup\u00e9rieures \u00e0 25 degr\u00e9s.<\/h5>\n<h5 class=\"p1\">Une fois la fermentation termin\u00e9e, le vin a subi naturellement une fermentation malolactique en f\u00fbts de ciment et, toujours en ciment, un \u00e9levage sur lies fines pendant cinq mois.<\/h5>\n<h5 class=\"p1\"><strong>Caratteristiche <\/strong><\/h5>\n<h5 class=\"p1\">Le vin s&rsquo;ouvre au nez sur des <strong>ar\u00f4mes \u00e9clatants de fleurs et de fruits rouges,<\/strong> compl\u00e9t\u00e9s par des <strong>notes d&rsquo;\u00e9pices et d&rsquo;herbes aromatiques.<\/strong> En bouche on retrouve un fruit juteux et presque croquant, les tanins, bien qu&rsquo;encore jeunes, ont une pointe noble, le vin a une progression verticale, \u00e9l\u00e9gante et profonde.<\/h5>\n<h5><strong>Accords<\/strong><\/h5>\n<h5>Des l\u00e9gumes aux r\u00f4tis, en passant par les charcuteries. Un crostini avec le pr\u00e9cieux Lardo di Colonnata, mais aussi en fin de repas avec des ch\u00e2taignes par exemple.<br \/>\nA siroter au rythme de la Bossa Nova.<\/h5>\n","protected":false},"excerpt":{"rendered":"<p><img loading=\"lazy\" decoding=\"async\" class=\"alignnone size-full wp-image-53\" src=\"https:\/\/lovebiowines.com\/wp-content\/uploads\/2023\/07\/fascia-italia-1-300x20-1.png\" alt=\"Produits Made in Italy\" width=\"300\" height=\"20\"><\/p>\n<h5>Eroica Viticulture &#8211; Cave Biologique Non Certifi\u00e9e<\/h5>\n<h5>Dans le <strong>Scorciato<\/strong>, rouge de Candie, les raisins Sangiovese, Merlot, Canaiolo Nero, Ciliegiolo et Vermentino Rosso proviennent de 3 vignobles. Un rouge parfum\u00e9 et jamais excessif.<\/h5>\n","protected":false},"featured_media":1579,"template":"","meta":{"_monsterinsights_skip_tracking":false,"_monsterinsights_sitenote_active":false,"_monsterinsights_sitenote_note":"","_monsterinsights_sitenote_category":0,"_uf_show_specific_survey":0,"_uf_disable_surveys":false},"product_brand":[],"product_cat":[512,477,505],"product_tag":[],"class_list":{"0":"post-8348","1":"product","2":"type-product","3":"status-publish","4":"has-post-thumbnail","6":"product_cat-doc-candia-colli-apuani-rosso-fr","7":"product_cat-vins-rouges","8":"product_cat-zone-de-production-candia-et-collines-apuanes-rossi","10":"first","11":"instock","12":"taxable","13":"shipping-taxable","14":"purchasable","15":"product-type-simple"},"aioseo_notices":[],"_links":{"self":[{"href":"https:\/\/lovebiowines.com\/fr\/wp-json\/wp\/v2\/product\/8348","targetHints":{"allow":["GET"]}}],"collection":[{"href":"https:\/\/lovebiowines.com\/fr\/wp-json\/wp\/v2\/product"}],"about":[{"href":"https:\/\/lovebiowines.com\/fr\/wp-json\/wp\/v2\/types\/product"}],"version-history":[{"count":0,"href":"https:\/\/lovebiowines.com\/fr\/wp-json\/wp\/v2\/product\/8348\/revisions"}],"wp:featuredmedia":[{"embeddable":true,"href":"https:\/\/lovebiowines.com\/fr\/wp-json\/wp\/v2\/media\/1579"}],"wp:attachment":[{"href":"https:\/\/lovebiowines.com\/fr\/wp-json\/wp\/v2\/media?parent=8348"}],"wp:term":[{"taxonomy":"product_brand","embeddable":true,"href":"https:\/\/lovebiowines.com\/fr\/wp-json\/wp\/v2\/product_brand?post=8348"},{"taxonomy":"product_cat","embeddable":true,"href":"https:\/\/lovebiowines.com\/fr\/wp-json\/wp\/v2\/product_cat?post=8348"},{"taxonomy":"product_tag","embeddable":true,"href":"https:\/\/lovebiowines.com\/fr\/wp-json\/wp\/v2\/product_tag?post=8348"}],"curies":[{"name":"wp","href":"https:\/\/api.w.org\/{rel}","templated":true}]}}