{"id":8347,"date":"2023-08-09T22:04:16","date_gmt":"2023-08-09T20:04:16","guid":{"rendered":"https:\/\/lovebiowines.com\/product\/cybo-candia-dei-colli-apuani-rosso-castagnini\/"},"modified":"2023-08-09T22:04:16","modified_gmt":"2023-08-09T20:04:16","slug":"cybo-candia-dei-colli-apuani-rosso-castagnini","status":"publish","type":"product","link":"https:\/\/lovebiowines.com\/fr\/produit\/cybo-candia-dei-colli-apuani-rosso-castagnini\/","title":{"rendered":"Cybo \u2013 Candia dei Colli Apuani Rosso \u2013 Castagnini"},"content":{"rendered":"<h5><strong>C\u00e9page: <\/strong>Massaretta<\/h5>\n<h5><strong>Couleur<\/strong> : Rouge rubis intense<\/h5>\n<h5><strong>Examen olfactif <\/strong>: Le vin est fruit\u00e9 avec des ar\u00f4mes de fruits rouges, de groseilles, d&rsquo;\u00e9pices et une l\u00e9g\u00e8re note bois\u00e9e.<\/h5>\n<h5><strong>Vinification<\/strong> : Mac\u00e9rationsur les peaux pendant 30 jours<\/h5>\n<h5><strong>Vieillissement<\/strong> : 1 an en acier<\/h5>\n<h5><strong>Vieillissement en bouteille<\/strong> : Minimum 4 mois<\/h5>\n<h5><strong>Teneur en alcool<\/strong> : 13%<\/h5>\n<h5><strong>Acidit\u00e9 totale <\/strong>: 5,6 G\/l<\/h5>\n<h5><strong>R\u00e9sidu de sucre <\/strong>: Sec 3 Mg\/l<\/h5>\n<h5><strong>Accords <\/strong>: Cybo est id\u00e9al avec les plats cuits au four, le gibier et les fromages affin\u00e9s<\/h5>\n","protected":false},"excerpt":{"rendered":"<p><img loading=\"lazy\" decoding=\"async\" class=\"alignnone size-full wp-image-53\" src=\"https:\/\/lovebiowines.com\/wp-content\/uploads\/2023\/07\/fascia-italia-1-300x20-1.png\" alt=\"Produits Made in Italy\" width=\"300\" height=\"20\"><\/p>\n<p>Sur les collines Apuanes, entre les carri\u00e8res de marbre blanc et la mer, est n\u00e9e la cave Castagnini.<\/p>\n","protected":false},"featured_media":5538,"template":"","meta":{"_monsterinsights_skip_tracking":false,"_monsterinsights_sitenote_active":false,"_monsterinsights_sitenote_note":"","_monsterinsights_sitenote_category":0,"_uf_show_specific_survey":0,"_uf_disable_surveys":false},"product_brand":[],"product_cat":[512,496,477,505],"product_tag":[544,531],"class_list":{"0":"post-8347","1":"product","2":"type-product","3":"status-publish","4":"has-post-thumbnail","6":"product_cat-doc-candia-colli-apuani-rosso-fr","7":"product_cat-vins-issus-de-lagriculture-bio-non-certifies","8":"product_cat-vins-rouges","9":"product_cat-zone-de-production-candia-et-collines-apuanes-rossi","10":"product_tag-massaretta100-fr","11":"product_tag-vinicastagni-fr","13":"first","14":"instock","15":"taxable","16":"shipping-taxable","17":"purchasable","18":"product-type-simple"},"aioseo_notices":[],"_links":{"self":[{"href":"https:\/\/lovebiowines.com\/fr\/wp-json\/wp\/v2\/product\/8347","targetHints":{"allow":["GET"]}}],"collection":[{"href":"https:\/\/lovebiowines.com\/fr\/wp-json\/wp\/v2\/product"}],"about":[{"href":"https:\/\/lovebiowines.com\/fr\/wp-json\/wp\/v2\/types\/product"}],"version-history":[{"count":0,"href":"https:\/\/lovebiowines.com\/fr\/wp-json\/wp\/v2\/product\/8347\/revisions"}],"wp:featuredmedia":[{"embeddable":true,"href":"https:\/\/lovebiowines.com\/fr\/wp-json\/wp\/v2\/media\/5538"}],"wp:attachment":[{"href":"https:\/\/lovebiowines.com\/fr\/wp-json\/wp\/v2\/media?parent=8347"}],"wp:term":[{"taxonomy":"product_brand","embeddable":true,"href":"https:\/\/lovebiowines.com\/fr\/wp-json\/wp\/v2\/product_brand?post=8347"},{"taxonomy":"product_cat","embeddable":true,"href":"https:\/\/lovebiowines.com\/fr\/wp-json\/wp\/v2\/product_cat?post=8347"},{"taxonomy":"product_tag","embeddable":true,"href":"https:\/\/lovebiowines.com\/fr\/wp-json\/wp\/v2\/product_tag?post=8347"}],"curies":[{"name":"wp","href":"https:\/\/api.w.org\/{rel}","templated":true}]}}