{"id":8344,"date":"2023-08-09T22:15:59","date_gmt":"2023-08-09T20:15:59","guid":{"rendered":"https:\/\/lovebiowines.com\/product\/tenuta-adamo-macenere\/"},"modified":"2023-08-09T22:15:59","modified_gmt":"2023-08-09T20:15:59","slug":"tenuta-adamo-macenere","status":"publish","type":"product","link":"https:\/\/lovebiowines.com\/fr\/produit\/tenuta-adamo-macenere\/","title":{"rendered":"Tenuta Adamo &#8211; Macenere"},"content":{"rendered":"<h5>\n            <span style=\"font-size: 16px;\">Indication G\u00e9ographique Typique<\/span><br \/>\n          <\/h5>\n<div class=\"et_pb_module et_pb_text et_pb_text_11 descrizione-prodotti et_pb_text_align_left et_pb_bg_layout_light\">\n<div class=\"et_pb_text_inner\">\n<h5>Sangiovese<\/h5>\n<h5>Raisins s\u00e9lectionn\u00e9s et \u00e9grapp\u00e9s. Fermentation avec des levures s\u00e9lectionn\u00e9es en cuves inox. Mac\u00e9ration de 12 \u00e0 14 jours avec d\u00e9lestage et pigeage quotidien. Malolactique spontan\u00e9e. \u00c9lev\u00e9 en f\u00fbts de 15 hl pendant 14 mois. Le vin est mis en bouteille 18 mois apr\u00e8s les vendanges.<\/h5>\n<\/p><\/div>\n<\/p><\/div>\n","protected":false},"excerpt":{"rendered":"<p>          <img loading=\"lazy\" decoding=\"async\" class=\"alignnone size-full wp-image-53\" src=\"https:\/\/lovebiowines.com\/wp-content\/uploads\/2023\/07\/fascia-italia-1-300x20-1.png\" alt=\"Produits Made in Italy\" width=\"300\" height=\"20\"><\/p>\n","protected":false},"featured_media":1591,"template":"","meta":{"_monsterinsights_skip_tracking":false,"_monsterinsights_sitenote_active":false,"_monsterinsights_sitenote_note":"","_monsterinsights_sitenote_category":0,"_uf_show_specific_survey":0,"_uf_disable_surveys":false},"product_brand":[],"product_cat":[477],"product_tag":[],"class_list":{"0":"post-8344","1":"product","2":"type-product","3":"status-publish","4":"has-post-thumbnail","6":"product_cat-vins-rouges","8":"first","9":"instock","10":"taxable","11":"shipping-taxable","12":"purchasable","13":"product-type-simple"},"aioseo_notices":[],"_links":{"self":[{"href":"https:\/\/lovebiowines.com\/fr\/wp-json\/wp\/v2\/product\/8344","targetHints":{"allow":["GET"]}}],"collection":[{"href":"https:\/\/lovebiowines.com\/fr\/wp-json\/wp\/v2\/product"}],"about":[{"href":"https:\/\/lovebiowines.com\/fr\/wp-json\/wp\/v2\/types\/product"}],"version-history":[{"count":0,"href":"https:\/\/lovebiowines.com\/fr\/wp-json\/wp\/v2\/product\/8344\/revisions"}],"wp:featuredmedia":[{"embeddable":true,"href":"https:\/\/lovebiowines.com\/fr\/wp-json\/wp\/v2\/media\/1591"}],"wp:attachment":[{"href":"https:\/\/lovebiowines.com\/fr\/wp-json\/wp\/v2\/media?parent=8344"}],"wp:term":[{"taxonomy":"product_brand","embeddable":true,"href":"https:\/\/lovebiowines.com\/fr\/wp-json\/wp\/v2\/product_brand?post=8344"},{"taxonomy":"product_cat","embeddable":true,"href":"https:\/\/lovebiowines.com\/fr\/wp-json\/wp\/v2\/product_cat?post=8344"},{"taxonomy":"product_tag","embeddable":true,"href":"https:\/\/lovebiowines.com\/fr\/wp-json\/wp\/v2\/product_tag?post=8344"}],"curies":[{"name":"wp","href":"https:\/\/api.w.org\/{rel}","templated":true}]}}