{"id":8343,"date":"2023-08-09T22:24:26","date_gmt":"2023-08-09T20:24:26","guid":{"rendered":"https:\/\/lovebiowines.com\/product\/villa-sardini-ludovico-sardini-doc-2018\/"},"modified":"2023-08-09T22:24:26","modified_gmt":"2023-08-09T20:24:26","slug":"villa-sardini-ludovico-sardini-doc-2018","status":"publish","type":"product","link":"https:\/\/lovebiowines.com\/fr\/produit\/villa-sardini-ludovico-sardini-doc-2018\/","title":{"rendered":"Villa Sardini &#8211; Ludovico Sardini Doc 2018"},"content":{"rendered":"<h6>Ludovico Sardini<\/h6>\n<h6 class=\"cvGsUA direction-ltr align-justify para-style-body\"><span class=\"OYPEnA text-decoration-none text-strikethrough-none\">APPELATION: <\/span><span class=\"OYPEnA text-decoration-none text-strikethrough-none\">DOC Colline Lucchesi<\/span><\/h6>\n<h6 class=\"cvGsUA direction-ltr align-justify para-style-body\"><span class=\"OYPEnA text-decoration-none text-strikethrough-none\">Zones de production : Toscane &#8211; Lucques<\/span><\/h6>\n<h6 class=\"cvGsUA direction-ltr align-justify para-style-body\"><span class=\"OYPEnA text-decoration-none text-strikethrough-none\">C\u00c9PAGE : Sangiovese avec de petits ajouts de Colorino et Syrah<\/span><\/h6>\n<h6 class=\"cvGsUA direction-ltr align-justify para-style-body\"><span class=\"OYPEnA text-decoration-none text-strikethrough-none\">TYPE DE PRODUCTION : Biologique NON Certifi\u00e9<\/span><\/h6>\n<h6 class=\"cvGsUA direction-ltr align-justify para-style-body\"><span class=\"OYPEnA text-decoration-none text-strikethrough-none\">CARACT\u00c9RISTIQUES DU VIGNOBLE : loc Lippo, Pieve Santo Stefano. Altitude 200-250 m au-dessus du niveau de la mer Sol argilo-limoneux, \u00e0 r\u00e9action neutre \u00e0 sub-acide, riche en \u00e9l\u00e9ments min\u00e9raux et pauvre en substance organique. densit\u00e9 de plantation environ 5000 plants\/ha<\/span><\/h6>\n<h6 class=\"cvGsUA direction-ltr align-justify para-style-body\"><span class=\"OYPEnA text-decoration-none text-strikethrough-none\">PRODUCTION ANNUELLE : 50 quintaux\/ha<\/span><\/h6>\n<h6 class=\"cvGsUA direction-ltr align-justify para-style-body\"><span class=\"OYPEnA text-decoration-none text-strikethrough-none\">VINIFICATION ET AFFINAGE<\/span><\/h6>\n<h6 class=\"cvGsUA direction-ltr align-justify para-style-body\"><span class=\"OYPEnA text-decoration-none text-strikethrough-none\">Dispara-foulage, mac\u00e9ration pelliculaire entre 20 et 25 jours selon les mill\u00e9simes avec remontages p\u00e9riodiques et r\u00e9guliers du mo\u00fbt sur le marc. En plus des remplacements, certains d\u00e9lestages sont pratiqu\u00e9s. Apr\u00e8s la fermentation alcoolique, la fermentation malolactique et l&rsquo;affinage du produit se d\u00e9roulent en f\u00fbts de ch\u00eane fran\u00e7ais de grande capacit\u00e9 pendant 12 mois. Apr\u00e8s quelques mois en acier suite \u00e0 un affinage en barriques, le vin subit une l\u00e9g\u00e8re clarification, mis en bouteille et laiss\u00e9 reposer en bouteille pendant quelques mois avant sa commercialisation.<\/span><\/h6>\n<h6 class=\"cvGsUA direction-ltr align-justify para-style-body\"><span class=\"OYPEnA text-decoration-none text-strikethrough-none\">NOTES DE D\u00c9GUSTATION<\/span><\/h6>\n<h6 class=\"cvGsUA direction-ltr align-justify para-style-body\"><span class=\"OYPEnA text-decoration-none text-strikethrough-none\">\u00c0 LA VUE \u2013 Couleur rouge rubis, profonde et intense<\/span><\/h6>\n<h6 class=\"cvGsUA direction-ltr align-justify para-style-body\"><span class=\"OYPEnA text-decoration-none text-strikethrough-none\">AU NEZ \u2013 Le parfum, persistant, fin, complexe, floral de violette et aux tonalit\u00e9s \u00e9pic\u00e9es, s&rsquo;enrichit de notes \u00e9pic\u00e9es avec l&rsquo;affinage en grands f\u00fbts de ch\u00eane fran\u00e7ais qui compl\u00e8te le bouquet du vin.<\/span><\/h6>\n<h6 class=\"cvGsUA direction-ltr align-justify para-style-body\"><span class=\"OYPEnA text-decoration-none text-strikethrough-none\">EN BOUCHE \u2013 Saveur s\u00e8che et savoureuse, avec une excellente structure, des tanins \u00e9quilibr\u00e9s et une longue finale<\/span><\/h6>\n<h6 class=\"cvGsUA direction-ltr align-justify para-style-body\"><span class=\"OYPEnA text-decoration-none text-strikethrough-none\">ACCORDS METS<\/span><\/h6>\n<h6 class=\"cvGsUA direction-ltr align-justify para-style-body\"><span class=\"OYPEnA text-decoration-none text-strikethrough-none\">Ludovico Sardini Doc est un vin rouge sec, structur\u00e9 et \u00e9l\u00e9gant, particuli\u00e8rement adapt\u00e9 aux plats toscans traditionnels \u00e0 base de gibier, de r\u00f4tis et de viandes rouges grill\u00e9es.<\/span><\/h6>\n<h6 class=\"cvGsUA direction-ltr align-justify para-style-body\"><span class=\"OYPEnA text-decoration-none text-strikethrough-none\">TENEUR EN ALCOOL &#8211; TEMP\u00c9RATURE ET MODE DE SERVICE<\/span><\/h6>\n<h6 class=\"cvGsUA direction-ltr align-justify para-style-body\"><span class=\"OYPEnA text-decoration-none text-strikethrough-none\">Vol 13,5%<\/span> &#8211; <span class=\"OYPEnA text-decoration-none text-strikethrough-none\">Temp\u00e9rature : 17\u00b0-18\u00b0 &#8211; D\u00e9boucher quelques heures avant consommation mais ne pas d\u00e9canter<\/span><\/h6>\n<h6 class=\"cvGsUA direction-ltr align-justify para-style-body\"><span class=\"OYPEnA text-decoration-none text-strikethrough-none\">ADDITIFS\/ALLERG\u00c8NES<\/span><\/h6>\n<h6 class=\"cvGsUA direction-ltr align-justify para-style-body\"><span class=\"OYPEnA text-decoration-none text-strikethrough-none\">Contient des sulfites<\/span><\/h6>\n<p><a href=\"https:\/\/lovebiowines.com\/wp-content\/uploads\/2024\/03\/I-Vini-di-Villa-Sardini_LOVEBIOWINES.pdf\">Les Vins de la Villa Sardini Fiches Techniques Pdf<\/a><\/p>\n","protected":false},"excerpt":{"rendered":"<p><img loading=\"lazy\" decoding=\"async\" class=\"alignnone size-full wp-image-53\" src=\"https:\/\/lovebiowines.com\/wp-content\/uploads\/2023\/07\/fascia-italia-1-300x20-1.png\" alt=\"Produits Made in Italy\" width=\"300\" height=\"20\"><\/p>\n<h5>Un vin \u00e9l\u00e9gant et raffin\u00e9 qui embellira votre table<\/h5>\n<h5>L&rsquo;entreprise est certifi\u00e9e bio depuis le mill\u00e9sime 2021<\/h5>\n<h5><a href=\"\/?p=908\">D\u00e9couvrez tous les vins de la Villa Sardini !<\/a><\/h5>\n","protected":false},"featured_media":5676,"template":"","meta":{"_monsterinsights_skip_tracking":false,"_monsterinsights_sitenote_active":false,"_monsterinsights_sitenote_note":"","_monsterinsights_sitenote_category":0,"_uf_show_specific_survey":0,"_uf_disable_surveys":false},"product_brand":[],"product_cat":[539,478,451,538,496,477,479],"product_tag":[453,541,540,482,483,486,446,481,487],"class_list":{"0":"post-8343","1":"product","2":"type-product","3":"status-publish","4":"has-post-thumbnail","6":"product_cat-colorino-fr","7":"product_cat-doc-colline-lucchesi-rouge","8":"product_cat-offres","9":"product_cat-sangiovese-fr","10":"product_cat-vins-issus-de-lagriculture-bio-non-certifies","11":"product_cat-vins-rouges","12":"product_cat-zone-de-production-colline-lucchesi-versilia-rossi","13":"product_tag-colline-lucchesi-fr","14":"product_tag-colorino_and-fr","15":"product_tag-doc-fr","16":"product_tag-qta-fr","17":"product_tag-sangiovese_and-fr","18":"product_tag-syrah_and-fr","19":"product_tag-tuscanwine-fr","20":"product_tag-villa-sardini-fr","21":"product_tag-vinivillasardini-fr","23":"first","24":"instock","25":"taxable","26":"shipping-taxable","27":"purchasable","28":"product-type-simple"},"aioseo_notices":[],"_links":{"self":[{"href":"https:\/\/lovebiowines.com\/fr\/wp-json\/wp\/v2\/product\/8343","targetHints":{"allow":["GET"]}}],"collection":[{"href":"https:\/\/lovebiowines.com\/fr\/wp-json\/wp\/v2\/product"}],"about":[{"href":"https:\/\/lovebiowines.com\/fr\/wp-json\/wp\/v2\/types\/product"}],"version-history":[{"count":0,"href":"https:\/\/lovebiowines.com\/fr\/wp-json\/wp\/v2\/product\/8343\/revisions"}],"wp:featuredmedia":[{"embeddable":true,"href":"https:\/\/lovebiowines.com\/fr\/wp-json\/wp\/v2\/media\/5676"}],"wp:attachment":[{"href":"https:\/\/lovebiowines.com\/fr\/wp-json\/wp\/v2\/media?parent=8343"}],"wp:term":[{"taxonomy":"product_brand","embeddable":true,"href":"https:\/\/lovebiowines.com\/fr\/wp-json\/wp\/v2\/product_brand?post=8343"},{"taxonomy":"product_cat","embeddable":true,"href":"https:\/\/lovebiowines.com\/fr\/wp-json\/wp\/v2\/product_cat?post=8343"},{"taxonomy":"product_tag","embeddable":true,"href":"https:\/\/lovebiowines.com\/fr\/wp-json\/wp\/v2\/product_tag?post=8343"}],"curies":[{"name":"wp","href":"https:\/\/api.w.org\/{rel}","templated":true}]}}