{"id":8341,"date":"2023-08-09T22:33:38","date_gmt":"2023-08-09T20:33:38","guid":{"rendered":"https:\/\/lovebiowines.com\/product\/fabbrica-di-san-martino-rosso-doc-riserva-colline-lucchesi\/"},"modified":"2023-08-09T22:33:38","modified_gmt":"2023-08-09T20:33:38","slug":"fabbrica-di-san-martino-rosso-doc-riserva-colline-lucchesi","status":"publish","type":"product","link":"https:\/\/lovebiowines.com\/fr\/produit\/fabbrica-di-san-martino-rosso-doc-riserva-colline-lucchesi\/","title":{"rendered":"Fabbrica di San Martino Rosso Doc Riserva Colline Lucchesi"},"content":{"rendered":"<h5>Fabbrica di San Martino Rosso Doc Riserva Colline Lucchesi<\/h5>\n<h5>C\u00e9pages : 70% sangiovese, ciliegiolo, colorino, canaiolo<br \/>\n\u00c2ge moyen des vignes : 20 ans<br \/>\nSols : argilo-calcaire<br \/>\nR\u00e9colte : manuelle<br \/>\nVinification et affinage : Vinification en acier et affinage en f\u00fbts de ch\u00eane de 1000 litres, deux ans en bouteille.<br \/>\nTeneur en alcool : 13%<br \/>\nCertifications : Bioagricert et Demeter<\/h5>\n<h5>Vin non filtr\u00e9 ni clarifi\u00e9, uniquement levures indig\u00e8nes, pas de contr\u00f4le de temp\u00e9rature<\/h5>\n","protected":false},"excerpt":{"rendered":"<p><img loading=\"lazy\" decoding=\"async\" class=\"alignnone size-full wp-image-53\" src=\"https:\/\/lovebiowines.com\/wp-content\/uploads\/2023\/07\/fascia-italia-1-300x20-1.png\" alt=\"Produits Made in Italy\" width=\"300\" height=\"20\"><\/p>\n<h5><a href=\"https:\/\/lovebiowines.com\/fabbrica-di-san-martino\/\">D\u00e9couvrez tous les vins de Fabbrica di San Martino !<\/a><\/h5>\n<h5> <a href=\"https:\/\/lovebiowines.com\/prodotto\/fabbrica-di-san-martino-bianco-doc-colline-lucchesi\/\">Fabbrica San Marino Bianco<\/a> &#8211;<a href=\"https:\/\/lovebiowines.com\/prodotto\/fabbrica-di-san-martino-rosaspina-rose-igt-costa-toscana-rosato\/\"> Rosaspina<\/a> &#8211; <a href=\"https:\/\/lovebiowines.com\/prodotto\/fabbrica-di-san-martino-arcipressi-rosso-igt-costa-toscana-2022\/\">Arcipressi<\/a> &#8211; <a href=\"https:\/\/lovebiowines.com\/prodotto\/fabbrica-di-san-martino-rubino-rosso-2015-magnum-doc-colline-lucchesi\/\">Rubino Rosso<\/a><\/h5>\n<p><img loading=\"lazy\" decoding=\"async\" class=\"wp-image-1866 alignleft\" src=\"https:\/\/www.lvmadeinitalystore.it\/wp-content\/uploads\/2021\/01\/bio-e-biodinamico_lvmadeinitalystore-300x195.jpg\" alt=\"\" width=\"191\" height=\"124\"><\/p>\n","protected":false},"featured_media":4098,"template":"","meta":{"_monsterinsights_skip_tracking":false,"_monsterinsights_sitenote_active":false,"_monsterinsights_sitenote_note":"","_monsterinsights_sitenote_category":0,"_uf_show_specific_survey":0,"_uf_disable_surveys":false},"product_brand":[],"product_cat":[480,518,477],"product_tag":[524,532,453,452,493],"class_list":{"0":"post-8341","1":"product","2":"type-product","3":"status-publish","4":"has-post-thumbnail","6":"product_cat-vins-certifies-biologiques","7":"product_cat-vins-dagriculture-biodynamique","8":"product_cat-vins-rouges","9":"product_tag-biodinamico-fr","10":"product_tag-biologique","11":"product_tag-colline-lucchesi-fr","12":"product_tag-fabbrica-di-san-martino-fr","13":"product_tag-vinifabbriasanmartino-fr","15":"first","16":"instock","17":"taxable","18":"shipping-taxable","19":"purchasable","20":"product-type-simple"},"aioseo_notices":[],"_links":{"self":[{"href":"https:\/\/lovebiowines.com\/fr\/wp-json\/wp\/v2\/product\/8341","targetHints":{"allow":["GET"]}}],"collection":[{"href":"https:\/\/lovebiowines.com\/fr\/wp-json\/wp\/v2\/product"}],"about":[{"href":"https:\/\/lovebiowines.com\/fr\/wp-json\/wp\/v2\/types\/product"}],"version-history":[{"count":0,"href":"https:\/\/lovebiowines.com\/fr\/wp-json\/wp\/v2\/product\/8341\/revisions"}],"wp:featuredmedia":[{"embeddable":true,"href":"https:\/\/lovebiowines.com\/fr\/wp-json\/wp\/v2\/media\/4098"}],"wp:attachment":[{"href":"https:\/\/lovebiowines.com\/fr\/wp-json\/wp\/v2\/media?parent=8341"}],"wp:term":[{"taxonomy":"product_brand","embeddable":true,"href":"https:\/\/lovebiowines.com\/fr\/wp-json\/wp\/v2\/product_brand?post=8341"},{"taxonomy":"product_cat","embeddable":true,"href":"https:\/\/lovebiowines.com\/fr\/wp-json\/wp\/v2\/product_cat?post=8341"},{"taxonomy":"product_tag","embeddable":true,"href":"https:\/\/lovebiowines.com\/fr\/wp-json\/wp\/v2\/product_tag?post=8341"}],"curies":[{"name":"wp","href":"https:\/\/api.w.org\/{rel}","templated":true}]}}