{"id":8339,"date":"2023-08-09T22:41:30","date_gmt":"2023-08-09T20:41:30","guid":{"rendered":"https:\/\/lovebiowines.com\/product\/fattoria-sardi-sebastiano-doc-colline-lucchesi-bio\/"},"modified":"2023-08-09T22:41:30","modified_gmt":"2023-08-09T20:41:30","slug":"fattoria-sardi-sebastiano-doc-colline-lucchesi-bio","status":"publish","type":"product","link":"https:\/\/lovebiowines.com\/fr\/produit\/fattoria-sardi-sebastiano-doc-colline-lucchesi-bio\/","title":{"rendered":"Fattoria Sardi &#8211; Sebastiano &#8211; Doc Colline Lucchesi Bio"},"content":{"rendered":"<h5>SEBASTIANO<\/h5>\n<h6 class=\"cvGsUA direction-ltr align-justify para-style-body\"><span class=\"OYPEnA text-decoration-none text-strikethrough-none\">APPELLATION : DOC Colline Lucchesi<\/span><\/h6>\n<h6 class=\"cvGsUA direction-ltr align-justify para-style-body\"><span class=\"OYPEnA text-decoration-none text-strikethrough-none\">Zones de production : Toscane &#8211; Lucques<\/span><\/h6>\n<h6 class=\"cvGsUA direction-ltr align-justify para-style-body\"><span class=\"OYPEnA text-decoration-none text-strikethrough-none\">CEPAGE C\u00e9pages Sangiovese, Merlot et Cabernet Sauvignon biologiques.<\/span><\/h6>\n<h6 class=\"cvGsUA direction-ltr align-justify para-style-body\"><span class=\"OYPEnA text-decoration-none text-strikethrough-none\">TYPE DE PRODUCTION : Certifi\u00e9 Biologique<\/span><\/h6>\n<h6 class=\"cvGsUA direction-ltr align-justify para-style-body\"><span class=\"OYPEnA text-decoration-none text-strikethrough-none\" style=\"color: #000000;\">CARACT\u00c9RISTIQUES DU VIGNOBLE :<\/span><\/h6>\n<h6 class=\"cvGsUA direction-ltr align-justify para-style-body\"><span class=\"OYPEnA text-decoration-none text-strikethrough-none\" style=\"color: #000000;\">PRODUCTION ANNUELLE :<\/span><\/h6>\n<h6 class=\"cvGsUA direction-ltr align-justify para-style-body\"><span style=\"color: #000000;\"><span class=\"OYPEnA text-decoration-none text-strikethrough-none\">VINIFICATION ET AFFINAGE : <\/span><span class=\"OYPEnA text-decoration-none text-strikethrough-none\">Tous les raisins sont vendang\u00e9s manuellement et les grappes sont s\u00e9lectionn\u00e9es. Ensuite, une partie est \u00e9grapp\u00e9e \u00e0 la main et une autre est laiss\u00e9e enti\u00e8re et plac\u00e9e dans les cuves pour la vinification. <\/span><span class=\"OYPEnA text-decoration-none text-strikethrough-none\">Fermentation alcoolique spontan\u00e9e. Mac\u00e9ration plus ou moins longue selon les ann\u00e9es. Fermentation malolactique spontan\u00e9e. Le vin est \u00e9lev\u00e9 en petits et grands f\u00fbts de ch\u00eane.<\/span><\/span><\/h6>\n<h6 class=\"cvGsUA direction-ltr align-justify para-style-body\"><span class=\"OYPEnA text-decoration-none text-strikethrough-none\" style=\"color: #000000;\">NOTES DE D\u00c9GUSTATION :<\/span><\/h6>\n<h6 class=\"cvGsUA direction-ltr align-justify para-style-body\"><span class=\"OYPEnA text-decoration-none text-strikethrough-none\" style=\"color: #000000;\">\u00c0 LA VUE \u2013 Rouge grenat<\/span><\/h6>\n<h6 class=\"cvGsUA direction-ltr align-justify para-style-body\"><span class=\"OYPEnA text-decoration-none text-strikethrough-none\" style=\"color: #000000;\">AU NEZ &#8211; Intense, complexe et \u00e9l\u00e9gant. Notes florales de violette et de fruits, notes de petits fruits noirs et rouges, ar\u00f4mes \u00e9pic\u00e9s de r\u00e9glisse, de cannelle et une note de cuir et de tabac.<\/span><\/h6>\n<h6 class=\"cvGsUA direction-ltr align-justify para-style-body\"><span class=\"OYPEnA text-decoration-none text-strikethrough-none\" style=\"color: #000000;\">EN BOUCHE \u2013 Bon corps soutenu par une excellente acidit\u00e9. Finale persistante et complexe<\/span><\/h6>\n<h6 class=\"cvGsUA direction-ltr align-justify para-style-body\"><span class=\"OYPEnA text-decoration-none text-strikethrough-none\" style=\"color: #000000;\">ACCORDS METS-VIN : Gr\u00e2ce \u00e0 son corps et sa fra\u00eecheur, Fattoria Sardi \u00ab Sebastiano \u00bb est un vin pour les plats de viande et pour toutes les saisons.<\/span><\/h6>\n<h6 class=\"cvGsUA direction-ltr align-justify para-style-body\"><span style=\"color: #000000;\"><span class=\"OYPEnA text-decoration-none text-strikethrough-none\">TEMP\u00c9RATURE ET MODE DE SERVICE :<\/span> <span class=\"OYPEnA text-decoration-none text-strikethrough-none\">Il s&rsquo;appr\u00e9cie \u00e0 une temp\u00e9rature de 16-18\u00b0C<\/span><\/span><\/h6>\n<h6 class=\"cvGsUA direction-ltr align-justify para-style-body\"><span class=\"OYPEnA text-decoration-none text-strikethrough-none\" style=\"color: #000000;\">CONTENU ALCOOLIQUE :<\/span><\/h6>\n<h6 class=\"cvGsUA direction-ltr align-justify para-style-body\"><span class=\"OYPEnA text-decoration-none text-strikethrough-none\" style=\"color: #000000;\">ALLERGENI: Contiene Solfiti<\/span><\/h6>\n<div class=\"mk-flipbox-back a_col-1of2 fold-back-horizontal no-backface origin-center bezier-1 pointer\">\n<div class=\"mk-flipbox-content width-full\">\n<div id=\"mk-ornamental-title-23\" class=\"mk-ornamental-title norman-short-single align-center title_as_text\">\n<h6 class=\"elementor-image-box-description\"><span style=\"color: #000000;\"><a style=\"color: #000000;\" href=\"https:\/\/lovebiowines.com\/wp-content\/uploads\/2024\/03\/I-Vini-di-fattoria-Sardi_LoVeBioWines.pdf\">Vins Fattoria Sardi &#8211; Fiches techniques en PDF<\/a><\/span><\/h6>\n<\/div>\n<\/div>\n<\/div>\n","protected":false},"excerpt":{"rendered":"<p><img loading=\"lazy\" decoding=\"async\" class=\"alignnone size-full wp-image-53\" src=\"https:\/\/lovebiowines.com\/wp-content\/uploads\/2023\/07\/fascia-italia-1-300x20-1.png\" alt=\"Produits Made in Italy\" width=\"300\" height=\"20\"><\/p>\n<h5><a href=\"\/?p=164\">D\u00e9couvrez tous les vins de Fattoria Sardi<\/a><\/h5>\n<h5> <a href=\"https:\/\/lovebiowines.com\/prodotto\/fattoria-sardi-le-cicale-2021-rosato-igt-toscana-bio\/\">Le Cicale<\/a> &#8211; <a href=\"https:\/\/lovebiowines.com\/prodotto\/fattoria-sardi-rosso-merlot-madonnina-delluva-2021-doc-colline-lucchesi-rosso-bio\/\">Madonnina dell&rsquo;uva<\/a> &#8211; <a href=\"https:\/\/lovebiowines.com\/prodotto\/fattoria-sardi-vallebuia-bianco-doc-colline-lucchesi-bio\/\">13 Primavere<\/a> &#8211; <a href=\"https:\/\/lovebiowines.com\/prodotto\/sotto-villa-2022-vermentino-doc-colline-lucchesi-bio-fattoria-sardi\/\">Sotto Villa<\/a> &#8211; <a href=\"https:\/\/lovebiowines.com\/prodotto\/fattoria-sardi-vallebuia-bianco-doc-colline-lucchesi-bio\/\">Vallebuia Bianco<\/a> &#8211; <a href=\"https:\/\/lovebiowines.com\/prodotto\/fattoria-sardi-vallebuia-2021-senza-so2-doc-colline-lucchesi-bio\/\">Vallebuia Rosso <\/a> <\/h5>\n<h5>C\u00e9pages Merlot, Sangiovese et Cabernet Sauvignon biologiques<\/h5>\n","protected":false},"featured_media":4046,"template":"","meta":{"_monsterinsights_skip_tracking":false,"_monsterinsights_sitenote_active":false,"_monsterinsights_sitenote_note":"","_monsterinsights_sitenote_category":0,"_uf_show_specific_survey":0,"_uf_disable_surveys":false},"product_brand":[],"product_cat":[478,518,477,479],"product_tag":[453,455,535,536],"class_list":{"0":"post-8339","1":"product","2":"type-product","3":"status-publish","4":"has-post-thumbnail","6":"product_cat-doc-colline-lucchesi-rouge","7":"product_cat-vins-dagriculture-biodynamique","8":"product_cat-vins-rouges","9":"product_cat-zone-de-production-colline-lucchesi-versilia-rossi","10":"product_tag-colline-lucchesi-fr","11":"product_tag-sebastiano-fr","12":"product_tag-tuscany-wine-fr","13":"product_tag-vinifattoriasardi-fr","15":"first","16":"outofstock","17":"taxable","18":"shipping-taxable","19":"purchasable","20":"product-type-simple"},"aioseo_notices":[],"_links":{"self":[{"href":"https:\/\/lovebiowines.com\/fr\/wp-json\/wp\/v2\/product\/8339","targetHints":{"allow":["GET"]}}],"collection":[{"href":"https:\/\/lovebiowines.com\/fr\/wp-json\/wp\/v2\/product"}],"about":[{"href":"https:\/\/lovebiowines.com\/fr\/wp-json\/wp\/v2\/types\/product"}],"version-history":[{"count":0,"href":"https:\/\/lovebiowines.com\/fr\/wp-json\/wp\/v2\/product\/8339\/revisions"}],"wp:featuredmedia":[{"embeddable":true,"href":"https:\/\/lovebiowines.com\/fr\/wp-json\/wp\/v2\/media\/4046"}],"wp:attachment":[{"href":"https:\/\/lovebiowines.com\/fr\/wp-json\/wp\/v2\/media?parent=8339"}],"wp:term":[{"taxonomy":"product_brand","embeddable":true,"href":"https:\/\/lovebiowines.com\/fr\/wp-json\/wp\/v2\/product_brand?post=8339"},{"taxonomy":"product_cat","embeddable":true,"href":"https:\/\/lovebiowines.com\/fr\/wp-json\/wp\/v2\/product_cat?post=8339"},{"taxonomy":"product_tag","embeddable":true,"href":"https:\/\/lovebiowines.com\/fr\/wp-json\/wp\/v2\/product_tag?post=8339"}],"curies":[{"name":"wp","href":"https:\/\/api.w.org\/{rel}","templated":true}]}}