{"id":8337,"date":"2023-08-09T22:51:38","date_gmt":"2023-08-09T20:51:38","guid":{"rendered":"https:\/\/lovebiowines.com\/product\/fabbrica-dii-san-martino-rubino-rosso-2016-magnum-doc-colline-lucchesi\/"},"modified":"2023-08-09T22:51:38","modified_gmt":"2023-08-09T20:51:38","slug":"fabbrica-dii-san-martino-rubino-rosso-2016-magnum-doc-colline-lucchesi","status":"publish","type":"product","link":"https:\/\/lovebiowines.com\/fr\/produit\/fabbrica-dii-san-martino-rubino-rosso-2016-magnum-doc-colline-lucchesi\/","title":{"rendered":"Fabbrica diI San Martino \u2013 Rubino Rosso 2016 Magnum Doc Colline Lucchesi"},"content":{"rendered":"<h5>C\u00e9page: 100% sangiovese<br \/>\n\u00c2ge moyen des vignes : 20 ans<br \/>\nSols : argilo-calcaire<br \/>\nR\u00e9colte : manuelle<br \/>\nVinification en acier et \u00e9levage en f\u00fbts de ch\u00eane de 1000 litres, minimum 3 ans en bouteille<br \/>\nTeneur en alcool : 13%<br \/>\nCertifications : Bioagricert et Demeter<\/h5>\n<div class=\"layoutArea\">\n<div class=\"column\">\n<h5>Vin non filtr\u00e9 ni clarifi\u00e9, uniquement levures indig\u00e8nes, pas de contr\u00f4le de temp\u00e9rature. Mis en bouteille uniquement au format magnum.<\/h5>\n<\/div>\n<\/div>\n","protected":false},"excerpt":{"rendered":"<p><img loading=\"lazy\" decoding=\"async\" class=\"alignnone size-full wp-image-53\" src=\"https:\/\/lovebiowines.com\/wp-content\/uploads\/2023\/07\/fascia-italia-1-300x20-1.png\" alt=\"Produits Made in Italy\" width=\"300\" height=\"20\"><\/p>\n<p><a href=\"https:\/\/lovebiowines.com\/fabbrica-di-san-martino\/\">D\u00e9couvrez tous les vins de Fabbrica di San Martino !<\/a><\/p>\n<h5><a href=\"https:\/\/lovebiowines.com\/prodotto\/fabbrica-di-san-martino-rosso-d-o-c-2018-doc-riserva-colline-lucchesi\/\">Usine San Martino Rosso<\/a> &#8211; <a href=\"https:\/\/lovebiowines.com\/prodotto\/fabbrica-di-san-martino-bianco-doc-colline-lucchesi\/\">Usine San Marino Bianco<\/a> &#8211; <a href=\"https:\/\/lovebiowines.com\/prodotto\/fabbrica-di-san-martino-rosaspina-rose-igt-costa-toscana-rosato\/\">Rosaspina<\/a> &#8211; <a href=\"https:\/\/lovebiowines.com\/prodotto\/fabbrica-di-san-martino-arcipressi-rosso-igt-costa-toscana-2022\/\">Arcipressi<\/a><\/h5>\n<p><img loading=\"lazy\" decoding=\"async\" class=\"alignnone wp-image-1866\" src=\"https:\/\/www.lvmadeinitalystore.it\/wp-content\/uploads\/2021\/01\/bio-e-biodinamico_lvmadeinitalystore-300x195.jpg\" alt=\"\" width=\"191\" height=\"124\"><\/p>\n","protected":false},"featured_media":4108,"template":"","meta":{"_monsterinsights_skip_tracking":false,"_monsterinsights_sitenote_active":false,"_monsterinsights_sitenote_note":"","_monsterinsights_sitenote_category":0,"_uf_show_specific_survey":0,"_uf_disable_surveys":false},"product_brand":[],"product_cat":[85,169,43,19,95],"product_tag":[46,45,47,44,404],"class_list":{"0":"post-8337","1":"product","2":"type-product","3":"status-publish","4":"has-post-thumbnail","6":"product_cat-colline-lucchesi-rosso","7":"product_cat-vini-certificati-bio","8":"product_cat-vini-agricoltura-biodinamica","9":"product_cat-vini-rossi","10":"product_cat-zona-produzione-colline-lucchesi-versilia-rossi","11":"product_tag-biodinamico","12":"product_tag-biologico","13":"product_tag-colline-lucchesi","14":"product_tag-fabbrica-di-san-martino","15":"product_tag-vinifabbriasanmartino","17":"first","18":"instock","19":"taxable","20":"shipping-taxable","21":"purchasable","22":"product-type-simple"},"aioseo_notices":[],"_links":{"self":[{"href":"https:\/\/lovebiowines.com\/fr\/wp-json\/wp\/v2\/product\/8337","targetHints":{"allow":["GET"]}}],"collection":[{"href":"https:\/\/lovebiowines.com\/fr\/wp-json\/wp\/v2\/product"}],"about":[{"href":"https:\/\/lovebiowines.com\/fr\/wp-json\/wp\/v2\/types\/product"}],"version-history":[{"count":0,"href":"https:\/\/lovebiowines.com\/fr\/wp-json\/wp\/v2\/product\/8337\/revisions"}],"wp:featuredmedia":[{"embeddable":true,"href":"https:\/\/lovebiowines.com\/fr\/wp-json\/wp\/v2\/media\/4108"}],"wp:attachment":[{"href":"https:\/\/lovebiowines.com\/fr\/wp-json\/wp\/v2\/media?parent=8337"}],"wp:term":[{"taxonomy":"product_brand","embeddable":true,"href":"https:\/\/lovebiowines.com\/fr\/wp-json\/wp\/v2\/product_brand?post=8337"},{"taxonomy":"product_cat","embeddable":true,"href":"https:\/\/lovebiowines.com\/fr\/wp-json\/wp\/v2\/product_cat?post=8337"},{"taxonomy":"product_tag","embeddable":true,"href":"https:\/\/lovebiowines.com\/fr\/wp-json\/wp\/v2\/product_tag?post=8337"}],"curies":[{"name":"wp","href":"https:\/\/api.w.org\/{rel}","templated":true}]}}