{"id":8336,"date":"2023-09-17T21:55:35","date_gmt":"2023-09-17T19:55:35","guid":{"rendered":"https:\/\/lovebiowines.com\/product\/castagnini-ceccardo-candia-dei-colli-apuani-vermentino-nero\/"},"modified":"2023-09-17T21:55:35","modified_gmt":"2023-09-17T19:55:35","slug":"castagnini-ceccardo-candia-dei-colli-apuani-vermentino-nero","status":"publish","type":"product","link":"https:\/\/lovebiowines.com\/fr\/produit\/castagnini-ceccardo-candia-dei-colli-apuani-vermentino-nero\/","title":{"rendered":"Castagnini &#8211; Ceccardo \u2013 Candia dei Colli Apuani Vermentino Nero"},"content":{"rendered":"<h5><strong>C\u00e9page: <\/strong>Vermentino Nero 100%<\/h5>\n<h5><strong>Couleur<\/strong> : Rouge rubis<\/h5>\n<h5><strong>Examen olfactif <\/strong>: Le vin est fruit\u00e9 avec des ar\u00f4mes de cerise et de baies et une l\u00e9g\u00e8re note bois\u00e9e.<\/h5>\n<h5><strong>Vinification <\/strong>: Mac\u00e9ration pelliculaire pendant 20 jours<\/h5>\n<h5><strong>Vieillissement :<\/strong> Non<\/h5>\n<h5><strong>Vieillissement en bouteille<\/strong> : Minimum 4 mois<\/h5>\n<h5><strong>Teneur en alcool<\/strong> : 12,5%<\/h5>\n<h5><strong>Acidit\u00e9 totale<\/strong> : 5,5 G\/l<\/h5>\n<h5><strong>R\u00e9sidu de sucre<\/strong> : Sec 4 Mg\/l<\/h5>\n<h5><strong>Accords<\/strong> : Ceccardo, Vermentino Nero est id\u00e9al avec des plats plus \u00e9labor\u00e9s, m\u00eame \u00e0 base de gibier, ou avec des fromages semi-affin\u00e9s<\/h5>\n<p>Il est n\u00e9 sur les pentes des collines Apuanes, un lieu difficile voire impossible \u00e0 atteindre par des moyens m\u00e9caniques, o\u00f9 le travail manuel est le protagoniste \u00e0 360\u00b0. Ces conditions extr\u00eames lui valent le surnom de Viticulture H\u00e9ro\u00efque<\/p>\n","protected":false},"excerpt":{"rendered":"<p><img loading=\"lazy\" decoding=\"async\" class=\"alignnone size-full wp-image-53\" src=\"https:\/\/lovebiowines.com\/wp-content\/uploads\/2023\/07\/fascia-italia-1-300x20-1.png\" alt=\"Produits Made in Italy\" width=\"300\" height=\"20\"><\/p>\n<div class=\"et_pb_module et_pb_text et_pb_text_14 et_pb_text_align_left et_pb_bg_layout_light\">\n<div class=\"et_pb_text_inner\">\n<h5>Sur les collines Apuanes, entre les carri\u00e8res de marbre blanc et la mer, est n\u00e9e la cave Castagnini.<\/h5>\n<h5>Vins Apuans de qualit\u00e9 sup\u00e9rieure<\/h5>\n<\/div>\n<\/div>\n","protected":false},"featured_media":5518,"template":"","meta":{"_monsterinsights_skip_tracking":false,"_monsterinsights_sitenote_active":false,"_monsterinsights_sitenote_note":"","_monsterinsights_sitenote_category":0,"_uf_show_specific_survey":0,"_uf_disable_surveys":false},"product_brand":[],"product_cat":[512,496,477,505],"product_tag":[458,529,530,531],"class_list":{"0":"post-8336","1":"product","2":"type-product","3":"status-publish","4":"has-post-thumbnail","6":"product_cat-doc-candia-colli-apuani-rosso-fr","7":"product_cat-vins-issus-de-lagriculture-bio-non-certifies","8":"product_cat-vins-rouges","9":"product_cat-zone-de-production-candia-et-collines-apuanes-rossi","10":"product_tag-candia-fr","11":"product_tag-collines-apuanes","12":"product_tag-vermentino-nero100-fr","13":"product_tag-vinicastagni-fr","15":"first","16":"instock","17":"taxable","18":"shipping-taxable","19":"purchasable","20":"product-type-simple"},"aioseo_notices":[],"_links":{"self":[{"href":"https:\/\/lovebiowines.com\/fr\/wp-json\/wp\/v2\/product\/8336","targetHints":{"allow":["GET"]}}],"collection":[{"href":"https:\/\/lovebiowines.com\/fr\/wp-json\/wp\/v2\/product"}],"about":[{"href":"https:\/\/lovebiowines.com\/fr\/wp-json\/wp\/v2\/types\/product"}],"version-history":[{"count":0,"href":"https:\/\/lovebiowines.com\/fr\/wp-json\/wp\/v2\/product\/8336\/revisions"}],"wp:featuredmedia":[{"embeddable":true,"href":"https:\/\/lovebiowines.com\/fr\/wp-json\/wp\/v2\/media\/5518"}],"wp:attachment":[{"href":"https:\/\/lovebiowines.com\/fr\/wp-json\/wp\/v2\/media?parent=8336"}],"wp:term":[{"taxonomy":"product_brand","embeddable":true,"href":"https:\/\/lovebiowines.com\/fr\/wp-json\/wp\/v2\/product_brand?post=8336"},{"taxonomy":"product_cat","embeddable":true,"href":"https:\/\/lovebiowines.com\/fr\/wp-json\/wp\/v2\/product_cat?post=8336"},{"taxonomy":"product_tag","embeddable":true,"href":"https:\/\/lovebiowines.com\/fr\/wp-json\/wp\/v2\/product_tag?post=8336"}],"curies":[{"name":"wp","href":"https:\/\/api.w.org\/{rel}","templated":true}]}}