{"id":8334,"date":"2023-10-01T11:02:47","date_gmt":"2023-10-01T09:02:47","guid":{"rendered":"https:\/\/lovebiowines.com\/product\/fabbrica-di-san-martino-bianco-doc-colline-lucchesi-2022\/"},"modified":"2023-10-01T11:02:47","modified_gmt":"2023-10-01T09:02:47","slug":"fabbrica-di-san-martino-bianco-doc-colline-lucchesi-2022","status":"publish","type":"product","link":"https:\/\/lovebiowines.com\/fr\/produit\/fabbrica-di-san-martino-bianco-doc-colline-lucchesi-2022\/","title":{"rendered":"Fabbrica di San Martino Bianco Doc Colline Lucchesi 2022"},"content":{"rendered":"<div class=\"column\">\n<h5>C\u00e9pages: 30% vermentino, 30% trebbiano, 30% malvasia<br \/>\n\u00c2ge moyen des vignes : 20 ans<br \/>\nSols : argilo-calcaire<br \/>\nR\u00e9colte : manuelle<br \/>\nVinification et affinage : Vinification en f\u00fbts de 500 litres et 700 litres, dernier en f\u00fbt<br \/>\nTeneur en alcool: 12,5%<br \/>\nCertifications : Bioagricert et Demeter<\/h5>\n<\/div>\n<div class=\"column\">\n<div class=\"layoutArea\">\n<div class=\"column\">\n<h5>Vin non filtr\u00e9 ni clarifi\u00e9, uniquement levures indig\u00e8nes, pas de contr\u00f4le de temp\u00e9rature<\/h5>\n<\/div>\n<\/div>\n<\/div>\n","protected":false},"excerpt":{"rendered":"<p><img loading=\"lazy\" decoding=\"async\" class=\"alignnone size-full wp-image-53\" src=\"https:\/\/lovebiowines.com\/wp-content\/uploads\/2023\/07\/fascia-italia-1-300x20-1.png\" alt=\"Produits Made in Italy\" width=\"300\" height=\"20\"><\/p>\n<h5><a href=\"https:\/\/lovebiowines.com\/fabbrica-di-san-martino\/\">D\u00e9couvrez tous les vins de Fabbrica di San Martino !<\/a><\/h5>\n<h5><a href=\"https:\/\/lovebiowines.com\/prodotto\/fabbrica-di-san-martino-rosso-d-o-c-2018-doc-riserva-colline-lucchesi\/\">Usine San Martino Rosso<\/a> &#8211; <a href=\"https:\/\/lovebiowines.com\/prodotto\/fabbrica-di-san-martino-rosaspina-rose-igt-costa-toscana-rosato\/\">Rosaspina<\/a> &#8211; <a href=\"https:\/\/lovebiowines.com\/prodotto\/fabbrica-di-san-martino-arcipressi-rosso-igt-costa-toscana-2022\/\">Arcipressi <\/a>&#8211; <a href=\"https:\/\/lovebiowines.com\/prodotto\/fabbrica-di-san-martino-rubino-rosso-2015-magnum-doc-colline-lucchesi\/\">Rubino Rosso<\/a><\/h5>\n<p><img loading=\"lazy\" decoding=\"async\" class=\"alignnone wp-image-1866\" src=\"https:\/\/www.lvmadeinitalystore.it\/wp-content\/uploads\/2021\/01\/bio-e-biodinamico_lvmadeinitalystore-300x195.jpg\" alt=\"\" width=\"191\" height=\"124\"><\/p>\n<p>&nbsp;<\/p>\n","protected":false},"featured_media":4088,"template":"","meta":{"_monsterinsights_skip_tracking":false,"_monsterinsights_sitenote_active":false,"_monsterinsights_sitenote_note":"","_monsterinsights_sitenote_category":0,"_uf_show_specific_survey":0,"_uf_disable_surveys":false},"product_brand":[],"product_cat":[523,498,480,518,519],"product_tag":[524,453,432,493],"class_list":{"0":"post-8334","1":"product","2":"type-product","3":"status-publish","4":"has-post-thumbnail","6":"product_cat-doc-colline-lucchesi-bianco-fr","7":"product_cat-vins-blancs","8":"product_cat-vins-certifies-biologiques","9":"product_cat-vins-dagriculture-biodynamique","10":"product_cat-zone-de-production-colline-lucchesi-versilia-blancs","11":"product_tag-biodinamico-fr","12":"product_tag-colline-lucchesi-fr","13":"product_tag-tuscany-fr","14":"product_tag-vinifabbriasanmartino-fr","16":"first","17":"instock","18":"taxable","19":"shipping-taxable","20":"purchasable","21":"product-type-simple"},"aioseo_notices":[],"_links":{"self":[{"href":"https:\/\/lovebiowines.com\/fr\/wp-json\/wp\/v2\/product\/8334","targetHints":{"allow":["GET"]}}],"collection":[{"href":"https:\/\/lovebiowines.com\/fr\/wp-json\/wp\/v2\/product"}],"about":[{"href":"https:\/\/lovebiowines.com\/fr\/wp-json\/wp\/v2\/types\/product"}],"version-history":[{"count":0,"href":"https:\/\/lovebiowines.com\/fr\/wp-json\/wp\/v2\/product\/8334\/revisions"}],"wp:featuredmedia":[{"embeddable":true,"href":"https:\/\/lovebiowines.com\/fr\/wp-json\/wp\/v2\/media\/4088"}],"wp:attachment":[{"href":"https:\/\/lovebiowines.com\/fr\/wp-json\/wp\/v2\/media?parent=8334"}],"wp:term":[{"taxonomy":"product_brand","embeddable":true,"href":"https:\/\/lovebiowines.com\/fr\/wp-json\/wp\/v2\/product_brand?post=8334"},{"taxonomy":"product_cat","embeddable":true,"href":"https:\/\/lovebiowines.com\/fr\/wp-json\/wp\/v2\/product_cat?post=8334"},{"taxonomy":"product_tag","embeddable":true,"href":"https:\/\/lovebiowines.com\/fr\/wp-json\/wp\/v2\/product_tag?post=8334"}],"curies":[{"name":"wp","href":"https:\/\/api.w.org\/{rel}","templated":true}]}}