{"id":8333,"date":"2023-10-03T22:08:16","date_gmt":"2023-10-03T20:08:16","guid":{"rendered":"https:\/\/lovebiowines.com\/product\/carmignani-urano-i-g-t-sauvignon-blanc\/"},"modified":"2023-10-03T22:08:16","modified_gmt":"2023-10-03T20:08:16","slug":"carmignani-urano-i-g-t-sauvignon-blanc","status":"publish","type":"product","link":"https:\/\/lovebiowines.com\/fr\/produit\/carmignani-urano-i-g-t-sauvignon-blanc\/","title":{"rendered":"Carmignani \u2013 Urano I.G.T &#8211; Sauvignon Blanc"},"content":{"rendered":"<h5>Issu de raisins 100% Sauvignon Blanc r\u00e9colt\u00e9s dans la seconde quinzaine d&rsquo;ao\u00fbt.<\/h5>\n<h5>La fermentation a lieu en acier \u00e0 temp\u00e9rature contr\u00f4l\u00e9e pendant environ 6 \u00e0 7 mois ; Ensuite, le vin est vieilli en bouteille pendant 3 \u00e0 4 mois.<\/h5>\n<h5>De couleur jaune paille brillante, le nez r\u00e9v\u00e8le une bonne intensit\u00e9 et d\u00e9veloppe des ar\u00f4mes de fruit de la passion, de litchi, d&rsquo;ananas, de c\u00e8dre et de pamplemousse, avec une note verte fra\u00eeche de feuille de tomate.<\/h5>\n<h5>\u00c0 la d\u00e9gustation, il est agr\u00e9able, intense et persistant, avec une saveur fra\u00eeche et savoureuse.<\/h5>\n<h5>Il peut \u00eatre accompagn\u00e9 de plats de crabe, de cocktails de langoustines, de poisson frit, de poulet frit et de la classique \u00ab escalope milanaise \u00bb.<\/h5>\n<h5>Servir \u00e0 8-10\u00b0C.<\/h5>\n<h5>Contient des sulfites.<\/h5>\n<h5>\n            <a href=\"https:\/\/lovebiowines.com\/wp-content\/uploads\/2023\/10\/Schede-Fattoria-Carmignani.pdf\">Fiches Vins Fattoria Carmignani<\/a><br \/>\n          <\/h5>\n","protected":false},"excerpt":{"rendered":"<h4 data-fontsize=\"20\" data-lineheight=\"19\"><img loading=\"lazy\" decoding=\"async\" class=\"alignnone size-full wp-image-53\" src=\"https:\/\/lovebiowines.com\/wp-content\/uploads\/2023\/07\/fascia-italia-1-300x20-1.png\" alt=\"Produits Made in Italy\" width=\"300\" height=\"20\">Vin blanc toscan de Fattoria Carmignani<\/h4>\n<p><em>100% Sauvignon Blanc<\/em><\/p>\n<p>Accords : plats de crabe, cocktails de langoustines, poisson frit, poulet frit et la classique \u00ab escalope milanaise \u00bb<\/p>\n","protected":false},"featured_media":1954,"template":"","meta":{"_monsterinsights_skip_tracking":false,"_monsterinsights_sitenote_active":false,"_monsterinsights_sitenote_note":"","_monsterinsights_sitenote_category":0,"_uf_show_specific_survey":0,"_uf_disable_surveys":false},"product_brand":[],"product_cat":[520,498,521],"product_tag":[522,434],"class_list":{"0":"post-8333","1":"product","2":"type-product","3":"status-publish","4":"has-post-thumbnail","6":"product_cat-igt-tuscany-white-fr","7":"product_cat-vins-blancs","8":"product_cat-zone-de-production-montecarlo-bianchi","9":"product_tag-sauvignon-blanc100-fr","10":"product_tag-vinicarmignani-fr","12":"first","13":"instock","14":"taxable","15":"shipping-taxable","16":"purchasable","17":"product-type-simple"},"aioseo_notices":[],"_links":{"self":[{"href":"https:\/\/lovebiowines.com\/fr\/wp-json\/wp\/v2\/product\/8333","targetHints":{"allow":["GET"]}}],"collection":[{"href":"https:\/\/lovebiowines.com\/fr\/wp-json\/wp\/v2\/product"}],"about":[{"href":"https:\/\/lovebiowines.com\/fr\/wp-json\/wp\/v2\/types\/product"}],"version-history":[{"count":0,"href":"https:\/\/lovebiowines.com\/fr\/wp-json\/wp\/v2\/product\/8333\/revisions"}],"wp:featuredmedia":[{"embeddable":true,"href":"https:\/\/lovebiowines.com\/fr\/wp-json\/wp\/v2\/media\/1954"}],"wp:attachment":[{"href":"https:\/\/lovebiowines.com\/fr\/wp-json\/wp\/v2\/media?parent=8333"}],"wp:term":[{"taxonomy":"product_brand","embeddable":true,"href":"https:\/\/lovebiowines.com\/fr\/wp-json\/wp\/v2\/product_brand?post=8333"},{"taxonomy":"product_cat","embeddable":true,"href":"https:\/\/lovebiowines.com\/fr\/wp-json\/wp\/v2\/product_cat?post=8333"},{"taxonomy":"product_tag","embeddable":true,"href":"https:\/\/lovebiowines.com\/fr\/wp-json\/wp\/v2\/product_tag?post=8333"}],"curies":[{"name":"wp","href":"https:\/\/api.w.org\/{rel}","templated":true}]}}