{"id":8331,"date":"2023-10-08T15:03:56","date_gmt":"2023-10-08T13:03:56","guid":{"rendered":"https:\/\/lovebiowines.com\/product\/segreto-bianco-100-vermentino-igt-biologico-tenuta-mariani\/"},"modified":"2023-10-08T15:03:56","modified_gmt":"2023-10-08T13:03:56","slug":"segreto-bianco-100-vermentino-igt-biologico-tenuta-mariani","status":"publish","type":"product","link":"https:\/\/lovebiowines.com\/fr\/produit\/segreto-bianco-100-vermentino-igt-biologico-tenuta-mariani\/","title":{"rendered":"Segreto Bianco 100% Vermentino IGT Biologico &#8211; Tenuta Mariani"},"content":{"rendered":"<div class=\"et_pb_module et_pb_text et_pb_text_0 et_pb_text_align_left et_pb_bg_layout_light\">\n<div class=\"et_pb_text_inner\">\n<p>100% Vermentino<\/p>\n<div class=\"cls_006\">\n<div class=\"cls_006\">\n<div class=\"cls_006\">\n<div class=\"cls_006\"><span class=\"cls_006\">Raisins provenant des vignobles de Caprile &#8211; Massaciuccoli<\/span><\/div>\n<div class=\"cls_007\">\n<p>Mac\u00e9ration du mo\u00fbt sur les peaux pendant 24 heures, fermentation contr\u00f4l\u00e9e en acier et vieillissement dans nos caves en cuves c\u00e9ramiques et acier pendant 6\/8 mois. Non filtr\u00e9 et \u00e0 faible teneur en sulfites.<\/p>\n<\/div>\n<\/div>\n<\/div>\n<\/div>\n<\/div><\/div>\n","protected":false},"excerpt":{"rendered":"<p>          <img loading=\"lazy\" decoding=\"async\" class=\"alignnone size-full wp-image-53\" src=\"https:\/\/lovebiowines.com\/wp-content\/uploads\/2023\/07\/fascia-italia-1-300x20-1.png\" alt=\"Produits Made in Italy\" width=\"300\" height=\"20\"><\/p>\n<p>          <a href=\"\/?p=2159\">D\u00e9couvrez tous les vins et vins effervescents de Tenuta Mariani<\/a><\/p>\n","protected":false},"featured_media":2432,"template":"","meta":{"_monsterinsights_skip_tracking":false,"_monsterinsights_sitenote_active":false,"_monsterinsights_sitenote_note":"","_monsterinsights_sitenote_category":0,"_uf_show_specific_survey":0,"_uf_disable_surveys":false},"product_brand":[],"product_cat":[520,498,518,519],"product_tag":[443],"class_list":{"0":"post-8331","1":"product","2":"type-product","3":"status-publish","4":"has-post-thumbnail","6":"product_cat-igt-tuscany-white-fr","7":"product_cat-vins-blancs","8":"product_cat-vins-dagriculture-biodynamique","9":"product_cat-zone-de-production-colline-lucchesi-versilia-blancs","10":"product_tag-vermentino100-fr","12":"first","13":"instock","14":"taxable","15":"shipping-taxable","16":"purchasable","17":"product-type-simple"},"aioseo_notices":[],"_links":{"self":[{"href":"https:\/\/lovebiowines.com\/fr\/wp-json\/wp\/v2\/product\/8331","targetHints":{"allow":["GET"]}}],"collection":[{"href":"https:\/\/lovebiowines.com\/fr\/wp-json\/wp\/v2\/product"}],"about":[{"href":"https:\/\/lovebiowines.com\/fr\/wp-json\/wp\/v2\/types\/product"}],"version-history":[{"count":0,"href":"https:\/\/lovebiowines.com\/fr\/wp-json\/wp\/v2\/product\/8331\/revisions"}],"wp:featuredmedia":[{"embeddable":true,"href":"https:\/\/lovebiowines.com\/fr\/wp-json\/wp\/v2\/media\/2432"}],"wp:attachment":[{"href":"https:\/\/lovebiowines.com\/fr\/wp-json\/wp\/v2\/media?parent=8331"}],"wp:term":[{"taxonomy":"product_brand","embeddable":true,"href":"https:\/\/lovebiowines.com\/fr\/wp-json\/wp\/v2\/product_brand?post=8331"},{"taxonomy":"product_cat","embeddable":true,"href":"https:\/\/lovebiowines.com\/fr\/wp-json\/wp\/v2\/product_cat?post=8331"},{"taxonomy":"product_tag","embeddable":true,"href":"https:\/\/lovebiowines.com\/fr\/wp-json\/wp\/v2\/product_tag?post=8331"}],"curies":[{"name":"wp","href":"https:\/\/api.w.org\/{rel}","templated":true}]}}