{"id":8328,"date":"2023-10-15T17:27:30","date_gmt":"2023-10-15T15:27:30","guid":{"rendered":"https:\/\/lovebiowines.com\/product\/vin-mousseux-biologique-sabbiamare-demi-sec-tenuta-mariani\/"},"modified":"2023-10-15T17:27:30","modified_gmt":"2023-10-15T15:27:30","slug":"vin-mousseux-biologique-sabbiamare-demi-sec-tenuta-mariani","status":"publish","type":"product","link":"https:\/\/lovebiowines.com\/fr\/produit\/vin-mousseux-biologique-sabbiamare-demi-sec-tenuta-mariani\/","title":{"rendered":"Vin mousseux biologique SabbiaMare Demi Sec \u2013 Tenuta Mariani"},"content":{"rendered":"<p>Malvasia Aromatica 100%<br \/>\nDosage 35gr\/L<\/p>\n<div class=\"cls_016\">Raisins provenant du vignoble Massaciuccoli, sur un sol limono-sableux. Un vin \u00ab\u00a0de plage\u00a0\u00bb (Spiaggia), avec fermentation contr\u00f4l\u00e9e en acier, vieilli en acier pendant 6 mois, fermentation p\u00e9tillante en autoclave dans nos caves pendant trois mois.<\/div>\n","protected":false},"excerpt":{"rendered":"<p><img loading=\"lazy\" decoding=\"async\" class=\"alignnone size-full wp-image-53\" src=\"https:\/\/lovebiowines.com\/wp-content\/uploads\/2023\/07\/fascia-italia-1-300x20-1.png\" alt=\"Produits Made in Italy\" width=\"300\" height=\"20\"><\/p>\n<p><a href=\"\/?p=2159\">D\u00e9couvrez tous les vins et vins effervescents de Tenuta Mariani<\/a><\/p>\n<p>Bouteille 0.75 L<\/p>\n<p>Pour le moment, le produit ne peut \u00eatre vendu et exp\u00e9di\u00e9 qu&rsquo;en Italie<\/p>\n","protected":false},"featured_media":2477,"template":"","meta":{"_monsterinsights_skip_tracking":false,"_monsterinsights_sitenote_active":false,"_monsterinsights_sitenote_note":"","_monsterinsights_sitenote_category":0,"_uf_show_specific_survey":0,"_uf_disable_surveys":false},"product_brand":[],"product_cat":[495],"product_tag":[],"class_list":{"0":"post-8328","1":"product","2":"type-product","3":"status-publish","4":"has-post-thumbnail","6":"product_cat-mousseaux-et-vin-liquereux","8":"first","9":"outofstock","10":"taxable","11":"shipping-taxable","12":"purchasable","13":"product-type-simple"},"aioseo_notices":[],"_links":{"self":[{"href":"https:\/\/lovebiowines.com\/fr\/wp-json\/wp\/v2\/product\/8328","targetHints":{"allow":["GET"]}}],"collection":[{"href":"https:\/\/lovebiowines.com\/fr\/wp-json\/wp\/v2\/product"}],"about":[{"href":"https:\/\/lovebiowines.com\/fr\/wp-json\/wp\/v2\/types\/product"}],"version-history":[{"count":0,"href":"https:\/\/lovebiowines.com\/fr\/wp-json\/wp\/v2\/product\/8328\/revisions"}],"wp:featuredmedia":[{"embeddable":true,"href":"https:\/\/lovebiowines.com\/fr\/wp-json\/wp\/v2\/media\/2477"}],"wp:attachment":[{"href":"https:\/\/lovebiowines.com\/fr\/wp-json\/wp\/v2\/media?parent=8328"}],"wp:term":[{"taxonomy":"product_brand","embeddable":true,"href":"https:\/\/lovebiowines.com\/fr\/wp-json\/wp\/v2\/product_brand?post=8328"},{"taxonomy":"product_cat","embeddable":true,"href":"https:\/\/lovebiowines.com\/fr\/wp-json\/wp\/v2\/product_cat?post=8328"},{"taxonomy":"product_tag","embeddable":true,"href":"https:\/\/lovebiowines.com\/fr\/wp-json\/wp\/v2\/product_tag?post=8328"}],"curies":[{"name":"wp","href":"https:\/\/api.w.org\/{rel}","templated":true}]}}