{"id":8325,"date":"2023-10-15T18:24:39","date_gmt":"2023-10-15T16:24:39","guid":{"rendered":"https:\/\/lovebiowines.com\/product\/paccheri-pates-artisanales-au-ble-dur-cappelli-az-ag-favilla-guido\/"},"modified":"2023-10-15T18:24:39","modified_gmt":"2023-10-15T16:24:39","slug":"paccheri-pates-artisanales-au-ble-dur-cappelli-az-ag-favilla-guido","status":"publish","type":"product","link":"https:\/\/lovebiowines.com\/fr\/produit\/paccheri-pates-artisanales-au-ble-dur-cappelli-az-ag-favilla-guido\/","title":{"rendered":"Paccheri &#8211; P\u00e2tes Artisanales au bl\u00e9 dur Cappelli &#8211; Az Ag Favilla Guido"},"content":{"rendered":"<div class=\"fusion-text fusion-text-3\">\n<h5 class=\"fusion-responsive-typography-calculated\" data-fontsize=\"16\" data-lineheight=\"24px\">P\u00e2tes de semoule de bl\u00e9 dur moulues sur pierre, 100% bl\u00e9 dur Cappelli cultiv\u00e9 \u00e0 Lucca par Az. Agr. Favilla Guido.<br \/>\nIngr\u00e9dients : semoule de bl\u00e9 dur, eau.<br \/>\nCONTIENT DU GLUTEN. Peut contenir des traces de soja. Produit sujet \u00e0 perte de poids. Conservation:<br \/>\nConserver de pr\u00e9f\u00e9rence dans un endroit frais et sec.<br \/>\nTemps de cuisson : 9 \u2013 11 min. Il est conseill\u00e9 de suivre la cuisson par une d\u00e9gustation du produit.<\/h5>\n<\/p><\/div>\n<table border=\"1\">\n<tbody>\n<tr>\n<td bgcolor=\"#3c2415\">VALEURS NUTRITIONNELLES POUR 100g<\/td>\n<\/tr>\n<tr>\n<td><strong>Energie:<\/strong> 1526kJ\/360kcal<\/td>\n<\/tr>\n<tr>\n<td><strong>Gras:<\/strong> 1,54g dont acides gras satur\u00e9s: 0,21g<\/td>\n<\/tr>\n<tr>\n<td><strong>Glucides:<\/strong> 72g dont soucres: 1,4g<\/td>\n<\/tr>\n<tr>\n<td><strong>Fibre:<\/strong> 3,5g<\/td>\n<\/tr>\n<tr>\n<td><strong>Proteines:<\/strong> 12,1g<\/td>\n<\/tr>\n<tr>\n<td><strong>Sodium:<\/strong> 0,005g<\/td>\n<\/tr>\n<\/tbody>\n<\/table>\n","protected":false},"excerpt":{"rendered":"<h3 data-fontsize=\"16\" data-lineheight=\"24px\">\n            <img loading=\"lazy\" decoding=\"async\" class=\"alignnone size-full wp-image-53\" src=\"https:\/\/lovebiowines.com\/wp-content\/uploads\/2023\/07\/fascia-italia-1-300x20-1.png\" alt=\"Produits Made in Italy\" width=\"300\" height=\"20\"><br \/>\n          <\/h3>\n<h3 class=\"fusion-responsive-typography-calculated\" data-fontsize=\"16\" data-lineheight=\"24px\"><strong>Les paccari<\/strong><br \/>\nDe par leur forme, les paccari se pr\u00eatent \u00e0 tous les condiments.<br \/>\n<strong>Pack de 500 gr.<\/strong><\/h3>\n","protected":false},"featured_media":2667,"template":"","meta":{"_monsterinsights_skip_tracking":false,"_monsterinsights_sitenote_active":false,"_monsterinsights_sitenote_note":"","_monsterinsights_sitenote_category":0,"_uf_show_specific_survey":0,"_uf_disable_surveys":false},"product_brand":[],"product_cat":[112,111],"product_tag":[105],"class_list":{"0":"post-8325","1":"product","2":"type-product","3":"status-publish","4":"has-post-thumbnail","6":"product_cat-pasta-artigianale","7":"product_cat-prodotti-da-agricoltura-biologica-e-biodinamica","8":"product_tag-pasta-artigianale","10":"first","11":"instock","12":"taxable","13":"shipping-taxable","14":"purchasable","15":"product-type-simple"},"aioseo_notices":[],"_links":{"self":[{"href":"https:\/\/lovebiowines.com\/fr\/wp-json\/wp\/v2\/product\/8325","targetHints":{"allow":["GET"]}}],"collection":[{"href":"https:\/\/lovebiowines.com\/fr\/wp-json\/wp\/v2\/product"}],"about":[{"href":"https:\/\/lovebiowines.com\/fr\/wp-json\/wp\/v2\/types\/product"}],"version-history":[{"count":0,"href":"https:\/\/lovebiowines.com\/fr\/wp-json\/wp\/v2\/product\/8325\/revisions"}],"wp:featuredmedia":[{"embeddable":true,"href":"https:\/\/lovebiowines.com\/fr\/wp-json\/wp\/v2\/media\/2667"}],"wp:attachment":[{"href":"https:\/\/lovebiowines.com\/fr\/wp-json\/wp\/v2\/media?parent=8325"}],"wp:term":[{"taxonomy":"product_brand","embeddable":true,"href":"https:\/\/lovebiowines.com\/fr\/wp-json\/wp\/v2\/product_brand?post=8325"},{"taxonomy":"product_cat","embeddable":true,"href":"https:\/\/lovebiowines.com\/fr\/wp-json\/wp\/v2\/product_cat?post=8325"},{"taxonomy":"product_tag","embeddable":true,"href":"https:\/\/lovebiowines.com\/fr\/wp-json\/wp\/v2\/product_tag?post=8325"}],"curies":[{"name":"wp","href":"https:\/\/api.w.org\/{rel}","templated":true}]}}