{"id":8322,"date":"2023-10-16T13:57:01","date_gmt":"2023-10-16T11:57:01","guid":{"rendered":"https:\/\/lovebiowines.com\/product\/semoule-de-ble-dur-cappelli-moulue-sur-pierre-az-ag-favilla\/"},"modified":"2023-10-16T13:57:01","modified_gmt":"2023-10-16T11:57:01","slug":"semoule-de-ble-dur-cappelli-moulue-sur-pierre-az-ag-favilla","status":"publish","type":"product","link":"https:\/\/lovebiowines.com\/fr\/produit\/semoule-de-ble-dur-cappelli-moulue-sur-pierre-az-ag-favilla\/","title":{"rendered":"Semoule de bl\u00e9 dur Cappelli moulue sur pierre &#8211; Az Ag Favilla"},"content":{"rendered":"<h3 class=\"fusion-responsive-typography-calculated\" data-fontsize=\"16\" data-lineheight=\"24px\"><strong>Semoule de bl\u00e9 dur Cappelli moulue sur pierre<\/strong><br \/>\nLe bl\u00e9 dur Cappelli est l&rsquo;une des vari\u00e9t\u00e9s de bl\u00e9 les plus connues et les plus connues.<br \/>\nLa principale caract\u00e9ristique de ce bl\u00e9 est la hauteur consid\u00e9rable de son \u00e9pi qui atteint environ 150-160 cm et donc cette vari\u00e9t\u00e9 de bl\u00e9 est particuli\u00e8rement sensible \u00e0 la verse. Malgr\u00e9 ces difficult\u00e9s de culture, la semoule obtenue est un produit d\u2019excellente qualit\u00e9.<br \/>\nCultiv\u00e9 sur les terres de la Fattoria Sardi \u00e0 Lucques, le bl\u00e9 dur Cappelli de la ferme Favilla est biologique, mais comme il est moulu sur pierre dans une entreprise qui n&rsquo;a pas de certification biologique, le logo manque sur l&rsquo;\u00e9tiquette.<br \/>\nRiche en germe de bl\u00e9, la Semoule de Bl\u00e9 Dur Capelli est id\u00e9ale pour la pr\u00e9paration de p\u00e2tes et de produits panifi\u00e9s tels que la focaccia, le pain et la pizza.<\/h3>\n<h3 class=\"fusion-responsive-typography-calculated\" data-fontsize=\"16\" data-lineheight=\"24px\">\n            <strong>Pack de 1Kg.<\/strong><br \/>\n          <\/h3>\n","protected":false},"excerpt":{"rendered":"<p><img loading=\"lazy\" decoding=\"async\" class=\"alignnone size-full wp-image-53\" src=\"https:\/\/lovebiowines.com\/wp-content\/uploads\/2023\/07\/fascia-italia-1-300x20-1.png\" alt=\"Produits Made in Italy\" width=\"300\" height=\"20\"><\/p>\n<h3 class=\"fusion-responsive-typography-calculated\" data-fontsize=\"16\" data-lineheight=\"24px\">Riche en germe de bl\u00e9, la Semoule de Bl\u00e9 Dur Capelli est id\u00e9ale pour la pr\u00e9paration de p\u00e2tes et de produits panifi\u00e9s tels que la focaccia, le pain et la pizza.<\/h3>\n<p>Pack 1Kg<\/p>\n","protected":false},"featured_media":2611,"template":"","meta":{"_monsterinsights_skip_tracking":false,"_monsterinsights_sitenote_active":false,"_monsterinsights_sitenote_note":"","_monsterinsights_sitenote_category":0,"_uf_show_specific_survey":0,"_uf_disable_surveys":false},"product_brand":[],"product_cat":[517,475],"product_tag":[],"class_list":{"0":"post-8322","1":"product","2":"type-product","3":"status-publish","4":"has-post-thumbnail","6":"product_cat-farine-fr","7":"product_cat-produits-issus-de-lagriculture-biologique-et-biodynamique","9":"first","10":"instock","11":"taxable","12":"shipping-taxable","13":"purchasable","14":"product-type-simple"},"aioseo_notices":[],"_links":{"self":[{"href":"https:\/\/lovebiowines.com\/fr\/wp-json\/wp\/v2\/product\/8322","targetHints":{"allow":["GET"]}}],"collection":[{"href":"https:\/\/lovebiowines.com\/fr\/wp-json\/wp\/v2\/product"}],"about":[{"href":"https:\/\/lovebiowines.com\/fr\/wp-json\/wp\/v2\/types\/product"}],"version-history":[{"count":0,"href":"https:\/\/lovebiowines.com\/fr\/wp-json\/wp\/v2\/product\/8322\/revisions"}],"wp:featuredmedia":[{"embeddable":true,"href":"https:\/\/lovebiowines.com\/fr\/wp-json\/wp\/v2\/media\/2611"}],"wp:attachment":[{"href":"https:\/\/lovebiowines.com\/fr\/wp-json\/wp\/v2\/media?parent=8322"}],"wp:term":[{"taxonomy":"product_brand","embeddable":true,"href":"https:\/\/lovebiowines.com\/fr\/wp-json\/wp\/v2\/product_brand?post=8322"},{"taxonomy":"product_cat","embeddable":true,"href":"https:\/\/lovebiowines.com\/fr\/wp-json\/wp\/v2\/product_cat?post=8322"},{"taxonomy":"product_tag","embeddable":true,"href":"https:\/\/lovebiowines.com\/fr\/wp-json\/wp\/v2\/product_tag?post=8322"}],"curies":[{"name":"wp","href":"https:\/\/api.w.org\/{rel}","templated":true}]}}