{"id":8320,"date":"2023-10-16T14:34:26","date_gmt":"2023-10-16T12:34:26","guid":{"rendered":"https:\/\/lovebiowines.com\/product\/farine-de-ble-tendre-gentil-rosso-moulue-sur-pierre-az-ag-favilla\/"},"modified":"2023-10-16T14:34:26","modified_gmt":"2023-10-16T12:34:26","slug":"farine-de-ble-tendre-gentil-rosso-moulue-sur-pierre-az-ag-favilla","status":"publish","type":"product","link":"https:\/\/lovebiowines.com\/fr\/produit\/farine-de-ble-tendre-gentil-rosso-moulue-sur-pierre-az-ag-favilla\/","title":{"rendered":"Farine de bl\u00e9 tendre Gentil Rosso moulue sur pierre. &#8211; Az Ag Favilla"},"content":{"rendered":"<h3 class=\"fusion-responsive-typography-calculated\" data-fontsize=\"16\" data-lineheight=\"24px\"><strong>Farine de bl\u00e9 tendre Gentil Rosso moulue sur pierre.<\/strong><br \/>\nLe bl\u00e9 tendre Gentil Rosso est une ancienne vari\u00e9t\u00e9 de bl\u00e9 cultiv\u00e9e dans toute l&rsquo;Italie au d\u00e9but des ann\u00e9es 1900. Ce type de bl\u00e9 a un \u00e9pi assez haut, est riche en prot\u00e9ines et pauvre en gluten. La mouture sur pierre du bl\u00e9 tendre biologique Gentil Rosso de la ferme Favilla, comme pour les autres vari\u00e9t\u00e9s de bl\u00e9 cit\u00e9es ci-dessus, maintient le germe de bl\u00e9, c&rsquo;est-\u00e0-dire la partie la plus noble du grain, la plus riche en nutriments. La farine issue de cette c\u00e9r\u00e9ale est id\u00e9ale pour la pr\u00e9paration de produits panifi\u00e9s, mais je la recommande principalement pour la r\u00e9alisation de desserts, compte tenu de sa saveur naturelle sucr\u00e9e et amand\u00e9e.<\/h3>\n<h3 class=\"fusion-responsive-typography-calculated\" data-fontsize=\"16\" data-lineheight=\"24px\">\n            <strong>Pack de 1Kg.<\/strong><br \/>\n          <\/h3>\n","protected":false},"excerpt":{"rendered":"<p><img loading=\"lazy\" decoding=\"async\" class=\"alignnone size-full wp-image-53\" src=\"https:\/\/lovebiowines.com\/wp-content\/uploads\/2023\/07\/fascia-italia-1-300x20-1.png\" alt=\"Produits Made in Italy\" width=\"300\" height=\"20\"><\/p>\n<h3 class=\"fusion-responsive-typography-calculated\" data-fontsize=\"16\" data-lineheight=\"24px\">La farine issue de cette c\u00e9r\u00e9ale est id\u00e9ale pour la pr\u00e9paration de produits panifi\u00e9s, mais je la recommande principalement pour la r\u00e9alisation de desserts, compte tenu de sa saveur naturelle sucr\u00e9e et amand\u00e9e.<\/h3>\n<p>Pack 1Kg<\/p>\n","protected":false},"featured_media":2587,"template":"","meta":{"_monsterinsights_skip_tracking":false,"_monsterinsights_sitenote_active":false,"_monsterinsights_sitenote_note":"","_monsterinsights_sitenote_category":0,"_uf_show_specific_survey":0,"_uf_disable_surveys":false},"product_brand":[],"product_cat":[517,475],"product_tag":[],"class_list":{"0":"post-8320","1":"product","2":"type-product","3":"status-publish","4":"has-post-thumbnail","6":"product_cat-farine-fr","7":"product_cat-produits-issus-de-lagriculture-biologique-et-biodynamique","9":"first","10":"instock","11":"taxable","12":"shipping-taxable","13":"purchasable","14":"product-type-simple"},"aioseo_notices":[],"_links":{"self":[{"href":"https:\/\/lovebiowines.com\/fr\/wp-json\/wp\/v2\/product\/8320","targetHints":{"allow":["GET"]}}],"collection":[{"href":"https:\/\/lovebiowines.com\/fr\/wp-json\/wp\/v2\/product"}],"about":[{"href":"https:\/\/lovebiowines.com\/fr\/wp-json\/wp\/v2\/types\/product"}],"version-history":[{"count":0,"href":"https:\/\/lovebiowines.com\/fr\/wp-json\/wp\/v2\/product\/8320\/revisions"}],"wp:featuredmedia":[{"embeddable":true,"href":"https:\/\/lovebiowines.com\/fr\/wp-json\/wp\/v2\/media\/2587"}],"wp:attachment":[{"href":"https:\/\/lovebiowines.com\/fr\/wp-json\/wp\/v2\/media?parent=8320"}],"wp:term":[{"taxonomy":"product_brand","embeddable":true,"href":"https:\/\/lovebiowines.com\/fr\/wp-json\/wp\/v2\/product_brand?post=8320"},{"taxonomy":"product_cat","embeddable":true,"href":"https:\/\/lovebiowines.com\/fr\/wp-json\/wp\/v2\/product_cat?post=8320"},{"taxonomy":"product_tag","embeddable":true,"href":"https:\/\/lovebiowines.com\/fr\/wp-json\/wp\/v2\/product_tag?post=8320"}],"curies":[{"name":"wp","href":"https:\/\/api.w.org\/{rel}","templated":true}]}}