{"id":8318,"date":"2023-10-16T14:36:22","date_gmt":"2023-10-16T12:36:22","guid":{"rendered":"https:\/\/lovebiowines.com\/product\/farine-de-ble-tendre-complete-verna-moulue-sur-pierre-az-ag-favilla\/"},"modified":"2023-10-16T14:36:22","modified_gmt":"2023-10-16T12:36:22","slug":"farine-de-ble-tendre-complete-verna-moulue-sur-pierre-az-ag-favilla","status":"publish","type":"product","link":"https:\/\/lovebiowines.com\/fr\/produit\/farine-de-ble-tendre-complete-verna-moulue-sur-pierre-az-ag-favilla\/","title":{"rendered":"Farine de bl\u00e9 tendre compl\u00e8te Verna moulue sur pierre &#8211; Az Ag Favilla"},"content":{"rendered":"<h3 class=\"fusion-responsive-typography-calculated\" data-fontsize=\"16\" data-lineheight=\"24px\"><strong>Farine de bl\u00e9 tendre compl\u00e8te Verna moulue sur pierre<\/strong><br \/>\nLe bl\u00e9 tendre Verna est une vari\u00e9t\u00e9 de bl\u00e9 toscane originale, longtemps appr\u00e9ci\u00e9e pour sa rusticit\u00e9, puis presque totalement oubli\u00e9e en raison de sa faible productivit\u00e9. La principale caract\u00e9ristique de cette c\u00e9r\u00e9ale est sa modeste teneur en prot\u00e9ines qui la rend particuli\u00e8rement digeste et pauvre en gluten (0,9% contre 14% des cultivars actuels).<br \/>\nLe bl\u00e9 tendre Verna biologique de la ferme Favilla est un produit d&rsquo;excellence particuli\u00e8rement adapt\u00e9 \u00e0 la production de p\u00e2tes fra\u00eeches, de pain et de desserts. Moulue sur pierre, la farine Verna est non raffin\u00e9e (type 2), grossi\u00e8re, riche en fibres et vitamines.<\/h3>\n<h3 class=\"fusion-responsive-typography-calculated\" data-fontsize=\"16\" data-lineheight=\"24px\">\n            <strong>Pack de 1Kg.<\/strong><br \/>\n          <\/h3>\n","protected":false},"excerpt":{"rendered":"<p><img loading=\"lazy\" decoding=\"async\" class=\"alignnone size-full wp-image-53\" src=\"https:\/\/lovebiowines.com\/wp-content\/uploads\/2023\/07\/fascia-italia-1-300x20-1.png\" alt=\"Produits Made in Italy\" width=\"300\" height=\"20\"><\/p>\n<h3 class=\"fusion-responsive-typography-calculated\" data-fontsize=\"16\" data-lineheight=\"24px\">Le bl\u00e9 tendre Verna biologique de la ferme Favilla est un produit d&rsquo;excellence particuli\u00e8rement adapt\u00e9 \u00e0 la production de p\u00e2tes fra\u00eeches, de pain et de desserts. Moulue sur pierre, la farine Verna est non raffin\u00e9e (type 2), grossi\u00e8re, riche en fibres et vitamines.<\/h3>\n<p>Pack 1Kg<\/p>\n","protected":false},"featured_media":2599,"template":"","meta":{"_monsterinsights_skip_tracking":false,"_monsterinsights_sitenote_active":false,"_monsterinsights_sitenote_note":"","_monsterinsights_sitenote_category":0,"_uf_show_specific_survey":0,"_uf_disable_surveys":false},"product_brand":[],"product_cat":[116,111],"product_tag":[],"class_list":{"0":"post-8318","1":"product","2":"type-product","3":"status-publish","4":"has-post-thumbnail","6":"product_cat-farine","7":"product_cat-prodotti-da-agricoltura-biologica-e-biodinamica","9":"first","10":"instock","11":"taxable","12":"shipping-taxable","13":"purchasable","14":"product-type-simple"},"aioseo_notices":[],"_links":{"self":[{"href":"https:\/\/lovebiowines.com\/fr\/wp-json\/wp\/v2\/product\/8318","targetHints":{"allow":["GET"]}}],"collection":[{"href":"https:\/\/lovebiowines.com\/fr\/wp-json\/wp\/v2\/product"}],"about":[{"href":"https:\/\/lovebiowines.com\/fr\/wp-json\/wp\/v2\/types\/product"}],"version-history":[{"count":0,"href":"https:\/\/lovebiowines.com\/fr\/wp-json\/wp\/v2\/product\/8318\/revisions"}],"wp:featuredmedia":[{"embeddable":true,"href":"https:\/\/lovebiowines.com\/fr\/wp-json\/wp\/v2\/media\/2599"}],"wp:attachment":[{"href":"https:\/\/lovebiowines.com\/fr\/wp-json\/wp\/v2\/media?parent=8318"}],"wp:term":[{"taxonomy":"product_brand","embeddable":true,"href":"https:\/\/lovebiowines.com\/fr\/wp-json\/wp\/v2\/product_brand?post=8318"},{"taxonomy":"product_cat","embeddable":true,"href":"https:\/\/lovebiowines.com\/fr\/wp-json\/wp\/v2\/product_cat?post=8318"},{"taxonomy":"product_tag","embeddable":true,"href":"https:\/\/lovebiowines.com\/fr\/wp-json\/wp\/v2\/product_tag?post=8318"}],"curies":[{"name":"wp","href":"https:\/\/api.w.org\/{rel}","templated":true}]}}