{"id":8317,"date":"2023-10-16T14:38:09","date_gmt":"2023-10-16T12:38:09","guid":{"rendered":"https:\/\/lovebiowines.com\/product\/farine-de-formenton-jaune-8-rangs-moulue-sur-pierre-az-ag-favilla\/"},"modified":"2023-10-16T14:38:09","modified_gmt":"2023-10-16T12:38:09","slug":"farine-de-formenton-jaune-8-rangs-moulue-sur-pierre-az-ag-favilla","status":"publish","type":"product","link":"https:\/\/lovebiowines.com\/fr\/produit\/farine-de-formenton-jaune-8-rangs-moulue-sur-pierre-az-ag-favilla\/","title":{"rendered":"Farine de Formenton jaune 8 rangs moulue sur pierre &#8211; Az Ag Favilla"},"content":{"rendered":"<h3 class=\"fusion-responsive-typography-calculated\" data-fontsize=\"16\" data-lineheight=\"24px\"><strong>Farine de Formenton jaune 8 rangs moulue sur pierre<\/strong><br \/>\nLe ma\u00efs connu sous le nom de ma\u00efs Formenton 8File est originaire de la Garfagnana dans la province de Lucques et est ainsi d\u00e9fini parce que les rang\u00e9es dans lesquelles les grains sont dispos\u00e9s en \u00e9pi sont exactement au nombre de huit. La mouture du ma\u00efs Formenton 8File de la ferme Favilla Guido, cultiv\u00e9 sur les terres de Picciorana, g\u00e9n\u00e8re deux vari\u00e9t\u00e9s de farine : jaune (d\u00e9rivant du ma\u00efs jaune) et rouge (provenant du ma\u00efs \u00e0 \u00e9pis rouges).<br \/>\nLa farine de ma\u00efs obtenue par broyage sur pierre est id\u00e9ale pour la pr\u00e9paration d&rsquo;une excellente polenta pour accompagner les champignons de saison, le rag\u00f9, les viandes mijot\u00e9es ou les fromages et pour la pr\u00e9paration de types particuliers de pain.<\/p>\n<p><\/h3>\n<h3 class=\"fusion-responsive-typography-calculated\" data-fontsize=\"16\" data-lineheight=\"24px\">\n            <strong>Pack de 500g.<\/strong><br \/>\n          <\/h3>\n","protected":false},"excerpt":{"rendered":"<p><img loading=\"lazy\" decoding=\"async\" class=\"alignnone size-full wp-image-53\" src=\"https:\/\/lovebiowines.com\/wp-content\/uploads\/2023\/07\/fascia-italia-1-300x20-1.png\" alt=\"Produits Made in Italy\" width=\"300\" height=\"20\"><\/p>\n<h3 class=\"fusion-responsive-typography-calculated\" data-fontsize=\"16\" data-lineheight=\"24px\">La farine de ma\u00efs obtenue par broyage sur pierre est id\u00e9ale pour la pr\u00e9paration d&rsquo;une excellente polenta pour accompagner les champignons de saison, le rag\u00f9, les viandes mijot\u00e9es ou les fromages et pour la pr\u00e9paration de types particuliers de pain.<\/p>\n<p><\/h3>\n<p>Pack de 500g<\/p>\n","protected":false},"featured_media":2591,"template":"","meta":{"_monsterinsights_skip_tracking":false,"_monsterinsights_sitenote_active":false,"_monsterinsights_sitenote_note":"","_monsterinsights_sitenote_category":0,"_uf_show_specific_survey":0,"_uf_disable_surveys":false},"product_brand":[],"product_cat":[517,475],"product_tag":[],"class_list":{"0":"post-8317","1":"product","2":"type-product","3":"status-publish","4":"has-post-thumbnail","6":"product_cat-farine-fr","7":"product_cat-produits-issus-de-lagriculture-biologique-et-biodynamique","9":"first","10":"instock","11":"taxable","12":"shipping-taxable","13":"purchasable","14":"product-type-simple"},"aioseo_notices":[],"_links":{"self":[{"href":"https:\/\/lovebiowines.com\/fr\/wp-json\/wp\/v2\/product\/8317","targetHints":{"allow":["GET"]}}],"collection":[{"href":"https:\/\/lovebiowines.com\/fr\/wp-json\/wp\/v2\/product"}],"about":[{"href":"https:\/\/lovebiowines.com\/fr\/wp-json\/wp\/v2\/types\/product"}],"version-history":[{"count":0,"href":"https:\/\/lovebiowines.com\/fr\/wp-json\/wp\/v2\/product\/8317\/revisions"}],"wp:featuredmedia":[{"embeddable":true,"href":"https:\/\/lovebiowines.com\/fr\/wp-json\/wp\/v2\/media\/2591"}],"wp:attachment":[{"href":"https:\/\/lovebiowines.com\/fr\/wp-json\/wp\/v2\/media?parent=8317"}],"wp:term":[{"taxonomy":"product_brand","embeddable":true,"href":"https:\/\/lovebiowines.com\/fr\/wp-json\/wp\/v2\/product_brand?post=8317"},{"taxonomy":"product_cat","embeddable":true,"href":"https:\/\/lovebiowines.com\/fr\/wp-json\/wp\/v2\/product_cat?post=8317"},{"taxonomy":"product_tag","embeddable":true,"href":"https:\/\/lovebiowines.com\/fr\/wp-json\/wp\/v2\/product_tag?post=8317"}],"curies":[{"name":"wp","href":"https:\/\/api.w.org\/{rel}","templated":true}]}}