{"id":8315,"date":"2023-10-16T14:42:48","date_gmt":"2023-10-16T12:42:48","guid":{"rendered":"https:\/\/lovebiowines.com\/product\/farine-de-pois-chiches-moulue-sur-pierre-az-ag-favilla\/"},"modified":"2023-10-16T14:42:48","modified_gmt":"2023-10-16T12:42:48","slug":"farine-de-pois-chiches-moulue-sur-pierre-az-ag-favilla","status":"publish","type":"product","link":"https:\/\/lovebiowines.com\/fr\/produit\/farine-de-pois-chiches-moulue-sur-pierre-az-ag-favilla\/","title":{"rendered":"Farine de pois chiches moulue sur pierre &#8211; Az Ag Favilla"},"content":{"rendered":"<h3 class=\"fusion-responsive-typography-calculated\" data-fontsize=\"16\" data-lineheight=\"24px\"><strong>Farine de pois chiches moulue sur pierre<\/strong><br \/>\nRiche en min\u00e9raux, vitamines et prot\u00e9ines, la farine de pois chiche est une excellente alternative \u00e0 la farine de bl\u00e9, elle peut, en effet, \u00eatre utilis\u00e9e m\u00e9lang\u00e9e \u00e0 la farine de bl\u00e9 dur pour la pr\u00e9paration de p\u00e2tes fra\u00eeches maison ou pour la r\u00e9alisation de gnocchis. Obtenue par broyage de graines de pois chiches s\u00e9ch\u00e9es, cette farine de Lucques est largement utilis\u00e9e pour la pr\u00e9paration de la c\u00e9l\u00e8bre CECINA (sp\u00e9cialit\u00e9 du centre-nord de l&rsquo;Italie), sorte de \u00ab focaccia \u00bb tr\u00e8s fine ou tarte sal\u00e9e appr\u00e9ci\u00e9e dans les pizzerias locales. La pr\u00e9paration de la cecina, appel\u00e9e en Ligurie Farinata, est tr\u00e8s simple, car elle contient peu d&rsquo;ingr\u00e9dients : farine de pois chiches, eau, sel et huile d&rsquo;olive extra vierge. Le m\u00e9lange obtenu de l&rsquo;union de ces ingr\u00e9dients doit \u00eatre cuit au four en le r\u00e9partissant directement sur la plaque du four. La cecina est pr\u00eate lorsque la surface pr\u00e9sente une cro\u00fbte dor\u00e9e qui semble monter. Je recommande de le servir chaud avec une pinc\u00e9e de poivre noir.<\/h3>\n<h3 class=\"fusion-responsive-typography-calculated\" data-fontsize=\"16\" data-lineheight=\"24px\">\n            <strong>Pack de 500g.<\/strong><br \/>\n          <\/h3>\n","protected":false},"excerpt":{"rendered":"<p><img loading=\"lazy\" decoding=\"async\" class=\"alignnone size-full wp-image-53\" src=\"https:\/\/lovebiowines.com\/wp-content\/uploads\/2023\/07\/fascia-italia-1-300x20-1.png\" alt=\"Produits Made in Italy\" width=\"300\" height=\"20\"><\/p>\n<h3 class=\"fusion-responsive-typography-calculated\" data-fontsize=\"16\" data-lineheight=\"24px\">Cette farine de Lucques est largement utilis\u00e9e pour la pr\u00e9paration de la c\u00e9l\u00e8bre CECINA (sp\u00e9cialit\u00e9 du centre-nord de l&rsquo;Italie)<\/h3>\n<p>Pack de 500g<\/p>\n","protected":false},"featured_media":2579,"template":"","meta":{"_monsterinsights_skip_tracking":false,"_monsterinsights_sitenote_active":false,"_monsterinsights_sitenote_note":"","_monsterinsights_sitenote_category":0,"_uf_show_specific_survey":0,"_uf_disable_surveys":false},"product_brand":[],"product_cat":[517,475],"product_tag":[],"class_list":{"0":"post-8315","1":"product","2":"type-product","3":"status-publish","4":"has-post-thumbnail","6":"product_cat-farine-fr","7":"product_cat-produits-issus-de-lagriculture-biologique-et-biodynamique","9":"first","10":"instock","11":"taxable","12":"shipping-taxable","13":"purchasable","14":"product-type-simple"},"aioseo_notices":[],"_links":{"self":[{"href":"https:\/\/lovebiowines.com\/fr\/wp-json\/wp\/v2\/product\/8315","targetHints":{"allow":["GET"]}}],"collection":[{"href":"https:\/\/lovebiowines.com\/fr\/wp-json\/wp\/v2\/product"}],"about":[{"href":"https:\/\/lovebiowines.com\/fr\/wp-json\/wp\/v2\/types\/product"}],"version-history":[{"count":0,"href":"https:\/\/lovebiowines.com\/fr\/wp-json\/wp\/v2\/product\/8315\/revisions"}],"wp:featuredmedia":[{"embeddable":true,"href":"https:\/\/lovebiowines.com\/fr\/wp-json\/wp\/v2\/media\/2579"}],"wp:attachment":[{"href":"https:\/\/lovebiowines.com\/fr\/wp-json\/wp\/v2\/media?parent=8315"}],"wp:term":[{"taxonomy":"product_brand","embeddable":true,"href":"https:\/\/lovebiowines.com\/fr\/wp-json\/wp\/v2\/product_brand?post=8315"},{"taxonomy":"product_cat","embeddable":true,"href":"https:\/\/lovebiowines.com\/fr\/wp-json\/wp\/v2\/product_cat?post=8315"},{"taxonomy":"product_tag","embeddable":true,"href":"https:\/\/lovebiowines.com\/fr\/wp-json\/wp\/v2\/product_tag?post=8315"}],"curies":[{"name":"wp","href":"https:\/\/api.w.org\/{rel}","templated":true}]}}