{"id":8310,"date":"2023-10-16T19:40:34","date_gmt":"2023-10-16T17:40:34","guid":{"rendered":"https:\/\/lovebiowines.com\/product\/cece-piccolo-lucchese-bio-az-ag-favilla\/"},"modified":"2023-10-16T19:40:34","modified_gmt":"2023-10-16T17:40:34","slug":"cece-piccolo-lucchese-bio-az-ag-favilla","status":"publish","type":"product","link":"https:\/\/lovebiowines.com\/fr\/produit\/cece-piccolo-lucchese-bio-az-ag-favilla\/","title":{"rendered":"Cece Piccolo Lucchese BIO &#8211; Az Ag Favilla"},"content":{"rendered":"<h3 class=\"fusion-responsive-typography-calculated\" data-fontsize=\"16\" data-lineheight=\"24px\"><strong>Cece Piccolo Lucchese BIO<\/strong><br \/>\nPetite et tr\u00e8s savoureuse, la Cece Lucchese de mon entreprise est id\u00e9ale pour la pr\u00e9paration de soupes savoureuses, d&rsquo;app\u00e9tissantes soupes velout\u00e9es ou comme d\u00e9licieux accompagnement \u00e0 servir assaisonn\u00e9 d&rsquo;huile d&rsquo;olive extra vierge et d&rsquo;une pinc\u00e9e de poivre. Parmi les l\u00e9gumineuses, le pois chiche est la plus ancienne et la plus riche en acides amin\u00e9s, vitamines et sels min\u00e9raux.<br \/>\n<strong>Paquet de 500gr.<\/strong><\/h3>\n","protected":false},"excerpt":{"rendered":"<p><img loading=\"lazy\" decoding=\"async\" class=\"alignnone size-full wp-image-53\" src=\"https:\/\/lovebiowines.com\/wp-content\/uploads\/2023\/07\/fascia-italia-1-300x20-1.png\" alt=\"Produits Made in Italy\" width=\"300\" height=\"20\"><\/p>\n<h3 class=\"fusion-responsive-typography-calculated\" data-fontsize=\"16\" data-lineheight=\"24px\">Il est id\u00e9al pour la pr\u00e9paration de soupes savoureuses, d&rsquo;app\u00e9tissantes soupes velout\u00e9es ou comme d\u00e9licieux accompagnement \u00e0 servir assaisonn\u00e9 d&rsquo;huile d&rsquo;olive extra vierge et d&rsquo;une pinc\u00e9e de poivre.<\/h3>\n<p>Pack de 500g<\/p>\n","protected":false},"featured_media":2744,"template":"","meta":{"_monsterinsights_skip_tracking":false,"_monsterinsights_sitenote_active":false,"_monsterinsights_sitenote_note":"","_monsterinsights_sitenote_category":0,"_uf_show_specific_survey":0,"_uf_disable_surveys":false},"product_brand":[],"product_cat":[114,111],"product_tag":[],"class_list":{"0":"post-8310","1":"product","2":"type-product","3":"status-publish","4":"has-post-thumbnail","6":"product_cat-legumi","7":"product_cat-prodotti-da-agricoltura-biologica-e-biodinamica","9":"first","10":"instock","11":"taxable","12":"shipping-taxable","13":"purchasable","14":"product-type-simple"},"aioseo_notices":[],"_links":{"self":[{"href":"https:\/\/lovebiowines.com\/fr\/wp-json\/wp\/v2\/product\/8310","targetHints":{"allow":["GET"]}}],"collection":[{"href":"https:\/\/lovebiowines.com\/fr\/wp-json\/wp\/v2\/product"}],"about":[{"href":"https:\/\/lovebiowines.com\/fr\/wp-json\/wp\/v2\/types\/product"}],"version-history":[{"count":0,"href":"https:\/\/lovebiowines.com\/fr\/wp-json\/wp\/v2\/product\/8310\/revisions"}],"wp:featuredmedia":[{"embeddable":true,"href":"https:\/\/lovebiowines.com\/fr\/wp-json\/wp\/v2\/media\/2744"}],"wp:attachment":[{"href":"https:\/\/lovebiowines.com\/fr\/wp-json\/wp\/v2\/media?parent=8310"}],"wp:term":[{"taxonomy":"product_brand","embeddable":true,"href":"https:\/\/lovebiowines.com\/fr\/wp-json\/wp\/v2\/product_brand?post=8310"},{"taxonomy":"product_cat","embeddable":true,"href":"https:\/\/lovebiowines.com\/fr\/wp-json\/wp\/v2\/product_cat?post=8310"},{"taxonomy":"product_tag","embeddable":true,"href":"https:\/\/lovebiowines.com\/fr\/wp-json\/wp\/v2\/product_tag?post=8310"}],"curies":[{"name":"wp","href":"https:\/\/api.w.org\/{rel}","templated":true}]}}