{"id":8309,"date":"2023-10-16T19:40:51","date_gmt":"2023-10-16T17:40:51","guid":{"rendered":"https:\/\/lovebiowines.com\/product\/haricot-malade-bio-az-ag-favilla\/"},"modified":"2023-10-16T19:40:51","modified_gmt":"2023-10-16T17:40:51","slug":"haricot-malade-bio-az-ag-favilla","status":"publish","type":"product","link":"https:\/\/lovebiowines.com\/fr\/produit\/haricot-malade-bio-az-ag-favilla\/","title":{"rendered":"Haricot malade BIO &#8211; Az Ag Favilla"},"content":{"rendered":"<h3 class=\"fusion-responsive-typography-calculated\" data-fontsize=\"16\" data-lineheight=\"24px\"><strong>Haricot malade BIO<\/strong><br \/>\nCultiv\u00e9 au pays de Picciorana (Lu), Malato (malade) tire son nom, en raison de sa couleur jaun\u00e2tre, d&rsquo;un dicton ancien : \u00ab\u00a0quelle couleur laide tu as, tu as l&rsquo;air malade !\u00a0\u00bb.<br \/>\nHaricot adapt\u00e9 \u00e0 tous les usages, gr\u00e2ce \u00e0 sa peau fine, il est tr\u00e8s agr\u00e9able bouilli et assaisonn\u00e9 avec de l&rsquo;huile d&rsquo;olive extra vierge. On recommande de l&rsquo;utiliser comme base pour des bouillons de l\u00e9gumes dans lesquels tout son ar\u00f4me ressort.<br \/>\n<strong>Pack de 350gr.<\/strong><\/h3>\n","protected":false},"excerpt":{"rendered":"<p><img loading=\"lazy\" decoding=\"async\" class=\"alignnone size-full wp-image-53\" src=\"https:\/\/lovebiowines.com\/wp-content\/uploads\/2023\/07\/fascia-italia-1-300x20-1.png\" alt=\"Produits Made in Italy\" width=\"300\" height=\"20\"><\/p>\n<h3 class=\"fusion-responsive-typography-calculated\" data-fontsize=\"16\" data-lineheight=\"24px\">Gr\u00e2ce \u00e0 sa peau fine, il est tr\u00e8s agr\u00e9able bouilli et assaisonn\u00e9 avec de l&rsquo;huile d&rsquo;olive extra vierge. Recommand\u00e9 comme base pour des bouillons de l\u00e9gumes dans lesquels ressortent tout son ar\u00f4me.<\/h3>\n<p>Pack 350g<\/p>\n","protected":false},"featured_media":2752,"template":"","meta":{"_monsterinsights_skip_tracking":false,"_monsterinsights_sitenote_active":false,"_monsterinsights_sitenote_note":"","_monsterinsights_sitenote_category":0,"_uf_show_specific_survey":0,"_uf_disable_surveys":false},"product_brand":[],"product_cat":[114,111],"product_tag":[],"class_list":{"0":"post-8309","1":"product","2":"type-product","3":"status-publish","4":"has-post-thumbnail","6":"product_cat-legumi","7":"product_cat-prodotti-da-agricoltura-biologica-e-biodinamica","9":"first","10":"instock","11":"taxable","12":"shipping-taxable","13":"purchasable","14":"product-type-simple"},"aioseo_notices":[],"_links":{"self":[{"href":"https:\/\/lovebiowines.com\/fr\/wp-json\/wp\/v2\/product\/8309","targetHints":{"allow":["GET"]}}],"collection":[{"href":"https:\/\/lovebiowines.com\/fr\/wp-json\/wp\/v2\/product"}],"about":[{"href":"https:\/\/lovebiowines.com\/fr\/wp-json\/wp\/v2\/types\/product"}],"version-history":[{"count":0,"href":"https:\/\/lovebiowines.com\/fr\/wp-json\/wp\/v2\/product\/8309\/revisions"}],"wp:featuredmedia":[{"embeddable":true,"href":"https:\/\/lovebiowines.com\/fr\/wp-json\/wp\/v2\/media\/2752"}],"wp:attachment":[{"href":"https:\/\/lovebiowines.com\/fr\/wp-json\/wp\/v2\/media?parent=8309"}],"wp:term":[{"taxonomy":"product_brand","embeddable":true,"href":"https:\/\/lovebiowines.com\/fr\/wp-json\/wp\/v2\/product_brand?post=8309"},{"taxonomy":"product_cat","embeddable":true,"href":"https:\/\/lovebiowines.com\/fr\/wp-json\/wp\/v2\/product_cat?post=8309"},{"taxonomy":"product_tag","embeddable":true,"href":"https:\/\/lovebiowines.com\/fr\/wp-json\/wp\/v2\/product_tag?post=8309"}],"curies":[{"name":"wp","href":"https:\/\/api.w.org\/{rel}","templated":true}]}}