{"id":8305,"date":"2024-11-21T14:00:49","date_gmt":"2024-11-21T13:00:49","guid":{"rendered":"https:\/\/lovebiowines.com\/product\/il-quadro-doro-alba-del-corvellaro-vermentino-candia-dei-colli-apuani\/"},"modified":"2024-11-21T14:00:49","modified_gmt":"2024-11-21T13:00:49","slug":"il-quadro-doro-alba-del-corvellaro-vermentino-candia-dei-colli-apuani","status":"publish","type":"product","link":"https:\/\/lovebiowines.com\/fr\/produit\/il-quadro-doro-alba-del-corvellaro-vermentino-candia-dei-colli-apuani\/","title":{"rendered":"IL QUADRO D\u2019ORO \u2013 ALBA del Corvellaro \u2013 Vermentino Candia dei Colli Apuani"},"content":{"rendered":"<h5>Le Vermentino Candia dei Colli Apuani DOC Alba est produit \u00e0 partir de raisins Vermentino cultiv\u00e9s en agriculture biologique.<br \/>\nLes raisins sont trait\u00e9s en cave avec un pressurage doux et le mo\u00fbt obtenu est plac\u00e9 \u00e0 une temp\u00e9rature de 5\u00b0C pendant 24 heures.<br \/>\nUne fois le mo\u00fbt d\u00e9cant\u00e9, la fermentation commence et se poursuit \u00e0 16\u00b0C pendant environ 30 jours, puis le vin est conserv\u00e9 sur Lies pendant environ 5 \u00e0 6 mois.<br \/>\nFermentation et vieillissement en acier inoxydable.<br \/>\nACCORDS METS ET VINS<br \/>\nLes accords vont des entr\u00e9es aux fruits de mer, en passant par les entr\u00e9es comme les spaghettis aux palourdes ou les tagliatelles au beurre et \u00e0 la sauge.<br \/>\nPoissons de mer en g\u00e9n\u00e9ral et fromages l\u00e9g\u00e8rement affin\u00e9s.<\/h5>\n","protected":false},"excerpt":{"rendered":"<p><img loading=\"lazy\" decoding=\"async\" class=\"alignnone size-full wp-image-53\" src=\"https:\/\/lovebiowines.com\/wp-content\/uploads\/2023\/07\/fascia-italia-1-300x20-1.png\" alt=\"Produits Made in Italy\" width=\"300\" height=\"20\"><\/p>\n<h5>Ce Vermentino del Candia est n\u00e9 sur les pentes abruptes des Alpes Apuanes, o\u00f9 le travail manuel est pr\u00e9dominant, avec de nombreuses difficult\u00e9s. D\u2019o\u00f9 le nom de viticulture h\u00e9ro\u00efque.<\/h5>\n<h5>Bouteilles de 0,75 l<\/h5>\n","protected":false},"featured_media":6677,"template":"","meta":{"_monsterinsights_skip_tracking":false,"_monsterinsights_sitenote_active":false,"_monsterinsights_sitenote_note":"","_monsterinsights_sitenote_category":0,"_uf_show_specific_survey":0,"_uf_disable_surveys":false},"product_brand":[],"product_cat":[514,444,500,498,499],"product_tag":[458,443],"class_list":{"0":"post-8305","1":"product","2":"type-product","3":"status-publish","4":"has-post-thumbnail","6":"product_cat-doc-candia-colli-apuani-blanc","7":"product_cat-horeca-fr","8":"product_cat-horeca-blanc","9":"product_cat-vins-blancs","10":"product_cat-zone-de-production-candia-et-collines-apuanes-blancs","11":"product_tag-candia-fr","12":"product_tag-vermentino100-fr","14":"first","15":"instock","16":"taxable","17":"shipping-taxable","18":"purchasable","19":"product-type-simple"},"aioseo_notices":[],"_links":{"self":[{"href":"https:\/\/lovebiowines.com\/fr\/wp-json\/wp\/v2\/product\/8305","targetHints":{"allow":["GET"]}}],"collection":[{"href":"https:\/\/lovebiowines.com\/fr\/wp-json\/wp\/v2\/product"}],"about":[{"href":"https:\/\/lovebiowines.com\/fr\/wp-json\/wp\/v2\/types\/product"}],"version-history":[{"count":0,"href":"https:\/\/lovebiowines.com\/fr\/wp-json\/wp\/v2\/product\/8305\/revisions"}],"wp:featuredmedia":[{"embeddable":true,"href":"https:\/\/lovebiowines.com\/fr\/wp-json\/wp\/v2\/media\/6677"}],"wp:attachment":[{"href":"https:\/\/lovebiowines.com\/fr\/wp-json\/wp\/v2\/media?parent=8305"}],"wp:term":[{"taxonomy":"product_brand","embeddable":true,"href":"https:\/\/lovebiowines.com\/fr\/wp-json\/wp\/v2\/product_brand?post=8305"},{"taxonomy":"product_cat","embeddable":true,"href":"https:\/\/lovebiowines.com\/fr\/wp-json\/wp\/v2\/product_cat?post=8305"},{"taxonomy":"product_tag","embeddable":true,"href":"https:\/\/lovebiowines.com\/fr\/wp-json\/wp\/v2\/product_tag?post=8305"}],"curies":[{"name":"wp","href":"https:\/\/api.w.org\/{rel}","templated":true}]}}